{"id":1374,"date":"2024-08-06T09:19:04","date_gmt":"2024-08-06T07:19:04","guid":{"rendered":"https:\/\/filaplast-3d.si\/?post_type=product&#038;p=1374"},"modified":"2026-04-08T10:32:27","modified_gmt":"2026-04-08T08:32:27","slug":"pla-pluta-2","status":"publish","type":"product","link":"https:\/\/filaplast-3d.si\/de\/product\/pla-pluta-2\/","title":{"rendered":"PLA Cork"},"content":{"rendered":"<p>Kennen Sie Kork nur von Weinflaschenverschl\u00fcssen? Kein Wunder, dass rund 80 % des Korks in diese Branche flie\u00dft. Wir nutzen diesen nat\u00fcrlichen Rohstoff jedoch, um einzigartiges Designmaterial f\u00fcr den 3D-Druck zu schaffen. Unser Filament besteht aus Kork und biologisch abbaubarem PLA-Biokunststoff. Gedruckte Objekte sehen nicht nur aus wie Kork, sondern f\u00fchlen sich auch korkartig an und riechen sogar danach.<\/p>\n<p>Die Dicke des Filaments betr\u00e4gt 1,75 mm (\u00b1 0,05 mm) und ist mit den meisten FDM-3D-Druckern kompatibel.<\/p>\n<p>Empfohlene Einstellungen:<br \/>\nD\u00fcsentemperatur: 180-210\u00b0C<br \/>\nTischtemperatur: 0-60\u00b0C<br \/>\nEmpfohlene D\u00fcsengr\u00f6\u00dfe 0,6 mm oder gr\u00f6\u00dfer<br \/>\nBitte beachten Sie, dass die Temperatur der D\u00fcse und des Tisches je nach Verwendung der verschiedenen 3D-Drucker variieren kann.<\/p>","protected":false},"excerpt":{"rendered":"<p>PLA Cork<\/p>\n<p>Filamentgewicht: 750g oder 1kg<\/p>\n<p>Die Dicke der einzelnen: 1,75 mm<\/p>","protected":false},"featured_media":1375,"comment_status":"open","ping_status":"closed","template":"","meta":[],"product_brand":[],"product_cat":[85,21],"product_tag":[],"class_list":{"0":"post-1374","1":"product","2":"type-product","3":"status-publish","4":"has-post-thumbnail","6":"product_cat-lesni-filamenti","7":"product_cat-pla","9":"first","10":"instock","11":"sale","12":"featured","13":"taxable","14":"shipping-taxable","15":"purchasable","16":"product-type-variable","17":"has-default-attributes"},"yoast_head":"<!-- This site is optimized with the Yoast SEO plugin v26.7 - https:\/\/yoast.com\/wordpress\/plugins\/seo\/ -->\n<title>PLA Pluta - FILAPLAST 3D<\/title>\n<meta name=\"robots\" content=\"index, follow, max-snippet:-1, max-image-preview:large, max-video-preview:-1\" \/>\n<link rel=\"canonical\" href=\"https:\/\/filaplast-3d.si\/de\/product\/pla-pluta-2\/\" \/>\n<meta property=\"og:locale\" content=\"de_DE\" \/>\n<meta property=\"og:type\" content=\"article\" \/>\n<meta property=\"og:title\" content=\"PLA Pluta - FILAPLAST 3D\" \/>\n<meta property=\"og:description\" content=\"PLA Pluta  Te\u017ea filamenta: 750g ali 1kg  Debelina filamenta: 1,75mm\" \/>\n<meta property=\"og:url\" content=\"https:\/\/filaplast-3d.si\/de\/product\/pla-pluta-2\/\" \/>\n<meta property=\"og:site_name\" content=\"FILAPLAST 3D\" \/>\n<meta property=\"article:publisher\" content=\"https:\/\/www.facebook.com\/Filaplast3D\" \/>\n<meta property=\"article:modified_time\" content=\"2026-04-08T08:32:27+00:00\" \/>\n<meta property=\"og:image\" content=\"https:\/\/filaplast-3d.si\/wp-content\/uploads\/2024\/08\/PLA-Pluta.jpg\" \/>\n\t<meta property=\"og:image:width\" content=\"1799\" \/>\n\t<meta property=\"og:image:height\" content=\"2128\" \/>\n\t<meta property=\"og:image:type\" content=\"image\/jpeg\" \/>\n<meta name=\"twitter:card\" content=\"summary_large_image\" \/>\n<meta name=\"twitter:label1\" content=\"Gesch\u00e4tzte Lesezeit\" \/>\n\t<meta name=\"twitter:data1\" content=\"1\u00a0Minute\" \/>\n<script type=\"application\/ld+json\" class=\"yoast-schema-graph\">{\"@context\":\"https:\/\/schema.org\",\"@graph\":[{\"@type\":\"WebPage\",\"@id\":\"https:\/\/filaplast-3d.si\/product\/pla-pluta-2\/\",\"url\":\"https:\/\/filaplast-3d.si\/product\/pla-pluta-2\/\",\"name\":\"PLA Pluta - FILAPLAST 3D\",\"isPartOf\":{\"@id\":\"https:\/\/filaplast-3d.si\/#website\"},\"primaryImageOfPage\":{\"@id\":\"https:\/\/filaplast-3d.si\/product\/pla-pluta-2\/#primaryimage\"},\"image\":{\"@id\":\"https:\/\/filaplast-3d.si\/product\/pla-pluta-2\/#primaryimage\"},\"thumbnailUrl\":\"https:\/\/filaplast-3d.si\/wp-content\/uploads\/2024\/08\/PLA-Pluta.jpg\",\"datePublished\":\"2024-08-06T07:19:04+00:00\",\"dateModified\":\"2026-04-08T08:32:27+00:00\",\"breadcrumb\":{\"@id\":\"https:\/\/filaplast-3d.si\/product\/pla-pluta-2\/#breadcrumb\"},\"inLanguage\":\"de\",\"potentialAction\":[{\"@type\":\"ReadAction\",\"target\":[\"https:\/\/filaplast-3d.si\/product\/pla-pluta-2\/\"]}]},{\"@type\":\"ImageObject\",\"inLanguage\":\"de\",\"@id\":\"https:\/\/filaplast-3d.si\/product\/pla-pluta-2\/#primaryimage\",\"url\":\"https:\/\/filaplast-3d.si\/wp-content\/uploads\/2024\/08\/PLA-Pluta.jpg\",\"contentUrl\":\"https:\/\/filaplast-3d.si\/wp-content\/uploads\/2024\/08\/PLA-Pluta.jpg\",\"width\":1799,\"height\":2128},{\"@type\":\"BreadcrumbList\",\"@id\":\"https:\/\/filaplast-3d.si\/product\/pla-pluta-2\/#breadcrumb\",\"itemListElement\":[{\"@type\":\"ListItem\",\"position\":1,\"name\":\"Home\",\"item\":\"https:\/\/filaplast-3d.si\/\"},{\"@type\":\"ListItem\",\"position\":2,\"name\":\"Trgovina\",\"item\":\"https:\/\/filaplast-3d.si\/shop\/\"},{\"@type\":\"ListItem\",\"position\":3,\"name\":\"PLA Pluta\"}]},{\"@type\":\"WebSite\",\"@id\":\"https:\/\/filaplast-3d.si\/#website\",\"url\":\"https:\/\/filaplast-3d.si\/\",\"name\":\"Filaplast 3D\",\"description\":\"Filament za 3D tiskanje\",\"publisher\":{\"@id\":\"https:\/\/filaplast-3d.si\/#organization\"},\"potentialAction\":[{\"@type\":\"SearchAction\",\"target\":{\"@type\":\"EntryPoint\",\"urlTemplate\":\"https:\/\/filaplast-3d.si\/?s={search_term_string}\"},\"query-input\":{\"@type\":\"PropertyValueSpecification\",\"valueRequired\":true,\"valueName\":\"search_term_string\"}}],\"inLanguage\":\"de\"},{\"@type\":\"Organization\",\"@id\":\"https:\/\/filaplast-3d.si\/#organization\",\"name\":\"Filaplast 3D\",\"url\":\"https:\/\/filaplast-3d.si\/\",\"logo\":{\"@type\":\"ImageObject\",\"inLanguage\":\"de\",\"@id\":\"https:\/\/filaplast-3d.si\/#\/schema\/logo\/image\/\",\"url\":\"https:\/\/filaplast-3d.si\/wp-content\/uploads\/2022\/01\/FILAPLAST_Logo_horizontal_red_1.png\",\"contentUrl\":\"https:\/\/filaplast-3d.si\/wp-content\/uploads\/2022\/01\/FILAPLAST_Logo_horizontal_red_1.png\",\"width\":2000,\"height\":243,\"caption\":\"Filaplast 3D\"},\"image\":{\"@id\":\"https:\/\/filaplast-3d.si\/#\/schema\/logo\/image\/\"},\"sameAs\":[\"https:\/\/www.facebook.com\/Filaplast3D\",\"https:\/\/www.instagram.com\/filaplast3d\/\"]}]}<\/script>\n<!-- \/ Yoast SEO plugin. -->","yoast_head_json":{"title":"PLA Pluta - FILAPLAST 3D","robots":{"index":"index","follow":"follow","max-snippet":"max-snippet:-1","max-image-preview":"max-image-preview:large","max-video-preview":"max-video-preview:-1"},"canonical":"https:\/\/filaplast-3d.si\/de\/product\/pla-pluta-2\/","og_locale":"de_DE","og_type":"article","og_title":"PLA Pluta - FILAPLAST 3D","og_description":"PLA Pluta  Te\u017ea filamenta: 750g ali 1kg  Debelina filamenta: 1,75mm","og_url":"https:\/\/filaplast-3d.si\/de\/product\/pla-pluta-2\/","og_site_name":"FILAPLAST 3D","article_publisher":"https:\/\/www.facebook.com\/Filaplast3D","article_modified_time":"2026-04-08T08:32:27+00:00","og_image":[{"width":1799,"height":2128,"url":"https:\/\/filaplast-3d.si\/wp-content\/uploads\/2024\/08\/PLA-Pluta.jpg","type":"image\/jpeg"}],"twitter_card":"summary_large_image","twitter_misc":{"Gesch\u00e4tzte Lesezeit":"1\u00a0Minute"},"schema":{"@context":"https:\/\/schema.org","@graph":[{"@type":"WebPage","@id":"https:\/\/filaplast-3d.si\/product\/pla-pluta-2\/","url":"https:\/\/filaplast-3d.si\/product\/pla-pluta-2\/","name":"PLA Pluta - FILAPLAST 3D","isPartOf":{"@id":"https:\/\/filaplast-3d.si\/#website"},"primaryImageOfPage":{"@id":"https:\/\/filaplast-3d.si\/product\/pla-pluta-2\/#primaryimage"},"image":{"@id":"https:\/\/filaplast-3d.si\/product\/pla-pluta-2\/#primaryimage"},"thumbnailUrl":"https:\/\/filaplast-3d.si\/wp-content\/uploads\/2024\/08\/PLA-Pluta.jpg","datePublished":"2024-08-06T07:19:04+00:00","dateModified":"2026-04-08T08:32:27+00:00","breadcrumb":{"@id":"https:\/\/filaplast-3d.si\/product\/pla-pluta-2\/#breadcrumb"},"inLanguage":"de","potentialAction":[{"@type":"ReadAction","target":["https:\/\/filaplast-3d.si\/product\/pla-pluta-2\/"]}]},{"@type":"ImageObject","inLanguage":"de","@id":"https:\/\/filaplast-3d.si\/product\/pla-pluta-2\/#primaryimage","url":"https:\/\/filaplast-3d.si\/wp-content\/uploads\/2024\/08\/PLA-Pluta.jpg","contentUrl":"https:\/\/filaplast-3d.si\/wp-content\/uploads\/2024\/08\/PLA-Pluta.jpg","width":1799,"height":2128},{"@type":"BreadcrumbList","@id":"https:\/\/filaplast-3d.si\/product\/pla-pluta-2\/#breadcrumb","itemListElement":[{"@type":"ListItem","position":1,"name":"Home","item":"https:\/\/filaplast-3d.si\/"},{"@type":"ListItem","position":2,"name":"Trgovina","item":"https:\/\/filaplast-3d.si\/shop\/"},{"@type":"ListItem","position":3,"name":"PLA Pluta"}]},{"@type":"WebSite","@id":"https:\/\/filaplast-3d.si\/#website","url":"https:\/\/filaplast-3d.si\/","name":"Filaplast 3D","description":"Filament f\u00fcr den 3D-Druck","publisher":{"@id":"https:\/\/filaplast-3d.si\/#organization"},"potentialAction":[{"@type":"SearchAction","target":{"@type":"EntryPoint","urlTemplate":"https:\/\/filaplast-3d.si\/?s={search_term_string}"},"query-input":{"@type":"PropertyValueSpecification","valueRequired":true,"valueName":"search_term_string"}}],"inLanguage":"de"},{"@type":"Organization","@id":"https:\/\/filaplast-3d.si\/#organization","name":"Filaplast 3D","url":"https:\/\/filaplast-3d.si\/","logo":{"@type":"ImageObject","inLanguage":"de","@id":"https:\/\/filaplast-3d.si\/#\/schema\/logo\/image\/","url":"https:\/\/filaplast-3d.si\/wp-content\/uploads\/2022\/01\/FILAPLAST_Logo_horizontal_red_1.png","contentUrl":"https:\/\/filaplast-3d.si\/wp-content\/uploads\/2022\/01\/FILAPLAST_Logo_horizontal_red_1.png","width":2000,"height":243,"caption":"Filaplast 3D"},"image":{"@id":"https:\/\/filaplast-3d.si\/#\/schema\/logo\/image\/"},"sameAs":["https:\/\/www.facebook.com\/Filaplast3D","https:\/\/www.instagram.com\/filaplast3d\/"]}]}},"_links":{"self":[{"href":"https:\/\/filaplast-3d.si\/de\/wp-json\/wp\/v2\/product\/1374","targetHints":{"allow":["GET"]}}],"collection":[{"href":"https:\/\/filaplast-3d.si\/de\/wp-json\/wp\/v2\/product"}],"about":[{"href":"https:\/\/filaplast-3d.si\/de\/wp-json\/wp\/v2\/types\/product"}],"replies":[{"embeddable":true,"href":"https:\/\/filaplast-3d.si\/de\/wp-json\/wp\/v2\/comments?post=1374"}],"wp:featuredmedia":[{"embeddable":true,"href":"https:\/\/filaplast-3d.si\/de\/wp-json\/wp\/v2\/media\/1375"}],"wp:attachment":[{"href":"https:\/\/filaplast-3d.si\/de\/wp-json\/wp\/v2\/media?parent=1374"}],"wp:term":[{"taxonomy":"product_brand","embeddable":true,"href":"https:\/\/filaplast-3d.si\/de\/wp-json\/wp\/v2\/product_brand?post=1374"},{"taxonomy":"product_cat","embeddable":true,"href":"https:\/\/filaplast-3d.si\/de\/wp-json\/wp\/v2\/product_cat?post=1374"},{"taxonomy":"product_tag","embeddable":true,"href":"https:\/\/filaplast-3d.si\/de\/wp-json\/wp\/v2\/product_tag?post=1374"}],"curies":[{"name":"wp","href":"https:\/\/api.w.org\/{rel}","templated":true}]}}