{"id":356,"date":"2022-05-31T01:24:53","date_gmt":"2022-05-30T23:24:53","guid":{"rendered":"https:\/\/filaplast-3d.si\/?post_type=product&#038;p=356"},"modified":"2026-04-08T10:32:22","modified_gmt":"2026-04-08T08:32:22","slug":"pla-bambus","status":"publish","type":"product","link":"https:\/\/filaplast-3d.si\/de\/product\/pla-bambus\/","title":{"rendered":"PLA Boo"},"content":{"rendered":"<p>Die zugesetzten Bambusfasern verleihen den aus diesem biologisch abbaubaren Biokunststoff hergestellten Bauteilen das Aussehen von nat\u00fcrlichem Holz. Das Filament leuchtet in einer sehr nat\u00fcrlichen, lebendigen Farbe, ist leicht zu drucken und hat eine hohe Stabilit\u00e4t. W\u00e4hrend des Druckvorgangs haftet das Bambusfilament gut zwischen den Schichten. Ein weiterer Vorteil des Bambusfilaments ist der Geruch, es riecht beim Drucken angenehm nach Popcorn!<\/p>\n<p>Die Dicke des Filaments betr\u00e4gt 1,75 mm (\u00b1 0,05 mm) und ist mit den meisten FDM-3D-Druckern kompatibel.<\/p>\n<p>Empfohlene Einstellungen:<br \/>\nD\u00fcsentemperatur: 180-210\u00b0C<br \/>\nTischtemperatur: 0-60\u00b0C<br \/>\nEmpfohlene D\u00fcsengr\u00f6\u00dfe 0,6 mm oder gr\u00f6\u00dfer<br \/>\nBitte beachten Sie, dass die Temperatur der D\u00fcse und des Tisches je nach Verwendung der verschiedenen 3D-Drucker variieren kann.<\/p>","protected":false},"excerpt":{"rendered":"<p>PLA Boo<\/p>\n<p>Gewicht des Filaments: 750g<\/p>\n<p>Die Dicke der einzelnen: 1,75 mm<\/p>","protected":false},"featured_media":385,"comment_status":"open","ping_status":"closed","template":"","meta":[],"product_brand":[],"product_cat":[85,21],"product_tag":[],"class_list":{"0":"post-356","1":"product","2":"type-product","3":"status-publish","4":"has-post-thumbnail","6":"product_cat-lesni-filamenti","7":"product_cat-pla","9":"first","10":"instock","11":"sale","12":"featured","13":"taxable","14":"shipping-taxable","15":"purchasable","16":"product-type-simple"},"yoast_head":"<!-- This site is optimized with the Yoast SEO plugin v26.7 - https:\/\/yoast.com\/wordpress\/plugins\/seo\/ -->\n<title>PLA Bambus - FILAPLAST 3D<\/title>\n<meta name=\"robots\" content=\"index, follow, max-snippet:-1, max-image-preview:large, max-video-preview:-1\" \/>\n<link rel=\"canonical\" href=\"https:\/\/filaplast-3d.si\/de\/product\/pla-bambus\/\" \/>\n<meta property=\"og:locale\" content=\"de_DE\" \/>\n<meta property=\"og:type\" content=\"article\" \/>\n<meta property=\"og:title\" content=\"PLA Bambus - FILAPLAST 3D\" \/>\n<meta property=\"og:description\" content=\"PLA Bambus  Te\u017ea filamenta: 750g  Debelina filamenta: 1,75mm\" \/>\n<meta property=\"og:url\" content=\"https:\/\/filaplast-3d.si\/de\/product\/pla-bambus\/\" \/>\n<meta property=\"og:site_name\" content=\"FILAPLAST 3D\" \/>\n<meta property=\"article:publisher\" content=\"https:\/\/www.facebook.com\/Filaplast3D\" \/>\n<meta property=\"article:modified_time\" content=\"2026-04-08T08:32:22+00:00\" \/>\n<meta property=\"og:image\" content=\"https:\/\/filaplast-3d.si\/wp-content\/uploads\/2022\/06\/kolut_wood-scaled.jpg\" \/>\n\t<meta property=\"og:image:width\" content=\"2560\" \/>\n\t<meta property=\"og:image:height\" content=\"1683\" \/>\n\t<meta property=\"og:image:type\" content=\"image\/jpeg\" \/>\n<meta name=\"twitter:card\" content=\"summary_large_image\" \/>\n<meta name=\"twitter:label1\" content=\"Gesch\u00e4tzte Lesezeit\" \/>\n\t<meta name=\"twitter:data1\" content=\"1\u00a0Minute\" \/>\n<script type=\"application\/ld+json\" class=\"yoast-schema-graph\">{\"@context\":\"https:\/\/schema.org\",\"@graph\":[{\"@type\":\"WebPage\",\"@id\":\"https:\/\/filaplast-3d.si\/sl\/product\/pla-bambus\/\",\"url\":\"https:\/\/filaplast-3d.si\/sl\/product\/pla-bambus\/\",\"name\":\"PLA Bambus - FILAPLAST 3D\",\"isPartOf\":{\"@id\":\"https:\/\/filaplast-3d.si\/#website\"},\"primaryImageOfPage\":{\"@id\":\"https:\/\/filaplast-3d.si\/sl\/product\/pla-bambus\/#primaryimage\"},\"image\":{\"@id\":\"https:\/\/filaplast-3d.si\/sl\/product\/pla-bambus\/#primaryimage\"},\"thumbnailUrl\":\"https:\/\/filaplast-3d.si\/wp-content\/uploads\/2022\/06\/kolut_wood-scaled.jpg\",\"datePublished\":\"2022-05-30T23:24:53+00:00\",\"dateModified\":\"2026-04-08T08:32:22+00:00\",\"breadcrumb\":{\"@id\":\"https:\/\/filaplast-3d.si\/sl\/product\/pla-bambus\/#breadcrumb\"},\"inLanguage\":\"de\",\"potentialAction\":[{\"@type\":\"ReadAction\",\"target\":[\"https:\/\/filaplast-3d.si\/sl\/product\/pla-bambus\/\"]}]},{\"@type\":\"ImageObject\",\"inLanguage\":\"de\",\"@id\":\"https:\/\/filaplast-3d.si\/sl\/product\/pla-bambus\/#primaryimage\",\"url\":\"https:\/\/filaplast-3d.si\/wp-content\/uploads\/2022\/06\/kolut_wood-scaled.jpg\",\"contentUrl\":\"https:\/\/filaplast-3d.si\/wp-content\/uploads\/2022\/06\/kolut_wood-scaled.jpg\",\"width\":2560,\"height\":1683},{\"@type\":\"BreadcrumbList\",\"@id\":\"https:\/\/filaplast-3d.si\/sl\/product\/pla-bambus\/#breadcrumb\",\"itemListElement\":[{\"@type\":\"ListItem\",\"position\":1,\"name\":\"Home\",\"item\":\"https:\/\/filaplast-3d.si\/\"},{\"@type\":\"ListItem\",\"position\":2,\"name\":\"Trgovina\",\"item\":\"https:\/\/filaplast-3d.si\/shop\/\"},{\"@type\":\"ListItem\",\"position\":3,\"name\":\"PLA Bambus\"}]},{\"@type\":\"WebSite\",\"@id\":\"https:\/\/filaplast-3d.si\/#website\",\"url\":\"https:\/\/filaplast-3d.si\/\",\"name\":\"Filaplast 3D\",\"description\":\"Filament za 3D tiskanje\",\"publisher\":{\"@id\":\"https:\/\/filaplast-3d.si\/#organization\"},\"potentialAction\":[{\"@type\":\"SearchAction\",\"target\":{\"@type\":\"EntryPoint\",\"urlTemplate\":\"https:\/\/filaplast-3d.si\/?s={search_term_string}\"},\"query-input\":{\"@type\":\"PropertyValueSpecification\",\"valueRequired\":true,\"valueName\":\"search_term_string\"}}],\"inLanguage\":\"de\"},{\"@type\":\"Organization\",\"@id\":\"https:\/\/filaplast-3d.si\/#organization\",\"name\":\"Filaplast 3D\",\"url\":\"https:\/\/filaplast-3d.si\/\",\"logo\":{\"@type\":\"ImageObject\",\"inLanguage\":\"de\",\"@id\":\"https:\/\/filaplast-3d.si\/#\/schema\/logo\/image\/\",\"url\":\"https:\/\/filaplast-3d.si\/wp-content\/uploads\/2022\/01\/FILAPLAST_Logo_horizontal_red_1.png\",\"contentUrl\":\"https:\/\/filaplast-3d.si\/wp-content\/uploads\/2022\/01\/FILAPLAST_Logo_horizontal_red_1.png\",\"width\":2000,\"height\":243,\"caption\":\"Filaplast 3D\"},\"image\":{\"@id\":\"https:\/\/filaplast-3d.si\/#\/schema\/logo\/image\/\"},\"sameAs\":[\"https:\/\/www.facebook.com\/Filaplast3D\",\"https:\/\/www.instagram.com\/filaplast3d\/\"]}]}<\/script>\n<!-- \/ Yoast SEO plugin. -->","yoast_head_json":{"title":"PLA Bambus - FILAPLAST 3D","robots":{"index":"index","follow":"follow","max-snippet":"max-snippet:-1","max-image-preview":"max-image-preview:large","max-video-preview":"max-video-preview:-1"},"canonical":"https:\/\/filaplast-3d.si\/de\/product\/pla-bambus\/","og_locale":"de_DE","og_type":"article","og_title":"PLA Bambus - FILAPLAST 3D","og_description":"PLA Bambus  Te\u017ea filamenta: 750g  Debelina filamenta: 1,75mm","og_url":"https:\/\/filaplast-3d.si\/de\/product\/pla-bambus\/","og_site_name":"FILAPLAST 3D","article_publisher":"https:\/\/www.facebook.com\/Filaplast3D","article_modified_time":"2026-04-08T08:32:22+00:00","og_image":[{"width":2560,"height":1683,"url":"https:\/\/filaplast-3d.si\/wp-content\/uploads\/2022\/06\/kolut_wood-scaled.jpg","type":"image\/jpeg"}],"twitter_card":"summary_large_image","twitter_misc":{"Gesch\u00e4tzte Lesezeit":"1\u00a0Minute"},"schema":{"@context":"https:\/\/schema.org","@graph":[{"@type":"WebPage","@id":"https:\/\/filaplast-3d.si\/sl\/product\/pla-bambus\/","url":"https:\/\/filaplast-3d.si\/sl\/product\/pla-bambus\/","name":"PLA Bambus - FILAPLAST 3D","isPartOf":{"@id":"https:\/\/filaplast-3d.si\/#website"},"primaryImageOfPage":{"@id":"https:\/\/filaplast-3d.si\/sl\/product\/pla-bambus\/#primaryimage"},"image":{"@id":"https:\/\/filaplast-3d.si\/sl\/product\/pla-bambus\/#primaryimage"},"thumbnailUrl":"https:\/\/filaplast-3d.si\/wp-content\/uploads\/2022\/06\/kolut_wood-scaled.jpg","datePublished":"2022-05-30T23:24:53+00:00","dateModified":"2026-04-08T08:32:22+00:00","breadcrumb":{"@id":"https:\/\/filaplast-3d.si\/sl\/product\/pla-bambus\/#breadcrumb"},"inLanguage":"de","potentialAction":[{"@type":"ReadAction","target":["https:\/\/filaplast-3d.si\/sl\/product\/pla-bambus\/"]}]},{"@type":"ImageObject","inLanguage":"de","@id":"https:\/\/filaplast-3d.si\/sl\/product\/pla-bambus\/#primaryimage","url":"https:\/\/filaplast-3d.si\/wp-content\/uploads\/2022\/06\/kolut_wood-scaled.jpg","contentUrl":"https:\/\/filaplast-3d.si\/wp-content\/uploads\/2022\/06\/kolut_wood-scaled.jpg","width":2560,"height":1683},{"@type":"BreadcrumbList","@id":"https:\/\/filaplast-3d.si\/sl\/product\/pla-bambus\/#breadcrumb","itemListElement":[{"@type":"ListItem","position":1,"name":"Home","item":"https:\/\/filaplast-3d.si\/"},{"@type":"ListItem","position":2,"name":"Trgovina","item":"https:\/\/filaplast-3d.si\/shop\/"},{"@type":"ListItem","position":3,"name":"PLA Bambus"}]},{"@type":"WebSite","@id":"https:\/\/filaplast-3d.si\/#website","url":"https:\/\/filaplast-3d.si\/","name":"Filaplast 3D","description":"Filament f\u00fcr den 3D-Druck","publisher":{"@id":"https:\/\/filaplast-3d.si\/#organization"},"potentialAction":[{"@type":"SearchAction","target":{"@type":"EntryPoint","urlTemplate":"https:\/\/filaplast-3d.si\/?s={search_term_string}"},"query-input":{"@type":"PropertyValueSpecification","valueRequired":true,"valueName":"search_term_string"}}],"inLanguage":"de"},{"@type":"Organization","@id":"https:\/\/filaplast-3d.si\/#organization","name":"Filaplast 3D","url":"https:\/\/filaplast-3d.si\/","logo":{"@type":"ImageObject","inLanguage":"de","@id":"https:\/\/filaplast-3d.si\/#\/schema\/logo\/image\/","url":"https:\/\/filaplast-3d.si\/wp-content\/uploads\/2022\/01\/FILAPLAST_Logo_horizontal_red_1.png","contentUrl":"https:\/\/filaplast-3d.si\/wp-content\/uploads\/2022\/01\/FILAPLAST_Logo_horizontal_red_1.png","width":2000,"height":243,"caption":"Filaplast 3D"},"image":{"@id":"https:\/\/filaplast-3d.si\/#\/schema\/logo\/image\/"},"sameAs":["https:\/\/www.facebook.com\/Filaplast3D","https:\/\/www.instagram.com\/filaplast3d\/"]}]}},"_links":{"self":[{"href":"https:\/\/filaplast-3d.si\/de\/wp-json\/wp\/v2\/product\/356","targetHints":{"allow":["GET"]}}],"collection":[{"href":"https:\/\/filaplast-3d.si\/de\/wp-json\/wp\/v2\/product"}],"about":[{"href":"https:\/\/filaplast-3d.si\/de\/wp-json\/wp\/v2\/types\/product"}],"replies":[{"embeddable":true,"href":"https:\/\/filaplast-3d.si\/de\/wp-json\/wp\/v2\/comments?post=356"}],"wp:featuredmedia":[{"embeddable":true,"href":"https:\/\/filaplast-3d.si\/de\/wp-json\/wp\/v2\/media\/385"}],"wp:attachment":[{"href":"https:\/\/filaplast-3d.si\/de\/wp-json\/wp\/v2\/media?parent=356"}],"wp:term":[{"taxonomy":"product_brand","embeddable":true,"href":"https:\/\/filaplast-3d.si\/de\/wp-json\/wp\/v2\/product_brand?post=356"},{"taxonomy":"product_cat","embeddable":true,"href":"https:\/\/filaplast-3d.si\/de\/wp-json\/wp\/v2\/product_cat?post=356"},{"taxonomy":"product_tag","embeddable":true,"href":"https:\/\/filaplast-3d.si\/de\/wp-json\/wp\/v2\/product_tag?post=356"}],"curies":[{"name":"wp","href":"https:\/\/api.w.org\/{rel}","templated":true}]}}