{"id":621,"date":"2022-10-11T21:35:49","date_gmt":"2022-10-11T19:35:49","guid":{"rendered":"https:\/\/filaplast-3d.si\/?post_type=product&#038;p=621"},"modified":"2026-04-09T14:16:25","modified_gmt":"2026-04-09T12:16:25","slug":"pla-rumena","status":"publish","type":"product","link":"https:\/\/filaplast-3d.si\/de\/product\/pla-rumena\/","title":{"rendered":"PLA Gelb"},"content":{"rendered":"<p>PLA-Filamente (Polymilchs\u00e4ure) werden am h\u00e4ufigsten verwendet, da sie sich leicht drucken lassen und sich beim Drucken nicht so stark w\u00f6lben und schrumpfen wie Filamente aus anderen Materialien. PLA hat au\u00dferdem den Vorteil, dass es umweltfreundlicher ist als andere Filamente, da es aus Biomaterialien hergestellt wird und biologisch abbaubar ist.<\/p>\n<p>Die Dicke des Filaments betr\u00e4gt 1,75 mm (\u00b1 0,05 mm) und ist mit den meisten FDM-3D-Druckern kompatibel.<\/p>\n<p>Empfohlene Einstellungen:<br \/>\nD\u00fcsentemperatur: 190-230\u00b0C<br \/>\nTischtemperatur: 0-60\u00b0C<br \/>\nBeachten Sie jedoch, dass die Temperatur der D\u00fcse, und die Tabelle variieren auf der Grundlage der Anwendung, die eine Vielzahl von 3D-Druckern.<\/p>","protected":false},"excerpt":{"rendered":"<p>PLA Gelb<\/p>\n<p>Gewicht des Filaments: 1000g<\/p>\n<p>Die Dicke der einzelnen: 1,75 mm<\/p>","protected":false},"featured_media":628,"comment_status":"open","ping_status":"closed","template":"","meta":[],"product_brand":[],"product_cat":[21,94],"product_tag":[],"class_list":{"0":"post-621","1":"product","2":"type-product","3":"status-publish","4":"has-post-thumbnail","6":"product_cat-pla","7":"product_cat-pla-klasik","9":"first","10":"instock","11":"sale","12":"taxable","13":"shipping-taxable","14":"purchasable","15":"product-type-simple"},"yoast_head":"<!-- This site is optimized with the Yoast SEO plugin v26.7 - https:\/\/yoast.com\/wordpress\/plugins\/seo\/ -->\n<title>PLA Rumena - FILAPLAST 3D<\/title>\n<meta name=\"description\" content=\"FILAPLAST 3D PLA Rumena -\" \/>\n<meta name=\"robots\" content=\"index, follow, max-snippet:-1, max-image-preview:large, max-video-preview:-1\" \/>\n<link rel=\"canonical\" href=\"https:\/\/filaplast-3d.si\/de\/product\/pla-rumena\/\" \/>\n<meta property=\"og:locale\" content=\"de_DE\" \/>\n<meta property=\"og:type\" content=\"article\" \/>\n<meta property=\"og:title\" content=\"PLA Rumena - FILAPLAST 3D\" \/>\n<meta property=\"og:description\" content=\"FILAPLAST 3D PLA Rumena -\" \/>\n<meta property=\"og:url\" content=\"https:\/\/filaplast-3d.si\/de\/product\/pla-rumena\/\" \/>\n<meta property=\"og:site_name\" content=\"FILAPLAST 3D\" \/>\n<meta property=\"article:publisher\" content=\"https:\/\/www.facebook.com\/Filaplast3D\" \/>\n<meta property=\"article:modified_time\" content=\"2026-04-09T12:16:25+00:00\" \/>\n<meta property=\"og:image\" content=\"https:\/\/filaplast-3d.si\/wp-content\/uploads\/2022\/10\/PLA-rumena.jpg\" \/>\n\t<meta property=\"og:image:width\" content=\"1800\" \/>\n\t<meta property=\"og:image:height\" content=\"2230\" \/>\n\t<meta property=\"og:image:type\" content=\"image\/jpeg\" \/>\n<meta name=\"twitter:card\" content=\"summary_large_image\" \/>\n<meta name=\"twitter:label1\" content=\"Gesch\u00e4tzte Lesezeit\" \/>\n\t<meta name=\"twitter:data1\" content=\"1\u00a0Minute\" \/>\n<script type=\"application\/ld+json\" class=\"yoast-schema-graph\">{\"@context\":\"https:\/\/schema.org\",\"@graph\":[{\"@type\":\"WebPage\",\"@id\":\"https:\/\/filaplast-3d.si\/product\/pla-rumena\/\",\"url\":\"https:\/\/filaplast-3d.si\/product\/pla-rumena\/\",\"name\":\"PLA Rumena - FILAPLAST 3D\",\"isPartOf\":{\"@id\":\"https:\/\/filaplast-3d.si\/#website\"},\"primaryImageOfPage\":{\"@id\":\"https:\/\/filaplast-3d.si\/product\/pla-rumena\/#primaryimage\"},\"image\":{\"@id\":\"https:\/\/filaplast-3d.si\/product\/pla-rumena\/#primaryimage\"},\"thumbnailUrl\":\"https:\/\/filaplast-3d.si\/wp-content\/uploads\/2022\/10\/PLA-rumena.jpg\",\"datePublished\":\"2022-10-11T19:35:49+00:00\",\"dateModified\":\"2026-04-09T12:16:25+00:00\",\"description\":\"FILAPLAST 3D PLA Rumena -\",\"breadcrumb\":{\"@id\":\"https:\/\/filaplast-3d.si\/product\/pla-rumena\/#breadcrumb\"},\"inLanguage\":\"de\",\"potentialAction\":[{\"@type\":\"ReadAction\",\"target\":[\"https:\/\/filaplast-3d.si\/product\/pla-rumena\/\"]}]},{\"@type\":\"ImageObject\",\"inLanguage\":\"de\",\"@id\":\"https:\/\/filaplast-3d.si\/product\/pla-rumena\/#primaryimage\",\"url\":\"https:\/\/filaplast-3d.si\/wp-content\/uploads\/2022\/10\/PLA-rumena.jpg\",\"contentUrl\":\"https:\/\/filaplast-3d.si\/wp-content\/uploads\/2022\/10\/PLA-rumena.jpg\",\"width\":1800,\"height\":2230},{\"@type\":\"BreadcrumbList\",\"@id\":\"https:\/\/filaplast-3d.si\/product\/pla-rumena\/#breadcrumb\",\"itemListElement\":[{\"@type\":\"ListItem\",\"position\":1,\"name\":\"Home\",\"item\":\"https:\/\/filaplast-3d.si\/\"},{\"@type\":\"ListItem\",\"position\":2,\"name\":\"Trgovina\",\"item\":\"https:\/\/filaplast-3d.si\/shop\/\"},{\"@type\":\"ListItem\",\"position\":3,\"name\":\"PLA Rumena\"}]},{\"@type\":\"WebSite\",\"@id\":\"https:\/\/filaplast-3d.si\/#website\",\"url\":\"https:\/\/filaplast-3d.si\/\",\"name\":\"Filaplast 3D\",\"description\":\"Filament za 3D tiskanje\",\"publisher\":{\"@id\":\"https:\/\/filaplast-3d.si\/#organization\"},\"potentialAction\":[{\"@type\":\"SearchAction\",\"target\":{\"@type\":\"EntryPoint\",\"urlTemplate\":\"https:\/\/filaplast-3d.si\/?s={search_term_string}\"},\"query-input\":{\"@type\":\"PropertyValueSpecification\",\"valueRequired\":true,\"valueName\":\"search_term_string\"}}],\"inLanguage\":\"de\"},{\"@type\":\"Organization\",\"@id\":\"https:\/\/filaplast-3d.si\/#organization\",\"name\":\"Filaplast 3D\",\"url\":\"https:\/\/filaplast-3d.si\/\",\"logo\":{\"@type\":\"ImageObject\",\"inLanguage\":\"de\",\"@id\":\"https:\/\/filaplast-3d.si\/#\/schema\/logo\/image\/\",\"url\":\"https:\/\/filaplast-3d.si\/wp-content\/uploads\/2022\/01\/FILAPLAST_Logo_horizontal_red_1.png\",\"contentUrl\":\"https:\/\/filaplast-3d.si\/wp-content\/uploads\/2022\/01\/FILAPLAST_Logo_horizontal_red_1.png\",\"width\":2000,\"height\":243,\"caption\":\"Filaplast 3D\"},\"image\":{\"@id\":\"https:\/\/filaplast-3d.si\/#\/schema\/logo\/image\/\"},\"sameAs\":[\"https:\/\/www.facebook.com\/Filaplast3D\",\"https:\/\/www.instagram.com\/filaplast3d\/\"]}]}<\/script>\n<!-- \/ Yoast SEO plugin. -->","yoast_head_json":{"title":"PLA Rumena - FILAPLAST 3D","description":"FILAPLAST 3D PLA Rumena -","robots":{"index":"index","follow":"follow","max-snippet":"max-snippet:-1","max-image-preview":"max-image-preview:large","max-video-preview":"max-video-preview:-1"},"canonical":"https:\/\/filaplast-3d.si\/de\/product\/pla-rumena\/","og_locale":"de_DE","og_type":"article","og_title":"PLA Rumena - FILAPLAST 3D","og_description":"FILAPLAST 3D PLA Rumena -","og_url":"https:\/\/filaplast-3d.si\/de\/product\/pla-rumena\/","og_site_name":"FILAPLAST 3D","article_publisher":"https:\/\/www.facebook.com\/Filaplast3D","article_modified_time":"2026-04-09T12:16:25+00:00","og_image":[{"width":1800,"height":2230,"url":"https:\/\/filaplast-3d.si\/wp-content\/uploads\/2022\/10\/PLA-rumena.jpg","type":"image\/jpeg"}],"twitter_card":"summary_large_image","twitter_misc":{"Gesch\u00e4tzte Lesezeit":"1\u00a0Minute"},"schema":{"@context":"https:\/\/schema.org","@graph":[{"@type":"WebPage","@id":"https:\/\/filaplast-3d.si\/product\/pla-rumena\/","url":"https:\/\/filaplast-3d.si\/product\/pla-rumena\/","name":"PLA Rumena - FILAPLAST 3D","isPartOf":{"@id":"https:\/\/filaplast-3d.si\/#website"},"primaryImageOfPage":{"@id":"https:\/\/filaplast-3d.si\/product\/pla-rumena\/#primaryimage"},"image":{"@id":"https:\/\/filaplast-3d.si\/product\/pla-rumena\/#primaryimage"},"thumbnailUrl":"https:\/\/filaplast-3d.si\/wp-content\/uploads\/2022\/10\/PLA-rumena.jpg","datePublished":"2022-10-11T19:35:49+00:00","dateModified":"2026-04-09T12:16:25+00:00","description":"FILAPLAST 3D PLA Rumena -","breadcrumb":{"@id":"https:\/\/filaplast-3d.si\/product\/pla-rumena\/#breadcrumb"},"inLanguage":"de","potentialAction":[{"@type":"ReadAction","target":["https:\/\/filaplast-3d.si\/product\/pla-rumena\/"]}]},{"@type":"ImageObject","inLanguage":"de","@id":"https:\/\/filaplast-3d.si\/product\/pla-rumena\/#primaryimage","url":"https:\/\/filaplast-3d.si\/wp-content\/uploads\/2022\/10\/PLA-rumena.jpg","contentUrl":"https:\/\/filaplast-3d.si\/wp-content\/uploads\/2022\/10\/PLA-rumena.jpg","width":1800,"height":2230},{"@type":"BreadcrumbList","@id":"https:\/\/filaplast-3d.si\/product\/pla-rumena\/#breadcrumb","itemListElement":[{"@type":"ListItem","position":1,"name":"Home","item":"https:\/\/filaplast-3d.si\/"},{"@type":"ListItem","position":2,"name":"Trgovina","item":"https:\/\/filaplast-3d.si\/shop\/"},{"@type":"ListItem","position":3,"name":"PLA Rumena"}]},{"@type":"WebSite","@id":"https:\/\/filaplast-3d.si\/#website","url":"https:\/\/filaplast-3d.si\/","name":"Filaplast 3D","description":"Filament f\u00fcr den 3D-Druck","publisher":{"@id":"https:\/\/filaplast-3d.si\/#organization"},"potentialAction":[{"@type":"SearchAction","target":{"@type":"EntryPoint","urlTemplate":"https:\/\/filaplast-3d.si\/?s={search_term_string}"},"query-input":{"@type":"PropertyValueSpecification","valueRequired":true,"valueName":"search_term_string"}}],"inLanguage":"de"},{"@type":"Organization","@id":"https:\/\/filaplast-3d.si\/#organization","name":"Filaplast 3D","url":"https:\/\/filaplast-3d.si\/","logo":{"@type":"ImageObject","inLanguage":"de","@id":"https:\/\/filaplast-3d.si\/#\/schema\/logo\/image\/","url":"https:\/\/filaplast-3d.si\/wp-content\/uploads\/2022\/01\/FILAPLAST_Logo_horizontal_red_1.png","contentUrl":"https:\/\/filaplast-3d.si\/wp-content\/uploads\/2022\/01\/FILAPLAST_Logo_horizontal_red_1.png","width":2000,"height":243,"caption":"Filaplast 3D"},"image":{"@id":"https:\/\/filaplast-3d.si\/#\/schema\/logo\/image\/"},"sameAs":["https:\/\/www.facebook.com\/Filaplast3D","https:\/\/www.instagram.com\/filaplast3d\/"]}]}},"_links":{"self":[{"href":"https:\/\/filaplast-3d.si\/de\/wp-json\/wp\/v2\/product\/621","targetHints":{"allow":["GET"]}}],"collection":[{"href":"https:\/\/filaplast-3d.si\/de\/wp-json\/wp\/v2\/product"}],"about":[{"href":"https:\/\/filaplast-3d.si\/de\/wp-json\/wp\/v2\/types\/product"}],"replies":[{"embeddable":true,"href":"https:\/\/filaplast-3d.si\/de\/wp-json\/wp\/v2\/comments?post=621"}],"wp:featuredmedia":[{"embeddable":true,"href":"https:\/\/filaplast-3d.si\/de\/wp-json\/wp\/v2\/media\/628"}],"wp:attachment":[{"href":"https:\/\/filaplast-3d.si\/de\/wp-json\/wp\/v2\/media?parent=621"}],"wp:term":[{"taxonomy":"product_brand","embeddable":true,"href":"https:\/\/filaplast-3d.si\/de\/wp-json\/wp\/v2\/product_brand?post=621"},{"taxonomy":"product_cat","embeddable":true,"href":"https:\/\/filaplast-3d.si\/de\/wp-json\/wp\/v2\/product_cat?post=621"},{"taxonomy":"product_tag","embeddable":true,"href":"https:\/\/filaplast-3d.si\/de\/wp-json\/wp\/v2\/product_tag?post=621"}],"curies":[{"name":"wp","href":"https:\/\/api.w.org\/{rel}","templated":true}]}}