{"id":698,"date":"2022-12-15T17:47:44","date_gmt":"2022-12-15T16:47:44","guid":{"rendered":"https:\/\/filaplast-3d.si\/?post_type=product&#038;p=698"},"modified":"2026-05-11T13:30:40","modified_gmt":"2026-05-11T11:30:40","slug":"asa-modra","status":"publish","type":"product","link":"https:\/\/filaplast-3d.si\/de\/product\/asa-modra\/","title":{"rendered":"ASA Blau (1000g)"},"content":{"rendered":"<p>Kunststoff-ASA \u2013 Acrylnitril-Styrol-akrilat es ist ein Kunststoff material, mit gute thermische und dimensionale Stabilit\u00e4t, es ist eine solide und \u017eilav, auch bei niedrigen Temperaturen. ASA filament ist \u00e4hnlich wie ABS, filamentu aber es hat ein bisschen weniger Nachteile. Im Gegensatz zu den ABS, a single, stabilisiert gegen UV-Strahlen, was bedeutet, dass die Sonne, die Farbe verblasst nicht, wie ABS. Es ist aber auch, es ist ein bisschen einfacher zu drucken, weil es printanjem nicht Krampf als ABS, aber es ist immer eine gute Idee, um drucken der Fall ist.<\/p>\n<p>Die Dicke der einzelnen ist eine 1,75 mm (\u00b1 0,03 mm). Filament ist kompatibel mit den meisten FDM 3D-Druckern<\/p>\n<p>Empfohlene Einstellungen:<br \/>\nDie Temperatur der D\u00fcse: 230-260\u00b0C<br \/>\nDie Temperatur des Tisches: 90-110\u00b0C<br \/>\nBeachten Sie jedoch, dass die Temperatur der D\u00fcse, und die Tabelle variieren auf der Grundlage der Anwendung, die eine Vielzahl von 3D-Druckern.<\/p>\n<div>Die Eigenschaften von Kunststoffen:<\/div>\n<div><\/div>\n<div>\u2022gute mechanische Festigkeit und H\u00e4rte<\/div>\n<div>hohe Oberfl\u00e4chenfestigkeit<\/div>\n<div>\u2022hohe Schlagz\u00e4higkeit<\/div>\n<div>\u2022high-dimenzijska die Stabilit\u00e4t des<\/div>\n<div>\u2022best\u00e4ndig gegen UV-Strahlen<\/div>","protected":false},"excerpt":{"rendered":"<p>ASA Modra<\/p>\n<p>Gewicht des Filaments: 1000g<\/p>\n<p>Die Dicke der einzelnen: 1,75 mm<\/p>","protected":false},"featured_media":656,"comment_status":"open","ping_status":"closed","template":"","meta":[],"product_brand":[],"product_cat":[97,116],"product_tag":[],"class_list":{"0":"post-698","1":"product","2":"type-product","3":"status-publish","4":"has-post-thumbnail","6":"product_cat-asa","7":"product_cat-asa-1kg","9":"first","10":"instock","11":"sale","12":"taxable","13":"shipping-taxable","14":"purchasable","15":"product-type-simple"},"yoast_head":"<!-- This site is optimized with the Yoast SEO plugin v26.7 - https:\/\/yoast.com\/wordpress\/plugins\/seo\/ -->\n<title>ASA Modra (1000g) - FILAPLAST 3D<\/title>\n<meta name=\"description\" content=\"FILAPLAST 3D ASA Modra (1000g) -\" \/>\n<meta name=\"robots\" content=\"index, follow, max-snippet:-1, max-image-preview:large, max-video-preview:-1\" \/>\n<link rel=\"canonical\" href=\"https:\/\/filaplast-3d.si\/de\/product\/asa-modra\/\" \/>\n<meta property=\"og:locale\" content=\"de_DE\" \/>\n<meta property=\"og:type\" content=\"article\" \/>\n<meta property=\"og:title\" content=\"ASA Modra (1000g) - FILAPLAST 3D\" \/>\n<meta property=\"og:description\" content=\"FILAPLAST 3D ASA Modra (1000g) -\" \/>\n<meta property=\"og:url\" content=\"https:\/\/filaplast-3d.si\/de\/product\/asa-modra\/\" \/>\n<meta property=\"og:site_name\" content=\"FILAPLAST 3D\" \/>\n<meta property=\"article:publisher\" content=\"https:\/\/www.facebook.com\/Filaplast3D\" \/>\n<meta property=\"article:modified_time\" content=\"2026-05-11T11:30:40+00:00\" \/>\n<meta property=\"og:image\" content=\"https:\/\/filaplast-3d.si\/wp-content\/uploads\/2022\/10\/PhotoRoom_20221002_195315.jpeg\" \/>\n\t<meta property=\"og:image:width\" content=\"1798\" \/>\n\t<meta property=\"og:image:height\" content=\"2222\" \/>\n\t<meta property=\"og:image:type\" content=\"image\/jpeg\" \/>\n<meta name=\"twitter:card\" content=\"summary_large_image\" \/>\n<meta name=\"twitter:label1\" content=\"Gesch\u00e4tzte Lesezeit\" \/>\n\t<meta name=\"twitter:data1\" content=\"1\u00a0Minute\" \/>\n<script type=\"application\/ld+json\" class=\"yoast-schema-graph\">{\"@context\":\"https:\/\/schema.org\",\"@graph\":[{\"@type\":\"WebPage\",\"@id\":\"https:\/\/filaplast-3d.si\/product\/asa-modra\/\",\"url\":\"https:\/\/filaplast-3d.si\/product\/asa-modra\/\",\"name\":\"ASA Modra (1000g) - FILAPLAST 3D\",\"isPartOf\":{\"@id\":\"https:\/\/filaplast-3d.si\/#website\"},\"primaryImageOfPage\":{\"@id\":\"https:\/\/filaplast-3d.si\/product\/asa-modra\/#primaryimage\"},\"image\":{\"@id\":\"https:\/\/filaplast-3d.si\/product\/asa-modra\/#primaryimage\"},\"thumbnailUrl\":\"https:\/\/filaplast-3d.si\/wp-content\/uploads\/2022\/10\/PhotoRoom_20221002_195315.jpeg\",\"datePublished\":\"2022-12-15T16:47:44+00:00\",\"dateModified\":\"2026-05-11T11:30:40+00:00\",\"description\":\"FILAPLAST 3D ASA Modra (1000g) -\",\"breadcrumb\":{\"@id\":\"https:\/\/filaplast-3d.si\/product\/asa-modra\/#breadcrumb\"},\"inLanguage\":\"de\",\"potentialAction\":[{\"@type\":\"ReadAction\",\"target\":[\"https:\/\/filaplast-3d.si\/product\/asa-modra\/\"]}]},{\"@type\":\"ImageObject\",\"inLanguage\":\"de\",\"@id\":\"https:\/\/filaplast-3d.si\/product\/asa-modra\/#primaryimage\",\"url\":\"https:\/\/filaplast-3d.si\/wp-content\/uploads\/2022\/10\/PhotoRoom_20221002_195315.jpeg\",\"contentUrl\":\"https:\/\/filaplast-3d.si\/wp-content\/uploads\/2022\/10\/PhotoRoom_20221002_195315.jpeg\",\"width\":1798,\"height\":2222},{\"@type\":\"BreadcrumbList\",\"@id\":\"https:\/\/filaplast-3d.si\/product\/asa-modra\/#breadcrumb\",\"itemListElement\":[{\"@type\":\"ListItem\",\"position\":1,\"name\":\"Home\",\"item\":\"https:\/\/filaplast-3d.si\/\"},{\"@type\":\"ListItem\",\"position\":2,\"name\":\"Trgovina\",\"item\":\"https:\/\/filaplast-3d.si\/shop\/\"},{\"@type\":\"ListItem\",\"position\":3,\"name\":\"ASA Modra (1000g)\"}]},{\"@type\":\"WebSite\",\"@id\":\"https:\/\/filaplast-3d.si\/#website\",\"url\":\"https:\/\/filaplast-3d.si\/\",\"name\":\"Filaplast 3D\",\"description\":\"Filament za 3D tiskanje\",\"publisher\":{\"@id\":\"https:\/\/filaplast-3d.si\/#organization\"},\"potentialAction\":[{\"@type\":\"SearchAction\",\"target\":{\"@type\":\"EntryPoint\",\"urlTemplate\":\"https:\/\/filaplast-3d.si\/?s={search_term_string}\"},\"query-input\":{\"@type\":\"PropertyValueSpecification\",\"valueRequired\":true,\"valueName\":\"search_term_string\"}}],\"inLanguage\":\"de\"},{\"@type\":\"Organization\",\"@id\":\"https:\/\/filaplast-3d.si\/#organization\",\"name\":\"Filaplast 3D\",\"url\":\"https:\/\/filaplast-3d.si\/\",\"logo\":{\"@type\":\"ImageObject\",\"inLanguage\":\"de\",\"@id\":\"https:\/\/filaplast-3d.si\/#\/schema\/logo\/image\/\",\"url\":\"https:\/\/filaplast-3d.si\/wp-content\/uploads\/2022\/01\/FILAPLAST_Logo_horizontal_red_1.png\",\"contentUrl\":\"https:\/\/filaplast-3d.si\/wp-content\/uploads\/2022\/01\/FILAPLAST_Logo_horizontal_red_1.png\",\"width\":2000,\"height\":243,\"caption\":\"Filaplast 3D\"},\"image\":{\"@id\":\"https:\/\/filaplast-3d.si\/#\/schema\/logo\/image\/\"},\"sameAs\":[\"https:\/\/www.facebook.com\/Filaplast3D\",\"https:\/\/www.instagram.com\/filaplast3d\/\"]}]}<\/script>\n<!-- \/ Yoast SEO plugin. -->","yoast_head_json":{"title":"ASA Modra (1000g) - FILAPLAST 3D","description":"FILAPLAST 3D ASA Modra (1000g) -","robots":{"index":"index","follow":"follow","max-snippet":"max-snippet:-1","max-image-preview":"max-image-preview:large","max-video-preview":"max-video-preview:-1"},"canonical":"https:\/\/filaplast-3d.si\/de\/product\/asa-modra\/","og_locale":"de_DE","og_type":"article","og_title":"ASA Modra (1000g) - FILAPLAST 3D","og_description":"FILAPLAST 3D ASA Modra (1000g) -","og_url":"https:\/\/filaplast-3d.si\/de\/product\/asa-modra\/","og_site_name":"FILAPLAST 3D","article_publisher":"https:\/\/www.facebook.com\/Filaplast3D","article_modified_time":"2026-05-11T11:30:40+00:00","og_image":[{"width":1798,"height":2222,"url":"https:\/\/filaplast-3d.si\/wp-content\/uploads\/2022\/10\/PhotoRoom_20221002_195315.jpeg","type":"image\/jpeg"}],"twitter_card":"summary_large_image","twitter_misc":{"Gesch\u00e4tzte Lesezeit":"1\u00a0Minute"},"schema":{"@context":"https:\/\/schema.org","@graph":[{"@type":"WebPage","@id":"https:\/\/filaplast-3d.si\/product\/asa-modra\/","url":"https:\/\/filaplast-3d.si\/product\/asa-modra\/","name":"ASA Modra (1000g) - FILAPLAST 3D","isPartOf":{"@id":"https:\/\/filaplast-3d.si\/#website"},"primaryImageOfPage":{"@id":"https:\/\/filaplast-3d.si\/product\/asa-modra\/#primaryimage"},"image":{"@id":"https:\/\/filaplast-3d.si\/product\/asa-modra\/#primaryimage"},"thumbnailUrl":"https:\/\/filaplast-3d.si\/wp-content\/uploads\/2022\/10\/PhotoRoom_20221002_195315.jpeg","datePublished":"2022-12-15T16:47:44+00:00","dateModified":"2026-05-11T11:30:40+00:00","description":"FILAPLAST 3D ASA Modra (1000g) -","breadcrumb":{"@id":"https:\/\/filaplast-3d.si\/product\/asa-modra\/#breadcrumb"},"inLanguage":"de","potentialAction":[{"@type":"ReadAction","target":["https:\/\/filaplast-3d.si\/product\/asa-modra\/"]}]},{"@type":"ImageObject","inLanguage":"de","@id":"https:\/\/filaplast-3d.si\/product\/asa-modra\/#primaryimage","url":"https:\/\/filaplast-3d.si\/wp-content\/uploads\/2022\/10\/PhotoRoom_20221002_195315.jpeg","contentUrl":"https:\/\/filaplast-3d.si\/wp-content\/uploads\/2022\/10\/PhotoRoom_20221002_195315.jpeg","width":1798,"height":2222},{"@type":"BreadcrumbList","@id":"https:\/\/filaplast-3d.si\/product\/asa-modra\/#breadcrumb","itemListElement":[{"@type":"ListItem","position":1,"name":"Home","item":"https:\/\/filaplast-3d.si\/"},{"@type":"ListItem","position":2,"name":"Trgovina","item":"https:\/\/filaplast-3d.si\/shop\/"},{"@type":"ListItem","position":3,"name":"ASA Modra (1000g)"}]},{"@type":"WebSite","@id":"https:\/\/filaplast-3d.si\/#website","url":"https:\/\/filaplast-3d.si\/","name":"Filaplast 3D","description":"Filament f\u00fcr den 3D-Druck","publisher":{"@id":"https:\/\/filaplast-3d.si\/#organization"},"potentialAction":[{"@type":"SearchAction","target":{"@type":"EntryPoint","urlTemplate":"https:\/\/filaplast-3d.si\/?s={search_term_string}"},"query-input":{"@type":"PropertyValueSpecification","valueRequired":true,"valueName":"search_term_string"}}],"inLanguage":"de"},{"@type":"Organization","@id":"https:\/\/filaplast-3d.si\/#organization","name":"Filaplast 3D","url":"https:\/\/filaplast-3d.si\/","logo":{"@type":"ImageObject","inLanguage":"de","@id":"https:\/\/filaplast-3d.si\/#\/schema\/logo\/image\/","url":"https:\/\/filaplast-3d.si\/wp-content\/uploads\/2022\/01\/FILAPLAST_Logo_horizontal_red_1.png","contentUrl":"https:\/\/filaplast-3d.si\/wp-content\/uploads\/2022\/01\/FILAPLAST_Logo_horizontal_red_1.png","width":2000,"height":243,"caption":"Filaplast 3D"},"image":{"@id":"https:\/\/filaplast-3d.si\/#\/schema\/logo\/image\/"},"sameAs":["https:\/\/www.facebook.com\/Filaplast3D","https:\/\/www.instagram.com\/filaplast3d\/"]}]}},"_links":{"self":[{"href":"https:\/\/filaplast-3d.si\/de\/wp-json\/wp\/v2\/product\/698","targetHints":{"allow":["GET"]}}],"collection":[{"href":"https:\/\/filaplast-3d.si\/de\/wp-json\/wp\/v2\/product"}],"about":[{"href":"https:\/\/filaplast-3d.si\/de\/wp-json\/wp\/v2\/types\/product"}],"replies":[{"embeddable":true,"href":"https:\/\/filaplast-3d.si\/de\/wp-json\/wp\/v2\/comments?post=698"}],"wp:featuredmedia":[{"embeddable":true,"href":"https:\/\/filaplast-3d.si\/de\/wp-json\/wp\/v2\/media\/656"}],"wp:attachment":[{"href":"https:\/\/filaplast-3d.si\/de\/wp-json\/wp\/v2\/media?parent=698"}],"wp:term":[{"taxonomy":"product_brand","embeddable":true,"href":"https:\/\/filaplast-3d.si\/de\/wp-json\/wp\/v2\/product_brand?post=698"},{"taxonomy":"product_cat","embeddable":true,"href":"https:\/\/filaplast-3d.si\/de\/wp-json\/wp\/v2\/product_cat?post=698"},{"taxonomy":"product_tag","embeddable":true,"href":"https:\/\/filaplast-3d.si\/de\/wp-json\/wp\/v2\/product_tag?post=698"}],"curies":[{"name":"wp","href":"https:\/\/api.w.org\/{rel}","templated":true}]}}