{"id":868,"date":"2023-08-29T16:00:49","date_gmt":"2023-08-29T14:00:49","guid":{"rendered":"https:\/\/filaplast-3d.si\/?post_type=product&#038;p=868"},"modified":"2026-04-21T14:06:02","modified_gmt":"2026-04-21T12:06:02","slug":"abs-antracit-siva","status":"publish","type":"product","link":"https:\/\/filaplast-3d.si\/de\/product\/abs-antracit-siva\/","title":{"rendered":"ABS Antracit Siva (1000g)"},"content":{"rendered":"<p>ABS - Acrylnitril-Butadien-Styrol - ist ein Kunststoff mit guter W\u00e4rme- und Formbest\u00e4ndigkeit, der auch bei niedrigen Temperaturen steif und z\u00e4h ist.<\/p>\n<p>Die Dicke der einzelnen ist eine 1,75 mm (\u00b1 0,03 mm). Filament ist kompatibel mit den meisten FDM 3D-Druckern<\/p>\n<p>Empfohlene Einstellungen:<br \/>\nDie Temperatur der D\u00fcse: 230-260\u00b0C<br \/>\nDie Temperatur des Tisches: 90-110\u00b0C<br \/>\nBeachten Sie jedoch, dass die Temperatur der D\u00fcse, und die Tabelle variieren auf der Grundlage der Anwendung, die eine Vielzahl von 3D-Druckern.<\/p>\n<div>Die Eigenschaften von Kunststoffen:<\/div>\n<div><\/div>\n<div>\u2022gute mechanische Festigkeit und H\u00e4rte<\/div>\n<div>hohe Oberfl\u00e4chenfestigkeit<\/div>\n<div>\u2022hohe Schlagz\u00e4higkeit<\/div>\n<div>\u2022high-dimenzijska die Stabilit\u00e4t des<\/div>\n<div>-eingeschr\u00e4nkte S\u00e4urebest\u00e4ndigkeit<\/div>\n<div>-Widerstandsf\u00e4higkeit gegen Wetterph\u00e4nomene<\/div>","protected":false},"excerpt":{"rendered":"<p>ABS Anthracite Grey<\/p>\n<p>Gewicht des Filaments: 1000g<\/p>\n<p>Die Dicke der einzelnen: 1,75 mm<\/p>","protected":false},"featured_media":882,"comment_status":"open","ping_status":"closed","template":"","meta":[],"product_brand":[],"product_cat":[96,117],"product_tag":[],"class_list":{"0":"post-868","1":"product","2":"type-product","3":"status-publish","4":"has-post-thumbnail","6":"product_cat-abs","7":"product_cat-abs-1kg","9":"first","10":"instock","11":"sale","12":"taxable","13":"shipping-taxable","14":"purchasable","15":"product-type-simple"},"yoast_head":"<!-- This site is optimized with the Yoast SEO plugin v26.7 - https:\/\/yoast.com\/wordpress\/plugins\/seo\/ -->\n<title>ABS Antracit Siva (1000g) - FILAPLAST 3D<\/title>\n<meta name=\"robots\" content=\"index, follow, max-snippet:-1, max-image-preview:large, max-video-preview:-1\" \/>\n<link rel=\"canonical\" href=\"https:\/\/filaplast-3d.si\/de\/product\/abs-antracit-siva\/\" \/>\n<meta property=\"og:locale\" content=\"de_DE\" \/>\n<meta property=\"og:type\" content=\"article\" \/>\n<meta property=\"og:title\" content=\"ABS Antracit Siva (1000g) - FILAPLAST 3D\" \/>\n<meta property=\"og:description\" content=\"ABS Antracit Siva  Te\u017ea filamenta: 1000g  Debelina filamenta: 1,75mm\" \/>\n<meta property=\"og:url\" content=\"https:\/\/filaplast-3d.si\/de\/product\/abs-antracit-siva\/\" \/>\n<meta property=\"og:site_name\" content=\"FILAPLAST 3D\" \/>\n<meta property=\"article:publisher\" content=\"https:\/\/www.facebook.com\/Filaplast3D\" \/>\n<meta property=\"article:modified_time\" content=\"2026-04-21T12:06:02+00:00\" \/>\n<meta property=\"og:image\" content=\"https:\/\/filaplast-3d.si\/wp-content\/uploads\/2023\/08\/PhotoRoom_20230907_114236.jpeg\" \/>\n\t<meta property=\"og:image:width\" content=\"1799\" \/>\n\t<meta property=\"og:image:height\" content=\"2096\" \/>\n\t<meta property=\"og:image:type\" content=\"image\/jpeg\" \/>\n<meta name=\"twitter:card\" content=\"summary_large_image\" \/>\n<meta name=\"twitter:label1\" content=\"Gesch\u00e4tzte Lesezeit\" \/>\n\t<meta name=\"twitter:data1\" content=\"1\u00a0Minute\" \/>\n<script type=\"application\/ld+json\" class=\"yoast-schema-graph\">{\"@context\":\"https:\/\/schema.org\",\"@graph\":[{\"@type\":\"WebPage\",\"@id\":\"https:\/\/filaplast-3d.si\/product\/abs-antracit-siva\/\",\"url\":\"https:\/\/filaplast-3d.si\/product\/abs-antracit-siva\/\",\"name\":\"ABS Antracit Siva (1000g) - FILAPLAST 3D\",\"isPartOf\":{\"@id\":\"https:\/\/filaplast-3d.si\/#website\"},\"primaryImageOfPage\":{\"@id\":\"https:\/\/filaplast-3d.si\/product\/abs-antracit-siva\/#primaryimage\"},\"image\":{\"@id\":\"https:\/\/filaplast-3d.si\/product\/abs-antracit-siva\/#primaryimage\"},\"thumbnailUrl\":\"https:\/\/filaplast-3d.si\/wp-content\/uploads\/2023\/08\/PhotoRoom_20230907_114236.jpeg\",\"datePublished\":\"2023-08-29T14:00:49+00:00\",\"dateModified\":\"2026-04-21T12:06:02+00:00\",\"breadcrumb\":{\"@id\":\"https:\/\/filaplast-3d.si\/product\/abs-antracit-siva\/#breadcrumb\"},\"inLanguage\":\"de\",\"potentialAction\":[{\"@type\":\"ReadAction\",\"target\":[\"https:\/\/filaplast-3d.si\/product\/abs-antracit-siva\/\"]}]},{\"@type\":\"ImageObject\",\"inLanguage\":\"de\",\"@id\":\"https:\/\/filaplast-3d.si\/product\/abs-antracit-siva\/#primaryimage\",\"url\":\"https:\/\/filaplast-3d.si\/wp-content\/uploads\/2023\/08\/PhotoRoom_20230907_114236.jpeg\",\"contentUrl\":\"https:\/\/filaplast-3d.si\/wp-content\/uploads\/2023\/08\/PhotoRoom_20230907_114236.jpeg\",\"width\":1799,\"height\":2096},{\"@type\":\"BreadcrumbList\",\"@id\":\"https:\/\/filaplast-3d.si\/product\/abs-antracit-siva\/#breadcrumb\",\"itemListElement\":[{\"@type\":\"ListItem\",\"position\":1,\"name\":\"Home\",\"item\":\"https:\/\/filaplast-3d.si\/\"},{\"@type\":\"ListItem\",\"position\":2,\"name\":\"Trgovina\",\"item\":\"https:\/\/filaplast-3d.si\/shop\/\"},{\"@type\":\"ListItem\",\"position\":3,\"name\":\"ABS Antracit Siva (1000g)\"}]},{\"@type\":\"WebSite\",\"@id\":\"https:\/\/filaplast-3d.si\/#website\",\"url\":\"https:\/\/filaplast-3d.si\/\",\"name\":\"Filaplast 3D\",\"description\":\"Filament za 3D tiskanje\",\"publisher\":{\"@id\":\"https:\/\/filaplast-3d.si\/#organization\"},\"potentialAction\":[{\"@type\":\"SearchAction\",\"target\":{\"@type\":\"EntryPoint\",\"urlTemplate\":\"https:\/\/filaplast-3d.si\/?s={search_term_string}\"},\"query-input\":{\"@type\":\"PropertyValueSpecification\",\"valueRequired\":true,\"valueName\":\"search_term_string\"}}],\"inLanguage\":\"de\"},{\"@type\":\"Organization\",\"@id\":\"https:\/\/filaplast-3d.si\/#organization\",\"name\":\"Filaplast 3D\",\"url\":\"https:\/\/filaplast-3d.si\/\",\"logo\":{\"@type\":\"ImageObject\",\"inLanguage\":\"de\",\"@id\":\"https:\/\/filaplast-3d.si\/#\/schema\/logo\/image\/\",\"url\":\"https:\/\/filaplast-3d.si\/wp-content\/uploads\/2022\/01\/FILAPLAST_Logo_horizontal_red_1.png\",\"contentUrl\":\"https:\/\/filaplast-3d.si\/wp-content\/uploads\/2022\/01\/FILAPLAST_Logo_horizontal_red_1.png\",\"width\":2000,\"height\":243,\"caption\":\"Filaplast 3D\"},\"image\":{\"@id\":\"https:\/\/filaplast-3d.si\/#\/schema\/logo\/image\/\"},\"sameAs\":[\"https:\/\/www.facebook.com\/Filaplast3D\",\"https:\/\/www.instagram.com\/filaplast3d\/\"]}]}<\/script>\n<!-- \/ Yoast SEO plugin. -->","yoast_head_json":{"title":"ABS Antracit Siva (1000g) - FILAPLAST 3D","robots":{"index":"index","follow":"follow","max-snippet":"max-snippet:-1","max-image-preview":"max-image-preview:large","max-video-preview":"max-video-preview:-1"},"canonical":"https:\/\/filaplast-3d.si\/de\/product\/abs-antracit-siva\/","og_locale":"de_DE","og_type":"article","og_title":"ABS Antracit Siva (1000g) - FILAPLAST 3D","og_description":"ABS Antracit Siva  Te\u017ea filamenta: 1000g  Debelina filamenta: 1,75mm","og_url":"https:\/\/filaplast-3d.si\/de\/product\/abs-antracit-siva\/","og_site_name":"FILAPLAST 3D","article_publisher":"https:\/\/www.facebook.com\/Filaplast3D","article_modified_time":"2026-04-21T12:06:02+00:00","og_image":[{"width":1799,"height":2096,"url":"https:\/\/filaplast-3d.si\/wp-content\/uploads\/2023\/08\/PhotoRoom_20230907_114236.jpeg","type":"image\/jpeg"}],"twitter_card":"summary_large_image","twitter_misc":{"Gesch\u00e4tzte Lesezeit":"1\u00a0Minute"},"schema":{"@context":"https:\/\/schema.org","@graph":[{"@type":"WebPage","@id":"https:\/\/filaplast-3d.si\/product\/abs-antracit-siva\/","url":"https:\/\/filaplast-3d.si\/product\/abs-antracit-siva\/","name":"ABS Antracit Siva (1000g) - FILAPLAST 3D","isPartOf":{"@id":"https:\/\/filaplast-3d.si\/#website"},"primaryImageOfPage":{"@id":"https:\/\/filaplast-3d.si\/product\/abs-antracit-siva\/#primaryimage"},"image":{"@id":"https:\/\/filaplast-3d.si\/product\/abs-antracit-siva\/#primaryimage"},"thumbnailUrl":"https:\/\/filaplast-3d.si\/wp-content\/uploads\/2023\/08\/PhotoRoom_20230907_114236.jpeg","datePublished":"2023-08-29T14:00:49+00:00","dateModified":"2026-04-21T12:06:02+00:00","breadcrumb":{"@id":"https:\/\/filaplast-3d.si\/product\/abs-antracit-siva\/#breadcrumb"},"inLanguage":"de","potentialAction":[{"@type":"ReadAction","target":["https:\/\/filaplast-3d.si\/product\/abs-antracit-siva\/"]}]},{"@type":"ImageObject","inLanguage":"de","@id":"https:\/\/filaplast-3d.si\/product\/abs-antracit-siva\/#primaryimage","url":"https:\/\/filaplast-3d.si\/wp-content\/uploads\/2023\/08\/PhotoRoom_20230907_114236.jpeg","contentUrl":"https:\/\/filaplast-3d.si\/wp-content\/uploads\/2023\/08\/PhotoRoom_20230907_114236.jpeg","width":1799,"height":2096},{"@type":"BreadcrumbList","@id":"https:\/\/filaplast-3d.si\/product\/abs-antracit-siva\/#breadcrumb","itemListElement":[{"@type":"ListItem","position":1,"name":"Home","item":"https:\/\/filaplast-3d.si\/"},{"@type":"ListItem","position":2,"name":"Trgovina","item":"https:\/\/filaplast-3d.si\/shop\/"},{"@type":"ListItem","position":3,"name":"ABS Antracit Siva (1000g)"}]},{"@type":"WebSite","@id":"https:\/\/filaplast-3d.si\/#website","url":"https:\/\/filaplast-3d.si\/","name":"Filaplast 3D","description":"Filament f\u00fcr den 3D-Druck","publisher":{"@id":"https:\/\/filaplast-3d.si\/#organization"},"potentialAction":[{"@type":"SearchAction","target":{"@type":"EntryPoint","urlTemplate":"https:\/\/filaplast-3d.si\/?s={search_term_string}"},"query-input":{"@type":"PropertyValueSpecification","valueRequired":true,"valueName":"search_term_string"}}],"inLanguage":"de"},{"@type":"Organization","@id":"https:\/\/filaplast-3d.si\/#organization","name":"Filaplast 3D","url":"https:\/\/filaplast-3d.si\/","logo":{"@type":"ImageObject","inLanguage":"de","@id":"https:\/\/filaplast-3d.si\/#\/schema\/logo\/image\/","url":"https:\/\/filaplast-3d.si\/wp-content\/uploads\/2022\/01\/FILAPLAST_Logo_horizontal_red_1.png","contentUrl":"https:\/\/filaplast-3d.si\/wp-content\/uploads\/2022\/01\/FILAPLAST_Logo_horizontal_red_1.png","width":2000,"height":243,"caption":"Filaplast 3D"},"image":{"@id":"https:\/\/filaplast-3d.si\/#\/schema\/logo\/image\/"},"sameAs":["https:\/\/www.facebook.com\/Filaplast3D","https:\/\/www.instagram.com\/filaplast3d\/"]}]}},"_links":{"self":[{"href":"https:\/\/filaplast-3d.si\/de\/wp-json\/wp\/v2\/product\/868","targetHints":{"allow":["GET"]}}],"collection":[{"href":"https:\/\/filaplast-3d.si\/de\/wp-json\/wp\/v2\/product"}],"about":[{"href":"https:\/\/filaplast-3d.si\/de\/wp-json\/wp\/v2\/types\/product"}],"replies":[{"embeddable":true,"href":"https:\/\/filaplast-3d.si\/de\/wp-json\/wp\/v2\/comments?post=868"}],"wp:featuredmedia":[{"embeddable":true,"href":"https:\/\/filaplast-3d.si\/de\/wp-json\/wp\/v2\/media\/882"}],"wp:attachment":[{"href":"https:\/\/filaplast-3d.si\/de\/wp-json\/wp\/v2\/media?parent=868"}],"wp:term":[{"taxonomy":"product_brand","embeddable":true,"href":"https:\/\/filaplast-3d.si\/de\/wp-json\/wp\/v2\/product_brand?post=868"},{"taxonomy":"product_cat","embeddable":true,"href":"https:\/\/filaplast-3d.si\/de\/wp-json\/wp\/v2\/product_cat?post=868"},{"taxonomy":"product_tag","embeddable":true,"href":"https:\/\/filaplast-3d.si\/de\/wp-json\/wp\/v2\/product_tag?post=868"}],"curies":[{"name":"wp","href":"https:\/\/api.w.org\/{rel}","templated":true}]}}