{"id":2264,"date":"2026-03-26T12:00:05","date_gmt":"2026-03-26T11:00:05","guid":{"rendered":"https:\/\/filaplast-3d.si\/?post_type=product&#038;p=2264"},"modified":"2026-04-08T10:31:55","modified_gmt":"2026-04-08T08:31:55","slug":"abs-mix-800g","status":"publish","type":"product","link":"https:\/\/filaplast-3d.si\/en\/product\/abs-mix-800g\/","title":{"rendered":"ABS Mix (800g)"},"content":{"rendered":"<p>AMS compatible<\/p>\n<p>Plastic ABS \u2013 acrylamynitrine butadiene styrene is a plastic material with good thermal and dimensional stability, is rigid and tough even at lower temperatures.<\/p>\n<p>The filament thickness is 1.75mm (\u00b1 0.03 mm). Filament is compatible with most FDM 3D printers<\/p>\n<p>Recommended settings:<br \/>\nNozzle temperature: 230-260\u00b0C<br \/>\nTable temperature: 90-110\u00b0C<br \/>\nNote that the nozzle and table temperature varies depending on the use of different 3D printers.<\/p>\n<div>Properties of plastic:<\/div>\n<div><\/div>\n<div>\u2022good mechanical strength and hardness<\/div>\n<div>\u2022high surface strength<\/div>\n<div>\u2022high impact toughness<\/div>\n<div>\u2022high dimensional stability<\/div>\n<div>\u2022limited acid resistance<\/div>\n<div>\u2022intolerance to different weather<\/div>","protected":false},"excerpt":{"rendered":"<p>ABS Mix &#8211; AMS kompatibilno<\/p>\n<p>Mix je filamet, ko nastani pri menjavi barve ter barva \u0161e ni povsem to\u010dna.<\/p>\n<p>Te\u017ea filamenta: 800g<\/p>\n<p>Filament thickness: 1,75mm<\/p>","protected":false},"featured_media":444,"comment_status":"open","ping_status":"closed","template":"","meta":[],"product_brand":[],"product_cat":[96,118],"product_tag":[],"class_list":{"0":"post-2264","1":"product","2":"type-product","3":"status-publish","4":"has-post-thumbnail","6":"product_cat-abs","7":"product_cat-abs-800g","9":"first","10":"instock","11":"sale","12":"taxable","13":"shipping-taxable","14":"purchasable","15":"product-type-simple"},"yoast_head":"<!-- This site is optimized with the Yoast SEO plugin v26.7 - https:\/\/yoast.com\/wordpress\/plugins\/seo\/ -->\n<title>ABS Mix (800g) - FILAPLAST 3D<\/title>\n<meta name=\"robots\" content=\"index, follow, max-snippet:-1, max-image-preview:large, max-video-preview:-1\" \/>\n<link rel=\"canonical\" href=\"https:\/\/filaplast-3d.si\/en\/product\/abs-mix-800g\/\" \/>\n<meta property=\"og:locale\" content=\"en_GB\" \/>\n<meta property=\"og:type\" content=\"article\" \/>\n<meta property=\"og:title\" content=\"ABS Mix (800g) - FILAPLAST 3D\" \/>\n<meta property=\"og:description\" content=\"ABS Mix - AMS kompatibilno  Mix je filamet, ko nastani pri menjavi barve ter barva \u0161e ni povsem to\u010dna.  Te\u017ea filamenta: 800g  Debelina filamenta: 1,75mm\" \/>\n<meta property=\"og:url\" content=\"https:\/\/filaplast-3d.si\/en\/product\/abs-mix-800g\/\" \/>\n<meta property=\"og:site_name\" content=\"FILAPLAST 3D\" \/>\n<meta property=\"article:publisher\" content=\"https:\/\/www.facebook.com\/Filaplast3D\" \/>\n<meta property=\"article:modified_time\" content=\"2026-04-08T08:31:55+00:00\" \/>\n<meta property=\"og:image\" content=\"https:\/\/filaplast-3d.si\/wp-content\/uploads\/2022\/06\/kolut_petg-mix-1200x800.png\" \/>\n\t<meta property=\"og:image:width\" content=\"1200\" \/>\n\t<meta property=\"og:image:height\" content=\"800\" \/>\n\t<meta property=\"og:image:type\" content=\"image\/png\" \/>\n<meta name=\"twitter:card\" content=\"summary_large_image\" \/>\n<meta name=\"twitter:label1\" content=\"Estimated reading time\" \/>\n\t<meta name=\"twitter:data1\" content=\"1 minute\" \/>\n<script type=\"application\/ld+json\" class=\"yoast-schema-graph\">{\"@context\":\"https:\/\/schema.org\",\"@graph\":[{\"@type\":\"WebPage\",\"@id\":\"https:\/\/filaplast-3d.si\/product\/abs-mix-800g\/\",\"url\":\"https:\/\/filaplast-3d.si\/product\/abs-mix-800g\/\",\"name\":\"ABS Mix (800g) - FILAPLAST 3D\",\"isPartOf\":{\"@id\":\"https:\/\/filaplast-3d.si\/#website\"},\"primaryImageOfPage\":{\"@id\":\"https:\/\/filaplast-3d.si\/product\/abs-mix-800g\/#primaryimage\"},\"image\":{\"@id\":\"https:\/\/filaplast-3d.si\/product\/abs-mix-800g\/#primaryimage\"},\"thumbnailUrl\":\"https:\/\/filaplast-3d.si\/wp-content\/uploads\/2022\/06\/kolut_petg-mix.png\",\"datePublished\":\"2026-03-26T11:00:05+00:00\",\"dateModified\":\"2026-04-08T08:31:55+00:00\",\"breadcrumb\":{\"@id\":\"https:\/\/filaplast-3d.si\/product\/abs-mix-800g\/#breadcrumb\"},\"inLanguage\":\"en-GB\",\"potentialAction\":[{\"@type\":\"ReadAction\",\"target\":[\"https:\/\/filaplast-3d.si\/product\/abs-mix-800g\/\"]}]},{\"@type\":\"ImageObject\",\"inLanguage\":\"en-GB\",\"@id\":\"https:\/\/filaplast-3d.si\/product\/abs-mix-800g\/#primaryimage\",\"url\":\"https:\/\/filaplast-3d.si\/wp-content\/uploads\/2022\/06\/kolut_petg-mix.png\",\"contentUrl\":\"https:\/\/filaplast-3d.si\/wp-content\/uploads\/2022\/06\/kolut_petg-mix.png\",\"width\":4094,\"height\":2729},{\"@type\":\"BreadcrumbList\",\"@id\":\"https:\/\/filaplast-3d.si\/product\/abs-mix-800g\/#breadcrumb\",\"itemListElement\":[{\"@type\":\"ListItem\",\"position\":1,\"name\":\"Home\",\"item\":\"https:\/\/filaplast-3d.si\/\"},{\"@type\":\"ListItem\",\"position\":2,\"name\":\"Trgovina\",\"item\":\"https:\/\/filaplast-3d.si\/shop\/\"},{\"@type\":\"ListItem\",\"position\":3,\"name\":\"ABS Mix (800g)\"}]},{\"@type\":\"WebSite\",\"@id\":\"https:\/\/filaplast-3d.si\/#website\",\"url\":\"https:\/\/filaplast-3d.si\/\",\"name\":\"Filaplast 3D\",\"description\":\"Filament za 3D tiskanje\",\"publisher\":{\"@id\":\"https:\/\/filaplast-3d.si\/#organization\"},\"potentialAction\":[{\"@type\":\"SearchAction\",\"target\":{\"@type\":\"EntryPoint\",\"urlTemplate\":\"https:\/\/filaplast-3d.si\/?s={search_term_string}\"},\"query-input\":{\"@type\":\"PropertyValueSpecification\",\"valueRequired\":true,\"valueName\":\"search_term_string\"}}],\"inLanguage\":\"en-GB\"},{\"@type\":\"Organization\",\"@id\":\"https:\/\/filaplast-3d.si\/#organization\",\"name\":\"Filaplast 3D\",\"url\":\"https:\/\/filaplast-3d.si\/\",\"logo\":{\"@type\":\"ImageObject\",\"inLanguage\":\"en-GB\",\"@id\":\"https:\/\/filaplast-3d.si\/#\/schema\/logo\/image\/\",\"url\":\"https:\/\/filaplast-3d.si\/wp-content\/uploads\/2022\/01\/FILAPLAST_Logo_horizontal_red_1.png\",\"contentUrl\":\"https:\/\/filaplast-3d.si\/wp-content\/uploads\/2022\/01\/FILAPLAST_Logo_horizontal_red_1.png\",\"width\":2000,\"height\":243,\"caption\":\"Filaplast 3D\"},\"image\":{\"@id\":\"https:\/\/filaplast-3d.si\/#\/schema\/logo\/image\/\"},\"sameAs\":[\"https:\/\/www.facebook.com\/Filaplast3D\",\"https:\/\/www.instagram.com\/filaplast3d\/\"]}]}<\/script>\n<!-- \/ Yoast SEO plugin. -->","yoast_head_json":{"title":"ABS Mix (800g) - FILAPLAST 3D","robots":{"index":"index","follow":"follow","max-snippet":"max-snippet:-1","max-image-preview":"max-image-preview:large","max-video-preview":"max-video-preview:-1"},"canonical":"https:\/\/filaplast-3d.si\/en\/product\/abs-mix-800g\/","og_locale":"en_GB","og_type":"article","og_title":"ABS Mix (800g) - FILAPLAST 3D","og_description":"ABS Mix - AMS kompatibilno  Mix je filamet, ko nastani pri menjavi barve ter barva \u0161e ni povsem to\u010dna.  Te\u017ea filamenta: 800g  Debelina filamenta: 1,75mm","og_url":"https:\/\/filaplast-3d.si\/en\/product\/abs-mix-800g\/","og_site_name":"FILAPLAST 3D","article_publisher":"https:\/\/www.facebook.com\/Filaplast3D","article_modified_time":"2026-04-08T08:31:55+00:00","og_image":[{"width":1200,"height":800,"url":"https:\/\/filaplast-3d.si\/wp-content\/uploads\/2022\/06\/kolut_petg-mix-1200x800.png","type":"image\/png"}],"twitter_card":"summary_large_image","twitter_misc":{"Estimated reading time":"1 minute"},"schema":{"@context":"https:\/\/schema.org","@graph":[{"@type":"WebPage","@id":"https:\/\/filaplast-3d.si\/product\/abs-mix-800g\/","url":"https:\/\/filaplast-3d.si\/product\/abs-mix-800g\/","name":"ABS Mix (800g) - FILAPLAST 3D","isPartOf":{"@id":"https:\/\/filaplast-3d.si\/#website"},"primaryImageOfPage":{"@id":"https:\/\/filaplast-3d.si\/product\/abs-mix-800g\/#primaryimage"},"image":{"@id":"https:\/\/filaplast-3d.si\/product\/abs-mix-800g\/#primaryimage"},"thumbnailUrl":"https:\/\/filaplast-3d.si\/wp-content\/uploads\/2022\/06\/kolut_petg-mix.png","datePublished":"2026-03-26T11:00:05+00:00","dateModified":"2026-04-08T08:31:55+00:00","breadcrumb":{"@id":"https:\/\/filaplast-3d.si\/product\/abs-mix-800g\/#breadcrumb"},"inLanguage":"en-GB","potentialAction":[{"@type":"ReadAction","target":["https:\/\/filaplast-3d.si\/product\/abs-mix-800g\/"]}]},{"@type":"ImageObject","inLanguage":"en-GB","@id":"https:\/\/filaplast-3d.si\/product\/abs-mix-800g\/#primaryimage","url":"https:\/\/filaplast-3d.si\/wp-content\/uploads\/2022\/06\/kolut_petg-mix.png","contentUrl":"https:\/\/filaplast-3d.si\/wp-content\/uploads\/2022\/06\/kolut_petg-mix.png","width":4094,"height":2729},{"@type":"BreadcrumbList","@id":"https:\/\/filaplast-3d.si\/product\/abs-mix-800g\/#breadcrumb","itemListElement":[{"@type":"ListItem","position":1,"name":"Home","item":"https:\/\/filaplast-3d.si\/"},{"@type":"ListItem","position":2,"name":"Trgovina","item":"https:\/\/filaplast-3d.si\/shop\/"},{"@type":"ListItem","position":3,"name":"ABS Mix (800g)"}]},{"@type":"WebSite","@id":"https:\/\/filaplast-3d.si\/#website","url":"https:\/\/filaplast-3d.si\/","name":"Filaplast 3D","description":"Filament for 3D printing","publisher":{"@id":"https:\/\/filaplast-3d.si\/#organization"},"potentialAction":[{"@type":"SearchAction","target":{"@type":"EntryPoint","urlTemplate":"https:\/\/filaplast-3d.si\/?s={search_term_string}"},"query-input":{"@type":"PropertyValueSpecification","valueRequired":true,"valueName":"search_term_string"}}],"inLanguage":"en-GB"},{"@type":"Organization","@id":"https:\/\/filaplast-3d.si\/#organization","name":"Filaplast 3D","url":"https:\/\/filaplast-3d.si\/","logo":{"@type":"ImageObject","inLanguage":"en-GB","@id":"https:\/\/filaplast-3d.si\/#\/schema\/logo\/image\/","url":"https:\/\/filaplast-3d.si\/wp-content\/uploads\/2022\/01\/FILAPLAST_Logo_horizontal_red_1.png","contentUrl":"https:\/\/filaplast-3d.si\/wp-content\/uploads\/2022\/01\/FILAPLAST_Logo_horizontal_red_1.png","width":2000,"height":243,"caption":"Filaplast 3D"},"image":{"@id":"https:\/\/filaplast-3d.si\/#\/schema\/logo\/image\/"},"sameAs":["https:\/\/www.facebook.com\/Filaplast3D","https:\/\/www.instagram.com\/filaplast3d\/"]}]}},"_links":{"self":[{"href":"https:\/\/filaplast-3d.si\/en\/wp-json\/wp\/v2\/product\/2264","targetHints":{"allow":["GET"]}}],"collection":[{"href":"https:\/\/filaplast-3d.si\/en\/wp-json\/wp\/v2\/product"}],"about":[{"href":"https:\/\/filaplast-3d.si\/en\/wp-json\/wp\/v2\/types\/product"}],"replies":[{"embeddable":true,"href":"https:\/\/filaplast-3d.si\/en\/wp-json\/wp\/v2\/comments?post=2264"}],"wp:featuredmedia":[{"embeddable":true,"href":"https:\/\/filaplast-3d.si\/en\/wp-json\/wp\/v2\/media\/444"}],"wp:attachment":[{"href":"https:\/\/filaplast-3d.si\/en\/wp-json\/wp\/v2\/media?parent=2264"}],"wp:term":[{"taxonomy":"product_brand","embeddable":true,"href":"https:\/\/filaplast-3d.si\/en\/wp-json\/wp\/v2\/product_brand?post=2264"},{"taxonomy":"product_cat","embeddable":true,"href":"https:\/\/filaplast-3d.si\/en\/wp-json\/wp\/v2\/product_cat?post=2264"},{"taxonomy":"product_tag","embeddable":true,"href":"https:\/\/filaplast-3d.si\/en\/wp-json\/wp\/v2\/product_tag?post=2264"}],"curies":[{"name":"wp","href":"https:\/\/api.w.org\/{rel}","templated":true}]}}