{"id":567,"date":"2022-08-03T13:58:11","date_gmt":"2022-08-03T11:58:11","guid":{"rendered":"https:\/\/filaplast-3d.si\/?post_type=product&#038;p=567"},"modified":"2026-04-08T10:32:33","modified_gmt":"2026-04-08T08:32:33","slug":"pla-dvobarni-marmor","status":"publish","type":"product","link":"https:\/\/filaplast-3d.si\/en\/product\/pla-dvobarni-marmor\/","title":{"rendered":"PLA Two colour marble"},"content":{"rendered":"<p>PLA TWO COLOUR MARBLE is an upgrade of PLA granite with black and red\/brown dots. The colour is unique and new on the market.<\/p>\n<p>PLA (Polylactic acid or polylactic acid) filaments are most widely used for simple printing, as it does not twist and shrink when printing as strongly as filaments from other matter. The advantage of pla is that it is more environmentally friendly than other filaments, as it is made of biomaterials and is biodegradable.<\/p>\n<p>The filament thickness is 1.75mm (\u00b1 0.05 mm). Filament is compatible with most FDM 3D printers<\/p>\n<p>Recommended settings:<br \/>\nNozzle temperature: 190-230\u00b0C<br \/>\nTable temperature: 0-60\u00b0C<br \/>\nNote that the nozzle and table temperature varies depending on the use of different 3D printers.<\/p>","protected":false},"excerpt":{"rendered":"<p>PLA TWO COLOUR MARBLE is an upgrade of PLA granite with black and red\/brown dots. The colour is unique and new on the market.<\/p>\n<p>PLA Two colour marble<\/p>\n<p>Filament weight: 1000g \/ 500g<\/p>\n<p>Filament thickness: 1,75mm<\/p>","protected":false},"featured_media":779,"comment_status":"open","ping_status":"closed","template":"","meta":[],"product_brand":[],"product_cat":[21,84],"product_tag":[],"class_list":{"0":"post-567","1":"product","2":"type-product","3":"status-publish","4":"has-post-thumbnail","6":"product_cat-pla","7":"product_cat-pla-posebni","9":"first","10":"instock","11":"sale","12":"taxable","13":"shipping-taxable","14":"purchasable","15":"product-type-variable"},"yoast_head":"<!-- This site is optimized with the Yoast SEO plugin v26.7 - https:\/\/yoast.com\/wordpress\/plugins\/seo\/ -->\n<title>PLA Dvobarni marmor - FILAPLAST 3D<\/title>\n<meta name=\"robots\" content=\"index, follow, max-snippet:-1, max-image-preview:large, max-video-preview:-1\" \/>\n<link rel=\"canonical\" href=\"https:\/\/filaplast-3d.si\/en\/product\/pla-dvobarni-marmor\/\" \/>\n<meta property=\"og:locale\" content=\"en_GB\" \/>\n<meta property=\"og:type\" content=\"article\" \/>\n<meta property=\"og:title\" content=\"PLA Dvobarni marmor - FILAPLAST 3D\" \/>\n<meta property=\"og:description\" content=\"PLA DVOBARNI MARMOR je nadgradnja PLA granita z \u010drnimi in rde\u010de\/rjavimi pikami. Barva je unikatna in novost na tr\u017ei\u0161\u010du.  PLA Dvobarvni marmor  Te\u017ea filamenta: 1000g \/ 500g  Debelina filamenta: 1,75mm\" \/>\n<meta property=\"og:url\" content=\"https:\/\/filaplast-3d.si\/en\/product\/pla-dvobarni-marmor\/\" \/>\n<meta property=\"og:site_name\" content=\"FILAPLAST 3D\" \/>\n<meta property=\"article:publisher\" content=\"https:\/\/www.facebook.com\/Filaplast3D\" \/>\n<meta property=\"article:modified_time\" content=\"2026-04-08T08:32:33+00:00\" \/>\n<meta property=\"og:image\" content=\"https:\/\/filaplast-3d.si\/wp-content\/uploads\/2022\/08\/BE1951CB-0799-4623-AE2C-15E710A9E7E5.jpeg\" \/>\n\t<meta property=\"og:image:width\" content=\"1800\" \/>\n\t<meta property=\"og:image:height\" content=\"2238\" \/>\n\t<meta property=\"og:image:type\" content=\"image\/jpeg\" \/>\n<meta name=\"twitter:card\" content=\"summary_large_image\" \/>\n<meta name=\"twitter:label1\" content=\"Estimated reading time\" \/>\n\t<meta name=\"twitter:data1\" content=\"1 minute\" \/>\n<script type=\"application\/ld+json\" class=\"yoast-schema-graph\">{\"@context\":\"https:\/\/schema.org\",\"@graph\":[{\"@type\":\"WebPage\",\"@id\":\"https:\/\/filaplast-3d.si\/de\/product\/pla-dvobarni-marmor\/\",\"url\":\"https:\/\/filaplast-3d.si\/de\/product\/pla-dvobarni-marmor\/\",\"name\":\"PLA Dvobarni marmor - FILAPLAST 3D\",\"isPartOf\":{\"@id\":\"https:\/\/filaplast-3d.si\/#website\"},\"primaryImageOfPage\":{\"@id\":\"https:\/\/filaplast-3d.si\/de\/product\/pla-dvobarni-marmor\/#primaryimage\"},\"image\":{\"@id\":\"https:\/\/filaplast-3d.si\/de\/product\/pla-dvobarni-marmor\/#primaryimage\"},\"thumbnailUrl\":\"https:\/\/filaplast-3d.si\/wp-content\/uploads\/2022\/08\/BE1951CB-0799-4623-AE2C-15E710A9E7E5.jpeg\",\"datePublished\":\"2022-08-03T11:58:11+00:00\",\"dateModified\":\"2026-04-08T08:32:33+00:00\",\"breadcrumb\":{\"@id\":\"https:\/\/filaplast-3d.si\/de\/product\/pla-dvobarni-marmor\/#breadcrumb\"},\"inLanguage\":\"en-GB\",\"potentialAction\":[{\"@type\":\"ReadAction\",\"target\":[\"https:\/\/filaplast-3d.si\/de\/product\/pla-dvobarni-marmor\/\"]}]},{\"@type\":\"ImageObject\",\"inLanguage\":\"en-GB\",\"@id\":\"https:\/\/filaplast-3d.si\/de\/product\/pla-dvobarni-marmor\/#primaryimage\",\"url\":\"https:\/\/filaplast-3d.si\/wp-content\/uploads\/2022\/08\/BE1951CB-0799-4623-AE2C-15E710A9E7E5.jpeg\",\"contentUrl\":\"https:\/\/filaplast-3d.si\/wp-content\/uploads\/2022\/08\/BE1951CB-0799-4623-AE2C-15E710A9E7E5.jpeg\",\"width\":1800,\"height\":2238},{\"@type\":\"BreadcrumbList\",\"@id\":\"https:\/\/filaplast-3d.si\/de\/product\/pla-dvobarni-marmor\/#breadcrumb\",\"itemListElement\":[{\"@type\":\"ListItem\",\"position\":1,\"name\":\"Home\",\"item\":\"https:\/\/filaplast-3d.si\/\"},{\"@type\":\"ListItem\",\"position\":2,\"name\":\"Trgovina\",\"item\":\"https:\/\/filaplast-3d.si\/shop\/\"},{\"@type\":\"ListItem\",\"position\":3,\"name\":\"PLA Dvobarni marmor\"}]},{\"@type\":\"WebSite\",\"@id\":\"https:\/\/filaplast-3d.si\/#website\",\"url\":\"https:\/\/filaplast-3d.si\/\",\"name\":\"Filaplast 3D\",\"description\":\"Filament za 3D tiskanje\",\"publisher\":{\"@id\":\"https:\/\/filaplast-3d.si\/#organization\"},\"potentialAction\":[{\"@type\":\"SearchAction\",\"target\":{\"@type\":\"EntryPoint\",\"urlTemplate\":\"https:\/\/filaplast-3d.si\/?s={search_term_string}\"},\"query-input\":{\"@type\":\"PropertyValueSpecification\",\"valueRequired\":true,\"valueName\":\"search_term_string\"}}],\"inLanguage\":\"en-GB\"},{\"@type\":\"Organization\",\"@id\":\"https:\/\/filaplast-3d.si\/#organization\",\"name\":\"Filaplast 3D\",\"url\":\"https:\/\/filaplast-3d.si\/\",\"logo\":{\"@type\":\"ImageObject\",\"inLanguage\":\"en-GB\",\"@id\":\"https:\/\/filaplast-3d.si\/#\/schema\/logo\/image\/\",\"url\":\"https:\/\/filaplast-3d.si\/wp-content\/uploads\/2022\/01\/FILAPLAST_Logo_horizontal_red_1.png\",\"contentUrl\":\"https:\/\/filaplast-3d.si\/wp-content\/uploads\/2022\/01\/FILAPLAST_Logo_horizontal_red_1.png\",\"width\":2000,\"height\":243,\"caption\":\"Filaplast 3D\"},\"image\":{\"@id\":\"https:\/\/filaplast-3d.si\/#\/schema\/logo\/image\/\"},\"sameAs\":[\"https:\/\/www.facebook.com\/Filaplast3D\",\"https:\/\/www.instagram.com\/filaplast3d\/\"]}]}<\/script>\n<!-- \/ Yoast SEO plugin. -->","yoast_head_json":{"title":"PLA Dvobarni marmor - FILAPLAST 3D","robots":{"index":"index","follow":"follow","max-snippet":"max-snippet:-1","max-image-preview":"max-image-preview:large","max-video-preview":"max-video-preview:-1"},"canonical":"https:\/\/filaplast-3d.si\/en\/product\/pla-dvobarni-marmor\/","og_locale":"en_GB","og_type":"article","og_title":"PLA Dvobarni marmor - FILAPLAST 3D","og_description":"PLA DVOBARNI MARMOR je nadgradnja PLA granita z \u010drnimi in rde\u010de\/rjavimi pikami. Barva je unikatna in novost na tr\u017ei\u0161\u010du.  PLA Dvobarvni marmor  Te\u017ea filamenta: 1000g \/ 500g  Debelina filamenta: 1,75mm","og_url":"https:\/\/filaplast-3d.si\/en\/product\/pla-dvobarni-marmor\/","og_site_name":"FILAPLAST 3D","article_publisher":"https:\/\/www.facebook.com\/Filaplast3D","article_modified_time":"2026-04-08T08:32:33+00:00","og_image":[{"width":1800,"height":2238,"url":"https:\/\/filaplast-3d.si\/wp-content\/uploads\/2022\/08\/BE1951CB-0799-4623-AE2C-15E710A9E7E5.jpeg","type":"image\/jpeg"}],"twitter_card":"summary_large_image","twitter_misc":{"Estimated reading time":"1 minute"},"schema":{"@context":"https:\/\/schema.org","@graph":[{"@type":"WebPage","@id":"https:\/\/filaplast-3d.si\/de\/product\/pla-dvobarni-marmor\/","url":"https:\/\/filaplast-3d.si\/de\/product\/pla-dvobarni-marmor\/","name":"PLA Dvobarni marmor - FILAPLAST 3D","isPartOf":{"@id":"https:\/\/filaplast-3d.si\/#website"},"primaryImageOfPage":{"@id":"https:\/\/filaplast-3d.si\/de\/product\/pla-dvobarni-marmor\/#primaryimage"},"image":{"@id":"https:\/\/filaplast-3d.si\/de\/product\/pla-dvobarni-marmor\/#primaryimage"},"thumbnailUrl":"https:\/\/filaplast-3d.si\/wp-content\/uploads\/2022\/08\/BE1951CB-0799-4623-AE2C-15E710A9E7E5.jpeg","datePublished":"2022-08-03T11:58:11+00:00","dateModified":"2026-04-08T08:32:33+00:00","breadcrumb":{"@id":"https:\/\/filaplast-3d.si\/de\/product\/pla-dvobarni-marmor\/#breadcrumb"},"inLanguage":"en-GB","potentialAction":[{"@type":"ReadAction","target":["https:\/\/filaplast-3d.si\/de\/product\/pla-dvobarni-marmor\/"]}]},{"@type":"ImageObject","inLanguage":"en-GB","@id":"https:\/\/filaplast-3d.si\/de\/product\/pla-dvobarni-marmor\/#primaryimage","url":"https:\/\/filaplast-3d.si\/wp-content\/uploads\/2022\/08\/BE1951CB-0799-4623-AE2C-15E710A9E7E5.jpeg","contentUrl":"https:\/\/filaplast-3d.si\/wp-content\/uploads\/2022\/08\/BE1951CB-0799-4623-AE2C-15E710A9E7E5.jpeg","width":1800,"height":2238},{"@type":"BreadcrumbList","@id":"https:\/\/filaplast-3d.si\/de\/product\/pla-dvobarni-marmor\/#breadcrumb","itemListElement":[{"@type":"ListItem","position":1,"name":"Home","item":"https:\/\/filaplast-3d.si\/"},{"@type":"ListItem","position":2,"name":"Trgovina","item":"https:\/\/filaplast-3d.si\/shop\/"},{"@type":"ListItem","position":3,"name":"PLA Dvobarni marmor"}]},{"@type":"WebSite","@id":"https:\/\/filaplast-3d.si\/#website","url":"https:\/\/filaplast-3d.si\/","name":"Filaplast 3D","description":"Filament for 3D printing","publisher":{"@id":"https:\/\/filaplast-3d.si\/#organization"},"potentialAction":[{"@type":"SearchAction","target":{"@type":"EntryPoint","urlTemplate":"https:\/\/filaplast-3d.si\/?s={search_term_string}"},"query-input":{"@type":"PropertyValueSpecification","valueRequired":true,"valueName":"search_term_string"}}],"inLanguage":"en-GB"},{"@type":"Organization","@id":"https:\/\/filaplast-3d.si\/#organization","name":"Filaplast 3D","url":"https:\/\/filaplast-3d.si\/","logo":{"@type":"ImageObject","inLanguage":"en-GB","@id":"https:\/\/filaplast-3d.si\/#\/schema\/logo\/image\/","url":"https:\/\/filaplast-3d.si\/wp-content\/uploads\/2022\/01\/FILAPLAST_Logo_horizontal_red_1.png","contentUrl":"https:\/\/filaplast-3d.si\/wp-content\/uploads\/2022\/01\/FILAPLAST_Logo_horizontal_red_1.png","width":2000,"height":243,"caption":"Filaplast 3D"},"image":{"@id":"https:\/\/filaplast-3d.si\/#\/schema\/logo\/image\/"},"sameAs":["https:\/\/www.facebook.com\/Filaplast3D","https:\/\/www.instagram.com\/filaplast3d\/"]}]}},"_links":{"self":[{"href":"https:\/\/filaplast-3d.si\/en\/wp-json\/wp\/v2\/product\/567","targetHints":{"allow":["GET"]}}],"collection":[{"href":"https:\/\/filaplast-3d.si\/en\/wp-json\/wp\/v2\/product"}],"about":[{"href":"https:\/\/filaplast-3d.si\/en\/wp-json\/wp\/v2\/types\/product"}],"replies":[{"embeddable":true,"href":"https:\/\/filaplast-3d.si\/en\/wp-json\/wp\/v2\/comments?post=567"}],"wp:featuredmedia":[{"embeddable":true,"href":"https:\/\/filaplast-3d.si\/en\/wp-json\/wp\/v2\/media\/779"}],"wp:attachment":[{"href":"https:\/\/filaplast-3d.si\/en\/wp-json\/wp\/v2\/media?parent=567"}],"wp:term":[{"taxonomy":"product_brand","embeddable":true,"href":"https:\/\/filaplast-3d.si\/en\/wp-json\/wp\/v2\/product_brand?post=567"},{"taxonomy":"product_cat","embeddable":true,"href":"https:\/\/filaplast-3d.si\/en\/wp-json\/wp\/v2\/product_cat?post=567"},{"taxonomy":"product_tag","embeddable":true,"href":"https:\/\/filaplast-3d.si\/en\/wp-json\/wp\/v2\/product_tag?post=567"}],"curies":[{"name":"wp","href":"https:\/\/api.w.org\/{rel}","templated":true}]}}