{"id":3,"date":"2021-04-03T11:22:24","date_gmt":"2021-04-03T11:22:24","guid":{"rendered":"https:\/\/filaplast-3d.si\/?page_id=3"},"modified":"2022-09-19T20:47:18","modified_gmt":"2022-09-19T18:47:18","slug":"privacy-policy","status":"publish","type":"page","link":"https:\/\/filaplast-3d.si\/hr\/privacy-policy\/","title":{"rendered":"Pravilnik o zasebnosti"},"content":{"rendered":"<p><strong>Za\u0161tita osobnih podataka<\/strong><\/p>\n\n\n\n<p>Filaplast-3d.si se obvezuje da \u0107e va\u0161e osobne podatke \u0161tititi u skladu sa Zakonom o za\u0161titi osobnih podataka. Va\u0161i podaci \u0107e se koristiti samo za interne svrhe Filaplast-3d.si i ne\u0107emo ih proslje\u0111ivati tre\u0107im stranama.<\/p>\n\n\n\n<p><strong>Kori\u0161tenje kola\u010di\u0107a<\/strong><\/p>\n\n\n\n<p>Kola\u010di\u0107i su tekstualne datoteke koje web poslu\u017eitelj prenosi na va\u0161e ra\u010dunalo. Kola\u010di\u0107i ne sadr\u017ee nikakve podatke kojima bi se moglo utvrditi va\u0161 identitet. Uz pomo\u0107 kola\u010di\u0107a poslu\u017eitelj zna da ste se vratili na web stranicu, \u0161to mo\u017eemo iskoristiti za prilagodbu web mjesta korisniku.<\/p>\n\n\n\n<p>Ve\u0107ina preglednika automatski prihva\u0107a kola\u010di\u0107e. Ako ih ne \u017eelite prihvatiti ili \u017eelite biti obavije\u0161teni prije nego \u0161to se kola\u010di\u0107 u\u010dita na va\u0161e ra\u010dunalo, to mo\u017eete odrediti u postavkama preglednika.<\/p>\n\n\n\n<p><strong>Kori\u0161tenje osobnih podataka<\/strong><\/p>\n\n\n\n<p>Tvrtka za potrebe pru\u017eanja usluga koje nudi prikuplja, vodi, obra\u0111uje i pohranjuje sljede\u0107e korisnikove podatke:<\/p>\n\n\n\n<ul class=\"wp-block-list\"><li>Ime i prezime<\/li><li>naslovi za dostavu<\/li><li>tvrtka ili naziv pravne osobe (ako je korisnik pravna osoba)<\/li><li>porezni broj pravne osobe (ako je korisnik pravna osoba)<\/li><li>Naslov elektroni\u010dke po\u0161te (korisni\u010dko ime)<\/li><li>zaporka u \u0161ifriranom obliku<\/li><li>kontaktni telefonski broj<\/li><li>ostale podatke koje korisnik dobrovoljno unese u obrasce u web-trgovini<\/li><li>ostale podatke koje korisnik dobrovoljno dodaje naknadno u svom profilu<\/li><\/ul>\n\n\n\n<p>Za pravilnost, potpunost i a\u017eurnost podataka koje unose korisnici, tvrtka ne odgovara.<\/p>\n\n\n\n<p>Davatelj podataka ne proslje\u0111uje tre\u0107im stranama, osim ugovornim izvr\u0161iteljima s kojima davatelj ima sklopljen ugovor o za\u0161titi osobnih podataka i koji su ugovorno obvezani na iste standarde za\u0161tite osobnih podataka kao i davatelj.<\/p>\n\n\n\n<p>Pru\u017eatelj prikuplja osobne podatke uz izri\u010ditu privolu ili suglasnost pojedinaca. Suglasnosti pohranjuje zajedno s njihovim sadr\u017eajem i sadr\u017eajem obrasca kojim su dobivene.<\/p>\n\n\n\n<p>Zbirke osobnih podataka pru\u017eatelj \u010duva na podru\u010dju Republike Slovenije te ih ne izvozi u druge dr\u017eave.<\/p>\n\n\n\n<p><strong>Namjena uporabe<\/strong><\/p>\n\n\n\n<p>Osobni podaci, koji su dobiveni putem internetske stranice Filaplast-3d.si za svrhu provedbe online kupnje, koriste se isklju\u010divo za potrebe provedbe i dostave narud\u017ebe.<\/p>","protected":false},"excerpt":{"rendered":"<p>Varovanje osebnih podatkov Filaplast-3d.si se zavezuje, da bo va\u0161e osebne podatke varoval v skladu z Zakonom o varstvu zasebnih podatkov. Va\u0161i podatki se bodo uporabljali samo za interne namene Filaplast-3d.si in jih ne bomo posredovali tretjim osebam. Uporaba pi\u0161kotkov Pi\u0161kotki so besedilne datoteke, ki jih na va\u0161 ra\u010dunalnik nalo\u017ei spletni stre\u017enik. Pi\u0161kotki ne vsebujejo nobenih [&#8230;]","protected":false},"author":1,"featured_media":0,"parent":0,"menu_order":0,"comment_status":"closed","ping_status":"open","template":"","meta":{"footnotes":""},"class_list":["post-3","page","type-page","status-publish","hentry"],"yoast_head":"<!-- This site is optimized with the Yoast SEO plugin v26.7 - https:\/\/yoast.com\/wordpress\/plugins\/seo\/ -->\n<title>Pravilnik o zasebnosti - FILAPLAST 3D<\/title>\n<meta name=\"robots\" content=\"index, follow, max-snippet:-1, max-image-preview:large, max-video-preview:-1\" \/>\n<link rel=\"canonical\" href=\"https:\/\/filaplast-3d.si\/hr\/privacy-policy\/\" \/>\n<meta property=\"og:locale\" content=\"hr_HR\" \/>\n<meta property=\"og:type\" content=\"article\" \/>\n<meta property=\"og:title\" content=\"Pravilnik o zasebnosti - FILAPLAST 3D\" \/>\n<meta property=\"og:description\" content=\"Varovanje osebnih podatkov Filaplast-3d.si se zavezuje, da bo va\u0161e osebne podatke varoval v skladu z Zakonom o varstvu zasebnih podatkov. Va\u0161i podatki se bodo uporabljali samo za interne namene Filaplast-3d.si in jih ne bomo posredovali tretjim osebam. Uporaba pi\u0161kotkov Pi\u0161kotki so besedilne datoteke, ki jih na va\u0161 ra\u010dunalnik nalo\u017ei spletni stre\u017enik. Pi\u0161kotki ne vsebujejo nobenih [...]\" \/>\n<meta property=\"og:url\" content=\"https:\/\/filaplast-3d.si\/hr\/privacy-policy\/\" \/>\n<meta property=\"og:site_name\" content=\"FILAPLAST 3D\" \/>\n<meta property=\"article:publisher\" content=\"https:\/\/www.facebook.com\/Filaplast3D\" \/>\n<meta property=\"article:modified_time\" content=\"2022-09-19T18:47:18+00:00\" \/>\n<meta name=\"twitter:card\" content=\"summary_large_image\" \/>\n<meta name=\"twitter:label1\" content=\"Procijenjeno vrijeme \u010ditanja\" \/>\n\t<meta name=\"twitter:data1\" content=\"2 minute\" \/>\n<script type=\"application\/ld+json\" class=\"yoast-schema-graph\">{\"@context\":\"https:\/\/schema.org\",\"@graph\":[{\"@type\":\"WebPage\",\"@id\":\"https:\/\/filaplast-3d.si\/privacy-policy\/\",\"url\":\"https:\/\/filaplast-3d.si\/privacy-policy\/\",\"name\":\"Pravilnik o zasebnosti - FILAPLAST 3D\",\"isPartOf\":{\"@id\":\"https:\/\/filaplast-3d.si\/#website\"},\"datePublished\":\"2021-04-03T11:22:24+00:00\",\"dateModified\":\"2022-09-19T18:47:18+00:00\",\"breadcrumb\":{\"@id\":\"https:\/\/filaplast-3d.si\/privacy-policy\/#breadcrumb\"},\"inLanguage\":\"hr\",\"potentialAction\":[{\"@type\":\"ReadAction\",\"target\":[\"https:\/\/filaplast-3d.si\/privacy-policy\/\"]}]},{\"@type\":\"BreadcrumbList\",\"@id\":\"https:\/\/filaplast-3d.si\/privacy-policy\/#breadcrumb\",\"itemListElement\":[{\"@type\":\"ListItem\",\"position\":1,\"name\":\"Home\",\"item\":\"https:\/\/filaplast-3d.si\/\"},{\"@type\":\"ListItem\",\"position\":2,\"name\":\"Pravilnik o zasebnosti\"}]},{\"@type\":\"WebSite\",\"@id\":\"https:\/\/filaplast-3d.si\/#website\",\"url\":\"https:\/\/filaplast-3d.si\/\",\"name\":\"Filaplast 3D\",\"description\":\"Filament za 3D tiskanje\",\"publisher\":{\"@id\":\"https:\/\/filaplast-3d.si\/#organization\"},\"potentialAction\":[{\"@type\":\"SearchAction\",\"target\":{\"@type\":\"EntryPoint\",\"urlTemplate\":\"https:\/\/filaplast-3d.si\/?s={search_term_string}\"},\"query-input\":{\"@type\":\"PropertyValueSpecification\",\"valueRequired\":true,\"valueName\":\"search_term_string\"}}],\"inLanguage\":\"hr\"},{\"@type\":\"Organization\",\"@id\":\"https:\/\/filaplast-3d.si\/#organization\",\"name\":\"Filaplast 3D\",\"url\":\"https:\/\/filaplast-3d.si\/\",\"logo\":{\"@type\":\"ImageObject\",\"inLanguage\":\"hr\",\"@id\":\"https:\/\/filaplast-3d.si\/#\/schema\/logo\/image\/\",\"url\":\"https:\/\/filaplast-3d.si\/wp-content\/uploads\/2022\/01\/FILAPLAST_Logo_horizontal_red_1.png\",\"contentUrl\":\"https:\/\/filaplast-3d.si\/wp-content\/uploads\/2022\/01\/FILAPLAST_Logo_horizontal_red_1.png\",\"width\":2000,\"height\":243,\"caption\":\"Filaplast 3D\"},\"image\":{\"@id\":\"https:\/\/filaplast-3d.si\/#\/schema\/logo\/image\/\"},\"sameAs\":[\"https:\/\/www.facebook.com\/Filaplast3D\",\"https:\/\/www.instagram.com\/filaplast3d\/\"]}]}<\/script>\n<!-- \/ Yoast SEO plugin. -->","yoast_head_json":{"title":"Pravilnik o zasebnosti - FILAPLAST 3D","robots":{"index":"index","follow":"follow","max-snippet":"max-snippet:-1","max-image-preview":"max-image-preview:large","max-video-preview":"max-video-preview:-1"},"canonical":"https:\/\/filaplast-3d.si\/hr\/privacy-policy\/","og_locale":"hr_HR","og_type":"article","og_title":"Pravilnik o zasebnosti - FILAPLAST 3D","og_description":"Varovanje osebnih podatkov Filaplast-3d.si se zavezuje, da bo va\u0161e osebne podatke varoval v skladu z Zakonom o varstvu zasebnih podatkov. Va\u0161i podatki se bodo uporabljali samo za interne namene Filaplast-3d.si in jih ne bomo posredovali tretjim osebam. Uporaba pi\u0161kotkov Pi\u0161kotki so besedilne datoteke, ki jih na va\u0161 ra\u010dunalnik nalo\u017ei spletni stre\u017enik. Pi\u0161kotki ne vsebujejo nobenih [...]","og_url":"https:\/\/filaplast-3d.si\/hr\/privacy-policy\/","og_site_name":"FILAPLAST 3D","article_publisher":"https:\/\/www.facebook.com\/Filaplast3D","article_modified_time":"2022-09-19T18:47:18+00:00","twitter_card":"summary_large_image","twitter_misc":{"Procijenjeno vrijeme \u010ditanja":"2 minute"},"schema":{"@context":"https:\/\/schema.org","@graph":[{"@type":"WebPage","@id":"https:\/\/filaplast-3d.si\/privacy-policy\/","url":"https:\/\/filaplast-3d.si\/privacy-policy\/","name":"Pravilnik o zasebnosti - FILAPLAST 3D","isPartOf":{"@id":"https:\/\/filaplast-3d.si\/#website"},"datePublished":"2021-04-03T11:22:24+00:00","dateModified":"2022-09-19T18:47:18+00:00","breadcrumb":{"@id":"https:\/\/filaplast-3d.si\/privacy-policy\/#breadcrumb"},"inLanguage":"hr","potentialAction":[{"@type":"ReadAction","target":["https:\/\/filaplast-3d.si\/privacy-policy\/"]}]},{"@type":"BreadcrumbList","@id":"https:\/\/filaplast-3d.si\/privacy-policy\/#breadcrumb","itemListElement":[{"@type":"ListItem","position":1,"name":"Home","item":"https:\/\/filaplast-3d.si\/"},{"@type":"ListItem","position":2,"name":"Pravilnik o zasebnosti"}]},{"@type":"WebSite","@id":"https:\/\/filaplast-3d.si\/#website","url":"https:\/\/filaplast-3d.si\/","name":"Filaplast 3D","description":"Filament za 3D ispis","publisher":{"@id":"https:\/\/filaplast-3d.si\/#organization"},"potentialAction":[{"@type":"SearchAction","target":{"@type":"EntryPoint","urlTemplate":"https:\/\/filaplast-3d.si\/?s={search_term_string}"},"query-input":{"@type":"PropertyValueSpecification","valueRequired":true,"valueName":"search_term_string"}}],"inLanguage":"hr"},{"@type":"Organization","@id":"https:\/\/filaplast-3d.si\/#organization","name":"Filaplast 3D","url":"https:\/\/filaplast-3d.si\/","logo":{"@type":"ImageObject","inLanguage":"hr","@id":"https:\/\/filaplast-3d.si\/#\/schema\/logo\/image\/","url":"https:\/\/filaplast-3d.si\/wp-content\/uploads\/2022\/01\/FILAPLAST_Logo_horizontal_red_1.png","contentUrl":"https:\/\/filaplast-3d.si\/wp-content\/uploads\/2022\/01\/FILAPLAST_Logo_horizontal_red_1.png","width":2000,"height":243,"caption":"Filaplast 3D"},"image":{"@id":"https:\/\/filaplast-3d.si\/#\/schema\/logo\/image\/"},"sameAs":["https:\/\/www.facebook.com\/Filaplast3D","https:\/\/www.instagram.com\/filaplast3d\/"]}]}},"_links":{"self":[{"href":"https:\/\/filaplast-3d.si\/hr\/wp-json\/wp\/v2\/pages\/3","targetHints":{"allow":["GET"]}}],"collection":[{"href":"https:\/\/filaplast-3d.si\/hr\/wp-json\/wp\/v2\/pages"}],"about":[{"href":"https:\/\/filaplast-3d.si\/hr\/wp-json\/wp\/v2\/types\/page"}],"author":[{"embeddable":true,"href":"https:\/\/filaplast-3d.si\/hr\/wp-json\/wp\/v2\/users\/1"}],"replies":[{"embeddable":true,"href":"https:\/\/filaplast-3d.si\/hr\/wp-json\/wp\/v2\/comments?post=3"}],"version-history":[{"count":0,"href":"https:\/\/filaplast-3d.si\/hr\/wp-json\/wp\/v2\/pages\/3\/revisions"}],"wp:attachment":[{"href":"https:\/\/filaplast-3d.si\/hr\/wp-json\/wp\/v2\/media?parent=3"}],"curies":[{"name":"wp","href":"https:\/\/api.w.org\/{rel}","templated":true}]}}