{"id":1022,"date":"2023-12-03T20:52:44","date_gmt":"2023-12-03T19:52:44","guid":{"rendered":"https:\/\/filaplast-3d.si\/?post_type=product&#038;p=1022"},"modified":"2026-04-08T10:32:07","modified_gmt":"2026-04-08T08:32:07","slug":"mystery-box-pla-in-petg","status":"publish","type":"product","link":"https:\/\/filaplast-3d.si\/hr\/product\/mystery-box-pla-in-petg\/","title":{"rendered":"MYSTERY BOX PLA\/PETG"},"content":{"rendered":"<p>Paket iznena\u0111enja \/ kutija misterija sadr\u017ei nasumi\u010dne ABS i ASA filamente. Paketom iznena\u0111enja tako\u0111er \u0161tedite, jer bi kupnjom pojedina\u010dnih proizvoda dobili manje za istu cijenu. Paket iznena\u0111enja \/ kutija misterija mo\u017ee sadr\u017eavati filamente koji nisu objavljeni u online trgovini, testne filamente, role na kojima nije 1 kg filamenta. Paket iznena\u0111enja \/ kutija misterija sadr\u017ei minimalno 3,5 kg filamenta.<\/p>\n<p>&nbsp;<\/p>\n<p>PLA (polikliti\u010dka kiselina) filamenti se naj\u010de\u0161\u0107e koriste zbog jednostavnosti ispisa, budu\u0107i da se ne savijaju niti skupljaju tijekom ispisa toliko kao filamenti izra\u0111eni od drugih materijala. Jo\u0161 jedna prednost PLA je \u0161to je ekolo\u0161ki prihvatljiviji od ostalih filamenata, jer je izra\u0111en od biomaterijala i biorazgradiv.<\/p>\n<p>Debljina filamenta je 1,75 mm (\u00b1 0,05 mm). Filament je kompatibilan s ve\u0107inom FDM 3D printera<\/p>\n<p>Preporu\u010dene postavke:<br \/>\nTemperatura mlaznice: 190-230\u00b0C<br \/>\nTemperatura stola: 0-60\u00b0C<br \/>\nMe\u0111utim, imajte na umu da je temperatura mlaznice i povr\u0161ine varira ovisno o primjeni razli\u010ditih 3D pisa\u010da.<\/p>\n<p>&nbsp;<\/p>\n<p>PETG filament (polietilen tereftalat oja\u010dan glikolom) je filament s izvrsnim svojstvima jer kombinira svojstva ABS i PLA filamenta. \u010cvrst je, otporan na temperature, izuzetno izdr\u017eljiv i jednostavan za ispis. Debljina filamenta je 1,75 mm (\u00b1 0,05 mm). Filament je kompatibilan s ve\u0107inom FDM 3D printera.<\/p>\n<p>Preporu\u010dene postavke:<br \/>\nTemperatura mlaznice: 230\u2013250 \u00b0C<br \/>\nTemperatura stola: 75-90\u00b0C<br \/>\nImajte na umu da temperatura mlaznice i podloge varira ovisno o kori\u0161tenju razli\u010ditih 3D printera.<\/p>","protected":false},"excerpt":{"rendered":"<p>Paket iznena\u0111enja \/ mystery box sadr\u017ei nasumi\u010dne PLA i PETG filamente. Paketom iznena\u0111enja tako\u0111er \u0161tedite, jer biste kupnjom pojedina\u010dnih proizvoda dobili manje za istu cijenu.<\/p>\n<p>Paket iznena\u0111enja \/ mystery box mo\u017ee sadr\u017eavati filamente koji nisu objavljeni u online trgovini, testne filamente, role koje nemaju 1kg filamenta. Paket iznena\u0111enja \/ mystery box sadr\u017eava minimalno 3,5kg filamenta.<\/p>","protected":false},"featured_media":1039,"comment_status":"open","ping_status":"closed","template":"","meta":[],"product_brand":[],"product_cat":[111,20,21],"product_tag":[],"class_list":{"0":"post-1022","1":"product","2":"type-product","3":"status-publish","4":"has-post-thumbnail","6":"product_cat-paketi","7":"product_cat-petg","8":"product_cat-pla","10":"first","11":"onbackorder","12":"featured","13":"taxable","14":"shipping-taxable","15":"purchasable","16":"product-type-simple"},"yoast_head":"<!-- This site is optimized with the Yoast SEO plugin v26.7 - https:\/\/yoast.com\/wordpress\/plugins\/seo\/ -->\n<title>Mystery Box PLA\/PETG - FILAPLAST 3D<\/title>\n<meta name=\"description\" content=\"Paket presene\u010denja \/ mystery box vsebuje naklju\u010dne filamente PLA in PETG. S paketom presene\u010denja tudi prihranite, saj bi z nakupom posameznih izdelkov dobili manj za isto ceno. Paket presene\u010denja \/ mystery box lahko vsebuje filamente, ki niso objavljeni v spletni trgovini, testne filamente, kolute na katerih ni 1kg filamenta. Paket presene\u010denja \/ mystery box vsebuje minimalno 3,5kg filamenta.\" \/>\n<meta name=\"robots\" content=\"index, follow, max-snippet:-1, max-image-preview:large, max-video-preview:-1\" \/>\n<link rel=\"canonical\" href=\"https:\/\/filaplast-3d.si\/hr\/product\/mystery-box-pla-in-petg\/\" \/>\n<meta property=\"og:locale\" content=\"hr_HR\" \/>\n<meta property=\"og:type\" content=\"article\" \/>\n<meta property=\"og:title\" content=\"Mystery Box PLA\/PETG - FILAPLAST 3D\" \/>\n<meta property=\"og:description\" content=\"Paket presene\u010denja \/ mystery box vsebuje naklju\u010dne filamente PLA in PETG. S paketom presene\u010denja tudi prihranite, saj bi z nakupom posameznih izdelkov dobili manj za isto ceno. Paket presene\u010denja \/ mystery box lahko vsebuje filamente, ki niso objavljeni v spletni trgovini, testne filamente, kolute na katerih ni 1kg filamenta. Paket presene\u010denja \/ mystery box vsebuje minimalno 3,5kg filamenta.\" \/>\n<meta property=\"og:url\" content=\"https:\/\/filaplast-3d.si\/hr\/product\/mystery-box-pla-in-petg\/\" \/>\n<meta property=\"og:site_name\" content=\"FILAPLAST 3D\" \/>\n<meta property=\"article:publisher\" content=\"https:\/\/www.facebook.com\/Filaplast3D\" \/>\n<meta property=\"article:modified_time\" content=\"2026-04-08T08:32:07+00:00\" \/>\n<meta property=\"og:image\" content=\"https:\/\/filaplast-3d.si\/wp-content\/uploads\/2023\/12\/mystery-box.png\" \/>\n\t<meta property=\"og:image:width\" content=\"1080\" \/>\n\t<meta property=\"og:image:height\" content=\"1080\" \/>\n\t<meta property=\"og:image:type\" content=\"image\/png\" \/>\n<meta name=\"twitter:card\" content=\"summary_large_image\" \/>\n<meta name=\"twitter:label1\" content=\"Procijenjeno vrijeme \u010ditanja\" \/>\n\t<meta name=\"twitter:data1\" content=\"2 minute\" \/>\n<script type=\"application\/ld+json\" class=\"yoast-schema-graph\">{\"@context\":\"https:\/\/schema.org\",\"@graph\":[{\"@type\":\"WebPage\",\"@id\":\"https:\/\/filaplast-3d.si\/product\/mystery-box-pla-in-petg\/\",\"url\":\"https:\/\/filaplast-3d.si\/product\/mystery-box-pla-in-petg\/\",\"name\":\"Mystery Box PLA\/PETG - FILAPLAST 3D\",\"isPartOf\":{\"@id\":\"https:\/\/filaplast-3d.si\/#website\"},\"primaryImageOfPage\":{\"@id\":\"https:\/\/filaplast-3d.si\/product\/mystery-box-pla-in-petg\/#primaryimage\"},\"image\":{\"@id\":\"https:\/\/filaplast-3d.si\/product\/mystery-box-pla-in-petg\/#primaryimage\"},\"thumbnailUrl\":\"https:\/\/filaplast-3d.si\/wp-content\/uploads\/2023\/12\/mystery-box.png\",\"datePublished\":\"2023-12-03T19:52:44+00:00\",\"dateModified\":\"2026-04-08T08:32:07+00:00\",\"description\":\"Paket presene\u010denja \/ mystery box vsebuje naklju\u010dne filamente PLA in PETG. S paketom presene\u010denja tudi prihranite, saj bi z nakupom posameznih izdelkov dobili manj za isto ceno. Paket presene\u010denja \/ mystery box lahko vsebuje filamente, ki niso objavljeni v spletni trgovini, testne filamente, kolute na katerih ni 1kg filamenta. Paket presene\u010denja \/ mystery box vsebuje minimalno 3,5kg filamenta.\",\"breadcrumb\":{\"@id\":\"https:\/\/filaplast-3d.si\/product\/mystery-box-pla-in-petg\/#breadcrumb\"},\"inLanguage\":\"hr\",\"potentialAction\":[{\"@type\":\"ReadAction\",\"target\":[\"https:\/\/filaplast-3d.si\/product\/mystery-box-pla-in-petg\/\"]}]},{\"@type\":\"ImageObject\",\"inLanguage\":\"hr\",\"@id\":\"https:\/\/filaplast-3d.si\/product\/mystery-box-pla-in-petg\/#primaryimage\",\"url\":\"https:\/\/filaplast-3d.si\/wp-content\/uploads\/2023\/12\/mystery-box.png\",\"contentUrl\":\"https:\/\/filaplast-3d.si\/wp-content\/uploads\/2023\/12\/mystery-box.png\",\"width\":1080,\"height\":1080},{\"@type\":\"BreadcrumbList\",\"@id\":\"https:\/\/filaplast-3d.si\/product\/mystery-box-pla-in-petg\/#breadcrumb\",\"itemListElement\":[{\"@type\":\"ListItem\",\"position\":1,\"name\":\"Home\",\"item\":\"https:\/\/filaplast-3d.si\/\"},{\"@type\":\"ListItem\",\"position\":2,\"name\":\"Trgovina\",\"item\":\"https:\/\/filaplast-3d.si\/shop\/\"},{\"@type\":\"ListItem\",\"position\":3,\"name\":\"Mystery Box PLA\/PETG\"}]},{\"@type\":\"WebSite\",\"@id\":\"https:\/\/filaplast-3d.si\/#website\",\"url\":\"https:\/\/filaplast-3d.si\/\",\"name\":\"Filaplast 3D\",\"description\":\"Filament za 3D tiskanje\",\"publisher\":{\"@id\":\"https:\/\/filaplast-3d.si\/#organization\"},\"potentialAction\":[{\"@type\":\"SearchAction\",\"target\":{\"@type\":\"EntryPoint\",\"urlTemplate\":\"https:\/\/filaplast-3d.si\/?s={search_term_string}\"},\"query-input\":{\"@type\":\"PropertyValueSpecification\",\"valueRequired\":true,\"valueName\":\"search_term_string\"}}],\"inLanguage\":\"hr\"},{\"@type\":\"Organization\",\"@id\":\"https:\/\/filaplast-3d.si\/#organization\",\"name\":\"Filaplast 3D\",\"url\":\"https:\/\/filaplast-3d.si\/\",\"logo\":{\"@type\":\"ImageObject\",\"inLanguage\":\"hr\",\"@id\":\"https:\/\/filaplast-3d.si\/#\/schema\/logo\/image\/\",\"url\":\"https:\/\/filaplast-3d.si\/wp-content\/uploads\/2022\/01\/FILAPLAST_Logo_horizontal_red_1.png\",\"contentUrl\":\"https:\/\/filaplast-3d.si\/wp-content\/uploads\/2022\/01\/FILAPLAST_Logo_horizontal_red_1.png\",\"width\":2000,\"height\":243,\"caption\":\"Filaplast 3D\"},\"image\":{\"@id\":\"https:\/\/filaplast-3d.si\/#\/schema\/logo\/image\/\"},\"sameAs\":[\"https:\/\/www.facebook.com\/Filaplast3D\",\"https:\/\/www.instagram.com\/filaplast3d\/\"]}]}<\/script>\n<!-- \/ Yoast SEO plugin. -->","yoast_head_json":{"title":"Mystery Box PLA\/PETG - FILAPLAST 3D","description":"Paket iznena\u0111enja \/ kutija misterija sadr\u017ei nasumi\u010dne ABS i ASA filamente. Paketom iznena\u0111enja tako\u0111er \u0161tedite, jer bi kupnjom pojedina\u010dnih proizvoda dobili manje za istu cijenu. Paket iznena\u0111enja \/ kutija misterija mo\u017ee sadr\u017eavati filamente koji nisu objavljeni u online trgovini, testne filamente, role na kojima nije 1 kg filamenta. Paket iznena\u0111enja \/ kutija misterija sadr\u017ei minimalno 3,5 kg filamenta.","robots":{"index":"index","follow":"follow","max-snippet":"max-snippet:-1","max-image-preview":"max-image-preview:large","max-video-preview":"max-video-preview:-1"},"canonical":"https:\/\/filaplast-3d.si\/hr\/product\/mystery-box-pla-in-petg\/","og_locale":"hr_HR","og_type":"article","og_title":"Mystery Box PLA\/PETG - FILAPLAST 3D","og_description":"Paket presene\u010denja \/ mystery box vsebuje naklju\u010dne filamente PLA in PETG. S paketom presene\u010denja tudi prihranite, saj bi z nakupom posameznih izdelkov dobili manj za isto ceno. Paket presene\u010denja \/ mystery box lahko vsebuje filamente, ki niso objavljeni v spletni trgovini, testne filamente, kolute na katerih ni 1kg filamenta. Paket presene\u010denja \/ mystery box vsebuje minimalno 3,5kg filamenta.","og_url":"https:\/\/filaplast-3d.si\/hr\/product\/mystery-box-pla-in-petg\/","og_site_name":"FILAPLAST 3D","article_publisher":"https:\/\/www.facebook.com\/Filaplast3D","article_modified_time":"2026-04-08T08:32:07+00:00","og_image":[{"width":1080,"height":1080,"url":"https:\/\/filaplast-3d.si\/wp-content\/uploads\/2023\/12\/mystery-box.png","type":"image\/png"}],"twitter_card":"summary_large_image","twitter_misc":{"Procijenjeno vrijeme \u010ditanja":"2 minute"},"schema":{"@context":"https:\/\/schema.org","@graph":[{"@type":"WebPage","@id":"https:\/\/filaplast-3d.si\/product\/mystery-box-pla-in-petg\/","url":"https:\/\/filaplast-3d.si\/product\/mystery-box-pla-in-petg\/","name":"Mystery Box PLA\/PETG - FILAPLAST 3D","isPartOf":{"@id":"https:\/\/filaplast-3d.si\/#website"},"primaryImageOfPage":{"@id":"https:\/\/filaplast-3d.si\/product\/mystery-box-pla-in-petg\/#primaryimage"},"image":{"@id":"https:\/\/filaplast-3d.si\/product\/mystery-box-pla-in-petg\/#primaryimage"},"thumbnailUrl":"https:\/\/filaplast-3d.si\/wp-content\/uploads\/2023\/12\/mystery-box.png","datePublished":"2023-12-03T19:52:44+00:00","dateModified":"2026-04-08T08:32:07+00:00","description":"Paket iznena\u0111enja \/ kutija misterija sadr\u017ei nasumi\u010dne ABS i ASA filamente. Paketom iznena\u0111enja tako\u0111er \u0161tedite, jer bi kupnjom pojedina\u010dnih proizvoda dobili manje za istu cijenu. Paket iznena\u0111enja \/ kutija misterija mo\u017ee sadr\u017eavati filamente koji nisu objavljeni u online trgovini, testne filamente, role na kojima nije 1 kg filamenta. Paket iznena\u0111enja \/ kutija misterija sadr\u017ei minimalno 3,5 kg filamenta.","breadcrumb":{"@id":"https:\/\/filaplast-3d.si\/product\/mystery-box-pla-in-petg\/#breadcrumb"},"inLanguage":"hr","potentialAction":[{"@type":"ReadAction","target":["https:\/\/filaplast-3d.si\/product\/mystery-box-pla-in-petg\/"]}]},{"@type":"ImageObject","inLanguage":"hr","@id":"https:\/\/filaplast-3d.si\/product\/mystery-box-pla-in-petg\/#primaryimage","url":"https:\/\/filaplast-3d.si\/wp-content\/uploads\/2023\/12\/mystery-box.png","contentUrl":"https:\/\/filaplast-3d.si\/wp-content\/uploads\/2023\/12\/mystery-box.png","width":1080,"height":1080},{"@type":"BreadcrumbList","@id":"https:\/\/filaplast-3d.si\/product\/mystery-box-pla-in-petg\/#breadcrumb","itemListElement":[{"@type":"ListItem","position":1,"name":"Home","item":"https:\/\/filaplast-3d.si\/"},{"@type":"ListItem","position":2,"name":"Trgovina","item":"https:\/\/filaplast-3d.si\/shop\/"},{"@type":"ListItem","position":3,"name":"Mystery Box PLA\/PETG"}]},{"@type":"WebSite","@id":"https:\/\/filaplast-3d.si\/#website","url":"https:\/\/filaplast-3d.si\/","name":"Filaplast 3D","description":"Filament za 3D ispis","publisher":{"@id":"https:\/\/filaplast-3d.si\/#organization"},"potentialAction":[{"@type":"SearchAction","target":{"@type":"EntryPoint","urlTemplate":"https:\/\/filaplast-3d.si\/?s={search_term_string}"},"query-input":{"@type":"PropertyValueSpecification","valueRequired":true,"valueName":"search_term_string"}}],"inLanguage":"hr"},{"@type":"Organization","@id":"https:\/\/filaplast-3d.si\/#organization","name":"Filaplast 3D","url":"https:\/\/filaplast-3d.si\/","logo":{"@type":"ImageObject","inLanguage":"hr","@id":"https:\/\/filaplast-3d.si\/#\/schema\/logo\/image\/","url":"https:\/\/filaplast-3d.si\/wp-content\/uploads\/2022\/01\/FILAPLAST_Logo_horizontal_red_1.png","contentUrl":"https:\/\/filaplast-3d.si\/wp-content\/uploads\/2022\/01\/FILAPLAST_Logo_horizontal_red_1.png","width":2000,"height":243,"caption":"Filaplast 3D"},"image":{"@id":"https:\/\/filaplast-3d.si\/#\/schema\/logo\/image\/"},"sameAs":["https:\/\/www.facebook.com\/Filaplast3D","https:\/\/www.instagram.com\/filaplast3d\/"]}]}},"_links":{"self":[{"href":"https:\/\/filaplast-3d.si\/hr\/wp-json\/wp\/v2\/product\/1022","targetHints":{"allow":["GET"]}}],"collection":[{"href":"https:\/\/filaplast-3d.si\/hr\/wp-json\/wp\/v2\/product"}],"about":[{"href":"https:\/\/filaplast-3d.si\/hr\/wp-json\/wp\/v2\/types\/product"}],"replies":[{"embeddable":true,"href":"https:\/\/filaplast-3d.si\/hr\/wp-json\/wp\/v2\/comments?post=1022"}],"wp:featuredmedia":[{"embeddable":true,"href":"https:\/\/filaplast-3d.si\/hr\/wp-json\/wp\/v2\/media\/1039"}],"wp:attachment":[{"href":"https:\/\/filaplast-3d.si\/hr\/wp-json\/wp\/v2\/media?parent=1022"}],"wp:term":[{"taxonomy":"product_brand","embeddable":true,"href":"https:\/\/filaplast-3d.si\/hr\/wp-json\/wp\/v2\/product_brand?post=1022"},{"taxonomy":"product_cat","embeddable":true,"href":"https:\/\/filaplast-3d.si\/hr\/wp-json\/wp\/v2\/product_cat?post=1022"},{"taxonomy":"product_tag","embeddable":true,"href":"https:\/\/filaplast-3d.si\/hr\/wp-json\/wp\/v2\/product_tag?post=1022"}],"curies":[{"name":"wp","href":"https:\/\/api.w.org\/{rel}","templated":true}]}}