{"id":1364,"date":"2024-08-02T19:03:19","date_gmt":"2024-08-02T17:03:19","guid":{"rendered":"https:\/\/filaplast-3d.si\/?post_type=product&#038;p=1364"},"modified":"2026-04-08T10:32:30","modified_gmt":"2026-04-08T08:32:30","slug":"pla-les-2","status":"publish","type":"product","link":"https:\/\/filaplast-3d.si\/hr\/product\/pla-les-2\/","title":{"rendered":"Drvo PLA"},"content":{"rendered":"<p>\u0160e vedno obdelujete les ali \u017ee tiskate? Filamenti iz lesa ne le da izgledajo kot les, temve\u010d je tudi otip in vonj kot pravi les. Lesno polnilo omogo\u010da naravni, unikatni videz. Tako kot les lahko na\u0161 filament barvate ali lakirate, fizikalne lastnosti so zelo podobne. Z filamentom les v va\u0161o tiskarsko sobo vnesite sve\u017e vonj po lesu.<\/p>\n<p>Debljina filamenta je 1,75 mm (\u00b1 0,05 mm). Filament je kompatibilan s ve\u0107inom FDM 3D printera<\/p>\n<p>Preporu\u010dene postavke:<br \/>\nTemperatura mlaznice: 180\u2013210 \u00b0C<br \/>\nTemperatura stola: 0-60\u00b0C<br \/>\nPreporu\u010dena upotreba mlaznice od 0,6 mm ili vi\u0161e<br \/>\nImajte na umu da temperatura mlaznice i podloge varira ovisno o kori\u0161tenju razli\u010ditih 3D printera.<\/p>","protected":false},"excerpt":{"rendered":"<p>Drvo PLA<\/p>\n<p>Te\u017ea filamenta: 750g ali 1kg<\/p>\n<p>Debljina singla: 1,75 mm<\/p>","protected":false},"featured_media":1367,"comment_status":"open","ping_status":"closed","template":"","meta":[],"product_brand":[],"product_cat":[85,21],"product_tag":[],"class_list":{"0":"post-1364","1":"product","2":"type-product","3":"status-publish","4":"has-post-thumbnail","6":"product_cat-lesni-filamenti","7":"product_cat-pla","9":"first","10":"instock","11":"sale","12":"featured","13":"taxable","14":"shipping-taxable","15":"purchasable","16":"product-type-variable","17":"has-default-attributes"},"yoast_head":"<!-- This site is optimized with the Yoast SEO plugin v26.7 - https:\/\/yoast.com\/wordpress\/plugins\/seo\/ -->\n<title>PLA Les - FILAPLAST 3D<\/title>\n<meta name=\"robots\" content=\"index, follow, max-snippet:-1, max-image-preview:large, max-video-preview:-1\" \/>\n<link rel=\"canonical\" href=\"https:\/\/filaplast-3d.si\/hr\/product\/pla-les-2\/\" \/>\n<meta property=\"og:locale\" content=\"hr_HR\" \/>\n<meta property=\"og:type\" content=\"article\" \/>\n<meta property=\"og:title\" content=\"PLA Les - FILAPLAST 3D\" \/>\n<meta property=\"og:description\" content=\"PLA Les  Te\u017ea filamenta: 750g ali 1kg  Debelina filamenta: 1,75mm\" \/>\n<meta property=\"og:url\" content=\"https:\/\/filaplast-3d.si\/hr\/product\/pla-les-2\/\" \/>\n<meta property=\"og:site_name\" content=\"FILAPLAST 3D\" \/>\n<meta property=\"article:publisher\" content=\"https:\/\/www.facebook.com\/Filaplast3D\" \/>\n<meta property=\"article:modified_time\" content=\"2026-04-08T08:32:30+00:00\" \/>\n<meta property=\"og:image\" content=\"https:\/\/filaplast-3d.si\/wp-content\/uploads\/2024\/08\/PLA-les.jpg\" \/>\n\t<meta property=\"og:image:width\" content=\"1798\" \/>\n\t<meta property=\"og:image:height\" content=\"2110\" \/>\n\t<meta property=\"og:image:type\" content=\"image\/jpeg\" \/>\n<meta name=\"twitter:card\" content=\"summary_large_image\" \/>\n<meta name=\"twitter:label1\" content=\"Procijenjeno vrijeme \u010ditanja\" \/>\n\t<meta name=\"twitter:data1\" content=\"1 minuta\" \/>\n<script type=\"application\/ld+json\" class=\"yoast-schema-graph\">{\"@context\":\"https:\/\/schema.org\",\"@graph\":[{\"@type\":\"WebPage\",\"@id\":\"https:\/\/filaplast-3d.si\/sl\/product\/pla-les-2\/\",\"url\":\"https:\/\/filaplast-3d.si\/sl\/product\/pla-les-2\/\",\"name\":\"PLA Les - FILAPLAST 3D\",\"isPartOf\":{\"@id\":\"https:\/\/filaplast-3d.si\/#website\"},\"primaryImageOfPage\":{\"@id\":\"https:\/\/filaplast-3d.si\/sl\/product\/pla-les-2\/#primaryimage\"},\"image\":{\"@id\":\"https:\/\/filaplast-3d.si\/sl\/product\/pla-les-2\/#primaryimage\"},\"thumbnailUrl\":\"https:\/\/filaplast-3d.si\/wp-content\/uploads\/2024\/08\/PLA-les.jpg\",\"datePublished\":\"2024-08-02T17:03:19+00:00\",\"dateModified\":\"2026-04-08T08:32:30+00:00\",\"breadcrumb\":{\"@id\":\"https:\/\/filaplast-3d.si\/sl\/product\/pla-les-2\/#breadcrumb\"},\"inLanguage\":\"hr\",\"potentialAction\":[{\"@type\":\"ReadAction\",\"target\":[\"https:\/\/filaplast-3d.si\/sl\/product\/pla-les-2\/\"]}]},{\"@type\":\"ImageObject\",\"inLanguage\":\"hr\",\"@id\":\"https:\/\/filaplast-3d.si\/sl\/product\/pla-les-2\/#primaryimage\",\"url\":\"https:\/\/filaplast-3d.si\/wp-content\/uploads\/2024\/08\/PLA-les.jpg\",\"contentUrl\":\"https:\/\/filaplast-3d.si\/wp-content\/uploads\/2024\/08\/PLA-les.jpg\",\"width\":1798,\"height\":2110},{\"@type\":\"BreadcrumbList\",\"@id\":\"https:\/\/filaplast-3d.si\/sl\/product\/pla-les-2\/#breadcrumb\",\"itemListElement\":[{\"@type\":\"ListItem\",\"position\":1,\"name\":\"Home\",\"item\":\"https:\/\/filaplast-3d.si\/\"},{\"@type\":\"ListItem\",\"position\":2,\"name\":\"Trgovina\",\"item\":\"https:\/\/filaplast-3d.si\/shop\/\"},{\"@type\":\"ListItem\",\"position\":3,\"name\":\"PLA Les\"}]},{\"@type\":\"WebSite\",\"@id\":\"https:\/\/filaplast-3d.si\/#website\",\"url\":\"https:\/\/filaplast-3d.si\/\",\"name\":\"Filaplast 3D\",\"description\":\"Filament za 3D tiskanje\",\"publisher\":{\"@id\":\"https:\/\/filaplast-3d.si\/#organization\"},\"potentialAction\":[{\"@type\":\"SearchAction\",\"target\":{\"@type\":\"EntryPoint\",\"urlTemplate\":\"https:\/\/filaplast-3d.si\/?s={search_term_string}\"},\"query-input\":{\"@type\":\"PropertyValueSpecification\",\"valueRequired\":true,\"valueName\":\"search_term_string\"}}],\"inLanguage\":\"hr\"},{\"@type\":\"Organization\",\"@id\":\"https:\/\/filaplast-3d.si\/#organization\",\"name\":\"Filaplast 3D\",\"url\":\"https:\/\/filaplast-3d.si\/\",\"logo\":{\"@type\":\"ImageObject\",\"inLanguage\":\"hr\",\"@id\":\"https:\/\/filaplast-3d.si\/#\/schema\/logo\/image\/\",\"url\":\"https:\/\/filaplast-3d.si\/wp-content\/uploads\/2022\/01\/FILAPLAST_Logo_horizontal_red_1.png\",\"contentUrl\":\"https:\/\/filaplast-3d.si\/wp-content\/uploads\/2022\/01\/FILAPLAST_Logo_horizontal_red_1.png\",\"width\":2000,\"height\":243,\"caption\":\"Filaplast 3D\"},\"image\":{\"@id\":\"https:\/\/filaplast-3d.si\/#\/schema\/logo\/image\/\"},\"sameAs\":[\"https:\/\/www.facebook.com\/Filaplast3D\",\"https:\/\/www.instagram.com\/filaplast3d\/\"]}]}<\/script>\n<!-- \/ Yoast SEO plugin. -->","yoast_head_json":{"title":"PLA Les - FILAPLAST 3D","robots":{"index":"index","follow":"follow","max-snippet":"max-snippet:-1","max-image-preview":"max-image-preview:large","max-video-preview":"max-video-preview:-1"},"canonical":"https:\/\/filaplast-3d.si\/hr\/product\/pla-les-2\/","og_locale":"hr_HR","og_type":"article","og_title":"PLA Les - FILAPLAST 3D","og_description":"PLA Les  Te\u017ea filamenta: 750g ali 1kg  Debelina filamenta: 1,75mm","og_url":"https:\/\/filaplast-3d.si\/hr\/product\/pla-les-2\/","og_site_name":"FILAPLAST 3D","article_publisher":"https:\/\/www.facebook.com\/Filaplast3D","article_modified_time":"2026-04-08T08:32:30+00:00","og_image":[{"width":1798,"height":2110,"url":"https:\/\/filaplast-3d.si\/wp-content\/uploads\/2024\/08\/PLA-les.jpg","type":"image\/jpeg"}],"twitter_card":"summary_large_image","twitter_misc":{"Procijenjeno vrijeme \u010ditanja":"1 minuta"},"schema":{"@context":"https:\/\/schema.org","@graph":[{"@type":"WebPage","@id":"https:\/\/filaplast-3d.si\/sl\/product\/pla-les-2\/","url":"https:\/\/filaplast-3d.si\/sl\/product\/pla-les-2\/","name":"PLA Les - FILAPLAST 3D","isPartOf":{"@id":"https:\/\/filaplast-3d.si\/#website"},"primaryImageOfPage":{"@id":"https:\/\/filaplast-3d.si\/sl\/product\/pla-les-2\/#primaryimage"},"image":{"@id":"https:\/\/filaplast-3d.si\/sl\/product\/pla-les-2\/#primaryimage"},"thumbnailUrl":"https:\/\/filaplast-3d.si\/wp-content\/uploads\/2024\/08\/PLA-les.jpg","datePublished":"2024-08-02T17:03:19+00:00","dateModified":"2026-04-08T08:32:30+00:00","breadcrumb":{"@id":"https:\/\/filaplast-3d.si\/sl\/product\/pla-les-2\/#breadcrumb"},"inLanguage":"hr","potentialAction":[{"@type":"ReadAction","target":["https:\/\/filaplast-3d.si\/sl\/product\/pla-les-2\/"]}]},{"@type":"ImageObject","inLanguage":"hr","@id":"https:\/\/filaplast-3d.si\/sl\/product\/pla-les-2\/#primaryimage","url":"https:\/\/filaplast-3d.si\/wp-content\/uploads\/2024\/08\/PLA-les.jpg","contentUrl":"https:\/\/filaplast-3d.si\/wp-content\/uploads\/2024\/08\/PLA-les.jpg","width":1798,"height":2110},{"@type":"BreadcrumbList","@id":"https:\/\/filaplast-3d.si\/sl\/product\/pla-les-2\/#breadcrumb","itemListElement":[{"@type":"ListItem","position":1,"name":"Home","item":"https:\/\/filaplast-3d.si\/"},{"@type":"ListItem","position":2,"name":"Trgovina","item":"https:\/\/filaplast-3d.si\/shop\/"},{"@type":"ListItem","position":3,"name":"PLA Les"}]},{"@type":"WebSite","@id":"https:\/\/filaplast-3d.si\/#website","url":"https:\/\/filaplast-3d.si\/","name":"Filaplast 3D","description":"Filament za 3D ispis","publisher":{"@id":"https:\/\/filaplast-3d.si\/#organization"},"potentialAction":[{"@type":"SearchAction","target":{"@type":"EntryPoint","urlTemplate":"https:\/\/filaplast-3d.si\/?s={search_term_string}"},"query-input":{"@type":"PropertyValueSpecification","valueRequired":true,"valueName":"search_term_string"}}],"inLanguage":"hr"},{"@type":"Organization","@id":"https:\/\/filaplast-3d.si\/#organization","name":"Filaplast 3D","url":"https:\/\/filaplast-3d.si\/","logo":{"@type":"ImageObject","inLanguage":"hr","@id":"https:\/\/filaplast-3d.si\/#\/schema\/logo\/image\/","url":"https:\/\/filaplast-3d.si\/wp-content\/uploads\/2022\/01\/FILAPLAST_Logo_horizontal_red_1.png","contentUrl":"https:\/\/filaplast-3d.si\/wp-content\/uploads\/2022\/01\/FILAPLAST_Logo_horizontal_red_1.png","width":2000,"height":243,"caption":"Filaplast 3D"},"image":{"@id":"https:\/\/filaplast-3d.si\/#\/schema\/logo\/image\/"},"sameAs":["https:\/\/www.facebook.com\/Filaplast3D","https:\/\/www.instagram.com\/filaplast3d\/"]}]}},"_links":{"self":[{"href":"https:\/\/filaplast-3d.si\/hr\/wp-json\/wp\/v2\/product\/1364","targetHints":{"allow":["GET"]}}],"collection":[{"href":"https:\/\/filaplast-3d.si\/hr\/wp-json\/wp\/v2\/product"}],"about":[{"href":"https:\/\/filaplast-3d.si\/hr\/wp-json\/wp\/v2\/types\/product"}],"replies":[{"embeddable":true,"href":"https:\/\/filaplast-3d.si\/hr\/wp-json\/wp\/v2\/comments?post=1364"}],"wp:featuredmedia":[{"embeddable":true,"href":"https:\/\/filaplast-3d.si\/hr\/wp-json\/wp\/v2\/media\/1367"}],"wp:attachment":[{"href":"https:\/\/filaplast-3d.si\/hr\/wp-json\/wp\/v2\/media?parent=1364"}],"wp:term":[{"taxonomy":"product_brand","embeddable":true,"href":"https:\/\/filaplast-3d.si\/hr\/wp-json\/wp\/v2\/product_brand?post=1364"},{"taxonomy":"product_cat","embeddable":true,"href":"https:\/\/filaplast-3d.si\/hr\/wp-json\/wp\/v2\/product_cat?post=1364"},{"taxonomy":"product_tag","embeddable":true,"href":"https:\/\/filaplast-3d.si\/hr\/wp-json\/wp\/v2\/product_tag?post=1364"}],"curies":[{"name":"wp","href":"https:\/\/api.w.org\/{rel}","templated":true}]}}