{"id":1835,"date":"2025-08-17T20:13:18","date_gmt":"2025-08-17T18:13:18","guid":{"rendered":"https:\/\/filaplast-3d.si\/?post_type=product&#038;p=1835"},"modified":"2026-05-14T10:04:15","modified_gmt":"2026-05-14T08:04:15","slug":"re-petg-crna","status":"publish","type":"product","link":"https:\/\/filaplast-3d.si\/hr\/product\/re-petg-crna\/","title":{"rendered":"re PETG Crna"},"content":{"rendered":"<p>re PETG filament \u2013 odr\u017eivi izbor za 3D ispis\u00a0<img decoding=\"async\" class=\"an1\" draggable=\"false\" src=\"https:\/\/fonts.gstatic.com\/s\/e\/notoemoji\/16.0\/1f30d\/32.png\" alt=\"\ud83c\udf0d\" data-emoji=\"\ud83c\udf0d\" aria-label=\"\ud83c\udf0d\" \/><\/p>\n<p>Otkrijte na\u0161 re PETG filament, inovativno rje\u0161enje koje kombinira vrhunsku kvalitetu ispisa s ekolo\u0161ki prihvatljivim pristupom. Ovaj filament izra\u0111en je od recikliranog PETG materijala, \u0161to ne samo da smanjuje otpad ve\u0107 i poma\u017ee u za\u0161titi na\u0161eg planeta.<\/p>\n<p>**Klju\u010dne zna\u010dajke:**<\/p>\n<p>\u2013 **Ekolo\u0161ki prihvatljiv materijal:** Na\u0161 re PETG filament izra\u0111en je od 100% recikliranog PETG-a, \u0161to zna\u010di manje plasti\u010dnog otpada i zeleniju budu\u0107nost za sve nas.<br \/>\n\u2013 **Jednostavan ispis:** Filament savr\u0161eno pristaje raznim 3D pisa\u010dima i osigurava jednostavan i bezbri\u017ean ispis bez ikakvih problema.<br \/>\n\u2013 **Izvrsna kvaliteta ispisa:** S visokim prianjanjem izme\u0111u slojeva i minimalnim skupljanjem, na\u0161 filament osigurava \u010diste i precizne detalje te dugotrajne rezultate.<br \/>\n\u2013 **Visoka otpornost:** RE PETG je poznat po svojoj izdr\u017eljivosti i otpornosti na udarce, \u0161to ga \u010dini idealnim za razne primjene, od prototipova do gotovih proizvoda.<\/p>\n<p>**Za\u0161to odabrati re PETG?**<\/p>\n<p>Odabirom na\u0161eg re PETG filamenta ne samo da \u0107ete doprinijeti visokokvalitetnim projektima, ve\u0107 i podr\u017eati odr\u017eive prakse. Kupnjom poma\u017eete smanjiti svoj uglji\u010dni otisak i doprinosite kru\u017enom gospodarstvu.<\/p>\n<p>### Specifikacije:<\/p>\n<p>\u2013 **Promjer:** 1,75 mm +- 0,03 mm<br \/>\n\u2013 **Temperatura ispisa:** 230\u2013250 \u00b0C<br \/>\n\u2013 **Temperatura sloja:** 70-80 \u00b0C<br \/>\n\u2013 **Te\u017eina role:** 1 kg<\/p>\n<p>Zapo\u010dnite svoj odr\u017eivi 3D ispis s na\u0161im re PETG filamentom i oblikujte budu\u0107nost kakvu \u017eelite!<\/p>","protected":false},"excerpt":{"rendered":"<p>re PETG Crna<\/p>\n<p>Te\u017eina filamenta: 1000 g<\/p>\n<p>Debljina singla: 1,75 mm<\/p>\n<p>Otkrijte na\u0161 re PETG filament, inovativno rje\u0161enje koje kombinira vrhunsku kvalitetu ispisa s ekolo\u0161ki prihvatljivim pristupom. Ovaj filament izra\u0111en je od recikliranog PETG materijala, \u0161to ne samo da smanjuje otpad ve\u0107 i poma\u017ee u za\u0161titi na\u0161eg planeta.<\/p>","protected":false},"featured_media":1546,"comment_status":"open","ping_status":"closed","template":"","meta":[],"product_brand":[],"product_cat":[20,110],"product_tag":[],"class_list":{"0":"post-1835","1":"product","2":"type-product","3":"status-publish","4":"has-post-thumbnail","6":"product_cat-petg","7":"product_cat-petg-reciklirani","9":"first","10":"instock","11":"sale","12":"featured","13":"taxable","14":"shipping-taxable","15":"purchasable","16":"product-type-simple"},"yoast_head":"<!-- This site is optimized with the Yoast SEO plugin v26.7 - https:\/\/yoast.com\/wordpress\/plugins\/seo\/ -->\n<title>re PETG \u010crna - FILAPLAST 3D<\/title>\n<meta name=\"robots\" content=\"index, follow, max-snippet:-1, max-image-preview:large, max-video-preview:-1\" \/>\n<link rel=\"canonical\" href=\"https:\/\/filaplast-3d.si\/hr\/product\/re-petg-crna\/\" \/>\n<meta property=\"og:locale\" content=\"hr_HR\" \/>\n<meta property=\"og:type\" content=\"article\" \/>\n<meta property=\"og:title\" content=\"re PETG \u010crna - FILAPLAST 3D\" \/>\n<meta property=\"og:description\" content=\"re PETG \u010crna  Te\u017ea filamenta: 1000g  Debelina filamenta: 1,75mm  Odkrijte na\u0161 filament re PETG, inovativno re\u0161itev, ki zdru\u017euje vrhunsko kakovost tiskanja z okolju prijaznim pristopom. Ta filament je izdelan iz recikliranega PETG materiala, kar ne le zmanj\u0161uje odpadke, temve\u010d tudi pomaga pri za\u0161\u010diti na\u0161ega planeta.\" \/>\n<meta property=\"og:url\" content=\"https:\/\/filaplast-3d.si\/hr\/product\/re-petg-crna\/\" \/>\n<meta property=\"og:site_name\" content=\"FILAPLAST 3D\" \/>\n<meta property=\"article:publisher\" content=\"https:\/\/www.facebook.com\/Filaplast3D\" \/>\n<meta property=\"article:modified_time\" content=\"2026-05-14T08:04:15+00:00\" \/>\n<meta property=\"og:image\" content=\"https:\/\/filaplast-3d.si\/wp-content\/uploads\/2024\/11\/instories_0B57D191-2F98-4189-A9C8-85FC45775EF7.png\" \/>\n\t<meta property=\"og:image:width\" content=\"1080\" \/>\n\t<meta property=\"og:image:height\" content=\"1920\" \/>\n\t<meta property=\"og:image:type\" content=\"image\/png\" \/>\n<meta name=\"twitter:card\" content=\"summary_large_image\" \/>\n<meta name=\"twitter:label1\" content=\"Procijenjeno vrijeme \u010ditanja\" \/>\n\t<meta name=\"twitter:data1\" content=\"2 minute\" \/>\n<script type=\"application\/ld+json\" class=\"yoast-schema-graph\">{\"@context\":\"https:\/\/schema.org\",\"@graph\":[{\"@type\":\"WebPage\",\"@id\":\"https:\/\/filaplast-3d.si\/product\/re-petg-crna\/\",\"url\":\"https:\/\/filaplast-3d.si\/product\/re-petg-crna\/\",\"name\":\"re PETG \u010crna - FILAPLAST 3D\",\"isPartOf\":{\"@id\":\"https:\/\/filaplast-3d.si\/#website\"},\"primaryImageOfPage\":{\"@id\":\"https:\/\/filaplast-3d.si\/product\/re-petg-crna\/#primaryimage\"},\"image\":{\"@id\":\"https:\/\/filaplast-3d.si\/product\/re-petg-crna\/#primaryimage\"},\"thumbnailUrl\":\"https:\/\/filaplast-3d.si\/wp-content\/uploads\/2024\/11\/instories_0B57D191-2F98-4189-A9C8-85FC45775EF7.png\",\"datePublished\":\"2025-08-17T18:13:18+00:00\",\"dateModified\":\"2026-05-14T08:04:15+00:00\",\"breadcrumb\":{\"@id\":\"https:\/\/filaplast-3d.si\/product\/re-petg-crna\/#breadcrumb\"},\"inLanguage\":\"hr\",\"potentialAction\":[{\"@type\":\"ReadAction\",\"target\":[\"https:\/\/filaplast-3d.si\/product\/re-petg-crna\/\"]}]},{\"@type\":\"ImageObject\",\"inLanguage\":\"hr\",\"@id\":\"https:\/\/filaplast-3d.si\/product\/re-petg-crna\/#primaryimage\",\"url\":\"https:\/\/filaplast-3d.si\/wp-content\/uploads\/2024\/11\/instories_0B57D191-2F98-4189-A9C8-85FC45775EF7.png\",\"contentUrl\":\"https:\/\/filaplast-3d.si\/wp-content\/uploads\/2024\/11\/instories_0B57D191-2F98-4189-A9C8-85FC45775EF7.png\",\"width\":1080,\"height\":1920},{\"@type\":\"BreadcrumbList\",\"@id\":\"https:\/\/filaplast-3d.si\/product\/re-petg-crna\/#breadcrumb\",\"itemListElement\":[{\"@type\":\"ListItem\",\"position\":1,\"name\":\"Home\",\"item\":\"https:\/\/filaplast-3d.si\/\"},{\"@type\":\"ListItem\",\"position\":2,\"name\":\"Trgovina\",\"item\":\"https:\/\/filaplast-3d.si\/shop\/\"},{\"@type\":\"ListItem\",\"position\":3,\"name\":\"re PETG \u010crna\"}]},{\"@type\":\"WebSite\",\"@id\":\"https:\/\/filaplast-3d.si\/#website\",\"url\":\"https:\/\/filaplast-3d.si\/\",\"name\":\"Filaplast 3D\",\"description\":\"Filament za 3D tiskanje\",\"publisher\":{\"@id\":\"https:\/\/filaplast-3d.si\/#organization\"},\"potentialAction\":[{\"@type\":\"SearchAction\",\"target\":{\"@type\":\"EntryPoint\",\"urlTemplate\":\"https:\/\/filaplast-3d.si\/?s={search_term_string}\"},\"query-input\":{\"@type\":\"PropertyValueSpecification\",\"valueRequired\":true,\"valueName\":\"search_term_string\"}}],\"inLanguage\":\"hr\"},{\"@type\":\"Organization\",\"@id\":\"https:\/\/filaplast-3d.si\/#organization\",\"name\":\"Filaplast 3D\",\"url\":\"https:\/\/filaplast-3d.si\/\",\"logo\":{\"@type\":\"ImageObject\",\"inLanguage\":\"hr\",\"@id\":\"https:\/\/filaplast-3d.si\/#\/schema\/logo\/image\/\",\"url\":\"https:\/\/filaplast-3d.si\/wp-content\/uploads\/2022\/01\/FILAPLAST_Logo_horizontal_red_1.png\",\"contentUrl\":\"https:\/\/filaplast-3d.si\/wp-content\/uploads\/2022\/01\/FILAPLAST_Logo_horizontal_red_1.png\",\"width\":2000,\"height\":243,\"caption\":\"Filaplast 3D\"},\"image\":{\"@id\":\"https:\/\/filaplast-3d.si\/#\/schema\/logo\/image\/\"},\"sameAs\":[\"https:\/\/www.facebook.com\/Filaplast3D\",\"https:\/\/www.instagram.com\/filaplast3d\/\"]}]}<\/script>\n<!-- \/ Yoast SEO plugin. -->","yoast_head_json":{"title":"re PETG \u010crna - FILAPLAST 3D","robots":{"index":"index","follow":"follow","max-snippet":"max-snippet:-1","max-image-preview":"max-image-preview:large","max-video-preview":"max-video-preview:-1"},"canonical":"https:\/\/filaplast-3d.si\/hr\/product\/re-petg-crna\/","og_locale":"hr_HR","og_type":"article","og_title":"re PETG \u010crna - FILAPLAST 3D","og_description":"re PETG \u010crna  Te\u017ea filamenta: 1000g  Debelina filamenta: 1,75mm  Odkrijte na\u0161 filament re PETG, inovativno re\u0161itev, ki zdru\u017euje vrhunsko kakovost tiskanja z okolju prijaznim pristopom. Ta filament je izdelan iz recikliranega PETG materiala, kar ne le zmanj\u0161uje odpadke, temve\u010d tudi pomaga pri za\u0161\u010diti na\u0161ega planeta.","og_url":"https:\/\/filaplast-3d.si\/hr\/product\/re-petg-crna\/","og_site_name":"FILAPLAST 3D","article_publisher":"https:\/\/www.facebook.com\/Filaplast3D","article_modified_time":"2026-05-14T08:04:15+00:00","og_image":[{"width":1080,"height":1920,"url":"https:\/\/filaplast-3d.si\/wp-content\/uploads\/2024\/11\/instories_0B57D191-2F98-4189-A9C8-85FC45775EF7.png","type":"image\/png"}],"twitter_card":"summary_large_image","twitter_misc":{"Procijenjeno vrijeme \u010ditanja":"2 minute"},"schema":{"@context":"https:\/\/schema.org","@graph":[{"@type":"WebPage","@id":"https:\/\/filaplast-3d.si\/product\/re-petg-crna\/","url":"https:\/\/filaplast-3d.si\/product\/re-petg-crna\/","name":"re PETG \u010crna - FILAPLAST 3D","isPartOf":{"@id":"https:\/\/filaplast-3d.si\/#website"},"primaryImageOfPage":{"@id":"https:\/\/filaplast-3d.si\/product\/re-petg-crna\/#primaryimage"},"image":{"@id":"https:\/\/filaplast-3d.si\/product\/re-petg-crna\/#primaryimage"},"thumbnailUrl":"https:\/\/filaplast-3d.si\/wp-content\/uploads\/2024\/11\/instories_0B57D191-2F98-4189-A9C8-85FC45775EF7.png","datePublished":"2025-08-17T18:13:18+00:00","dateModified":"2026-05-14T08:04:15+00:00","breadcrumb":{"@id":"https:\/\/filaplast-3d.si\/product\/re-petg-crna\/#breadcrumb"},"inLanguage":"hr","potentialAction":[{"@type":"ReadAction","target":["https:\/\/filaplast-3d.si\/product\/re-petg-crna\/"]}]},{"@type":"ImageObject","inLanguage":"hr","@id":"https:\/\/filaplast-3d.si\/product\/re-petg-crna\/#primaryimage","url":"https:\/\/filaplast-3d.si\/wp-content\/uploads\/2024\/11\/instories_0B57D191-2F98-4189-A9C8-85FC45775EF7.png","contentUrl":"https:\/\/filaplast-3d.si\/wp-content\/uploads\/2024\/11\/instories_0B57D191-2F98-4189-A9C8-85FC45775EF7.png","width":1080,"height":1920},{"@type":"BreadcrumbList","@id":"https:\/\/filaplast-3d.si\/product\/re-petg-crna\/#breadcrumb","itemListElement":[{"@type":"ListItem","position":1,"name":"Home","item":"https:\/\/filaplast-3d.si\/"},{"@type":"ListItem","position":2,"name":"Trgovina","item":"https:\/\/filaplast-3d.si\/shop\/"},{"@type":"ListItem","position":3,"name":"re PETG \u010crna"}]},{"@type":"WebSite","@id":"https:\/\/filaplast-3d.si\/#website","url":"https:\/\/filaplast-3d.si\/","name":"Filaplast 3D","description":"Filament za 3D ispis","publisher":{"@id":"https:\/\/filaplast-3d.si\/#organization"},"potentialAction":[{"@type":"SearchAction","target":{"@type":"EntryPoint","urlTemplate":"https:\/\/filaplast-3d.si\/?s={search_term_string}"},"query-input":{"@type":"PropertyValueSpecification","valueRequired":true,"valueName":"search_term_string"}}],"inLanguage":"hr"},{"@type":"Organization","@id":"https:\/\/filaplast-3d.si\/#organization","name":"Filaplast 3D","url":"https:\/\/filaplast-3d.si\/","logo":{"@type":"ImageObject","inLanguage":"hr","@id":"https:\/\/filaplast-3d.si\/#\/schema\/logo\/image\/","url":"https:\/\/filaplast-3d.si\/wp-content\/uploads\/2022\/01\/FILAPLAST_Logo_horizontal_red_1.png","contentUrl":"https:\/\/filaplast-3d.si\/wp-content\/uploads\/2022\/01\/FILAPLAST_Logo_horizontal_red_1.png","width":2000,"height":243,"caption":"Filaplast 3D"},"image":{"@id":"https:\/\/filaplast-3d.si\/#\/schema\/logo\/image\/"},"sameAs":["https:\/\/www.facebook.com\/Filaplast3D","https:\/\/www.instagram.com\/filaplast3d\/"]}]}},"_links":{"self":[{"href":"https:\/\/filaplast-3d.si\/hr\/wp-json\/wp\/v2\/product\/1835","targetHints":{"allow":["GET"]}}],"collection":[{"href":"https:\/\/filaplast-3d.si\/hr\/wp-json\/wp\/v2\/product"}],"about":[{"href":"https:\/\/filaplast-3d.si\/hr\/wp-json\/wp\/v2\/types\/product"}],"replies":[{"embeddable":true,"href":"https:\/\/filaplast-3d.si\/hr\/wp-json\/wp\/v2\/comments?post=1835"}],"wp:featuredmedia":[{"embeddable":true,"href":"https:\/\/filaplast-3d.si\/hr\/wp-json\/wp\/v2\/media\/1546"}],"wp:attachment":[{"href":"https:\/\/filaplast-3d.si\/hr\/wp-json\/wp\/v2\/media?parent=1835"}],"wp:term":[{"taxonomy":"product_brand","embeddable":true,"href":"https:\/\/filaplast-3d.si\/hr\/wp-json\/wp\/v2\/product_brand?post=1835"},{"taxonomy":"product_cat","embeddable":true,"href":"https:\/\/filaplast-3d.si\/hr\/wp-json\/wp\/v2\/product_cat?post=1835"},{"taxonomy":"product_tag","embeddable":true,"href":"https:\/\/filaplast-3d.si\/hr\/wp-json\/wp\/v2\/product_tag?post=1835"}],"curies":[{"name":"wp","href":"https:\/\/api.w.org\/{rel}","templated":true}]}}