{"id":2189,"date":"2026-02-20T12:14:12","date_gmt":"2026-02-20T11:14:12","guid":{"rendered":"https:\/\/filaplast-3d.si\/?post_type=product&#038;p=2189"},"modified":"2026-04-08T10:31:59","modified_gmt":"2026-04-08T08:31:59","slug":"asa-rdeca-800g","status":"publish","type":"product","link":"https:\/\/filaplast-3d.si\/hr\/product\/asa-rdeca-800g\/","title":{"rendered":"ASA Crvena (800g)"},"content":{"rendered":"<p>AMS kompatibilan<\/p>\n<p>Plastika ASA \u2013  akrilonitril stiren akrilat - to je plasti\u010dni materijal uz dobru termi\u010dku i dimenzijsku stabilnost, on ostaje \u010dvrsta i \u017eu\u0107kast \u010dak i pri ni\u017eim temperaturama. Nit usijanja ASA sli\u010dan thread ABS, filamentu, ali ona malo manje nedostatke. Za razliku od ABS-a, a single je otporan na uv zrake od sunca, a to zna\u010di da na suncu boja ne blijedi, kao da je od ABS. Tako\u0111er, me\u0111utim, to je malo lak\u0161e ispisati, jer se ne kr\u0107i kao ABS, ali je uvijek korisno printati u komori.<\/p>\n<p>Debljina jednu nit je 1,75 mm \u00b1 0,03 mm). Nit \u017earulje kompatibilan sa ve\u0107inom 3D pisa\u010da FDM<\/p>\n<p>Preporu\u010dene postavke:<br \/>\nTemperatura mlaznice: 230-260\u00b0C<br \/>\nTemperatura povr\u0161ine: 90-110\u00b0C<br \/>\nMe\u0111utim, imajte na umu da je temperatura mlaznice i povr\u0161ine varira ovisno o primjeni razli\u010ditih 3D pisa\u010da.<\/p>\n<div>Svojstva plasti\u010dnih masa:<\/div>\n<div><\/div>\n<div>\u2022 dobra mehani\u010dka \u010dvrsto\u0107a i tvrdo\u0107a<\/div>\n<div>visoka povr\u0161inska \u010dvrsto\u0107a<\/div>\n<div>\u2022 visoka otpornost na padove viskoznost<\/div>\n<div>\u2022 visoka dimenzija osigurava stabilnost<\/div>\n<div>\u2022 otporan na uv zrake<\/div>","protected":false},"excerpt":{"rendered":"<p>ASA Rde\u010da &#8211; AMS kompatibilno<\/p>\n<p>Te\u017ea filamenta: 800g<\/p>\n<p>Debljina singla: 1,75 mm<\/p>","protected":false},"featured_media":756,"comment_status":"open","ping_status":"closed","template":"","meta":[],"product_brand":[],"product_cat":[97,115],"product_tag":[],"class_list":{"0":"post-2189","1":"product","2":"type-product","3":"status-publish","4":"has-post-thumbnail","6":"product_cat-asa","7":"product_cat-asa-800g","9":"first","10":"instock","11":"sale","12":"taxable","13":"shipping-taxable","14":"purchasable","15":"product-type-simple"},"yoast_head":"<!-- This site is optimized with the Yoast SEO plugin v26.7 - https:\/\/yoast.com\/wordpress\/plugins\/seo\/ -->\n<title>ASA Rde\u010da (800g) - FILAPLAST 3D<\/title>\n<meta name=\"robots\" content=\"index, follow, max-snippet:-1, max-image-preview:large, max-video-preview:-1\" \/>\n<link rel=\"canonical\" href=\"https:\/\/filaplast-3d.si\/hr\/product\/asa-rdeca-800g\/\" \/>\n<meta property=\"og:locale\" content=\"hr_HR\" \/>\n<meta property=\"og:type\" content=\"article\" \/>\n<meta property=\"og:title\" content=\"ASA Rde\u010da (800g) - FILAPLAST 3D\" \/>\n<meta property=\"og:description\" content=\"ASA Rde\u010da - AMS kompatibilno  Te\u017ea filamenta: 800g  Debelina filamenta: 1,75mm\" \/>\n<meta property=\"og:url\" content=\"https:\/\/filaplast-3d.si\/hr\/product\/asa-rdeca-800g\/\" \/>\n<meta property=\"og:site_name\" content=\"FILAPLAST 3D\" \/>\n<meta property=\"article:publisher\" content=\"https:\/\/www.facebook.com\/Filaplast3D\" \/>\n<meta property=\"article:modified_time\" content=\"2026-04-08T08:31:59+00:00\" \/>\n<meta property=\"og:image\" content=\"https:\/\/filaplast-3d.si\/wp-content\/uploads\/2022\/12\/CBA419EC-2DC6-43B7-A5B4-B385EE284389.jpeg\" \/>\n\t<meta property=\"og:image:width\" content=\"1798\" \/>\n\t<meta property=\"og:image:height\" content=\"2110\" \/>\n\t<meta property=\"og:image:type\" content=\"image\/jpeg\" \/>\n<meta name=\"twitter:card\" content=\"summary_large_image\" \/>\n<meta name=\"twitter:label1\" content=\"Procijenjeno vrijeme \u010ditanja\" \/>\n\t<meta name=\"twitter:data1\" content=\"1 minuta\" \/>\n<script type=\"application\/ld+json\" class=\"yoast-schema-graph\">{\"@context\":\"https:\/\/schema.org\",\"@graph\":[{\"@type\":\"WebPage\",\"@id\":\"https:\/\/filaplast-3d.si\/product\/asa-rdeca-800g\/\",\"url\":\"https:\/\/filaplast-3d.si\/product\/asa-rdeca-800g\/\",\"name\":\"ASA Rde\u010da (800g) - FILAPLAST 3D\",\"isPartOf\":{\"@id\":\"https:\/\/filaplast-3d.si\/#website\"},\"primaryImageOfPage\":{\"@id\":\"https:\/\/filaplast-3d.si\/product\/asa-rdeca-800g\/#primaryimage\"},\"image\":{\"@id\":\"https:\/\/filaplast-3d.si\/product\/asa-rdeca-800g\/#primaryimage\"},\"thumbnailUrl\":\"https:\/\/filaplast-3d.si\/wp-content\/uploads\/2022\/12\/CBA419EC-2DC6-43B7-A5B4-B385EE284389.jpeg\",\"datePublished\":\"2026-02-20T11:14:12+00:00\",\"dateModified\":\"2026-04-08T08:31:59+00:00\",\"breadcrumb\":{\"@id\":\"https:\/\/filaplast-3d.si\/product\/asa-rdeca-800g\/#breadcrumb\"},\"inLanguage\":\"hr\",\"potentialAction\":[{\"@type\":\"ReadAction\",\"target\":[\"https:\/\/filaplast-3d.si\/product\/asa-rdeca-800g\/\"]}]},{\"@type\":\"ImageObject\",\"inLanguage\":\"hr\",\"@id\":\"https:\/\/filaplast-3d.si\/product\/asa-rdeca-800g\/#primaryimage\",\"url\":\"https:\/\/filaplast-3d.si\/wp-content\/uploads\/2022\/12\/CBA419EC-2DC6-43B7-A5B4-B385EE284389.jpeg\",\"contentUrl\":\"https:\/\/filaplast-3d.si\/wp-content\/uploads\/2022\/12\/CBA419EC-2DC6-43B7-A5B4-B385EE284389.jpeg\",\"width\":1798,\"height\":2110},{\"@type\":\"BreadcrumbList\",\"@id\":\"https:\/\/filaplast-3d.si\/product\/asa-rdeca-800g\/#breadcrumb\",\"itemListElement\":[{\"@type\":\"ListItem\",\"position\":1,\"name\":\"Home\",\"item\":\"https:\/\/filaplast-3d.si\/\"},{\"@type\":\"ListItem\",\"position\":2,\"name\":\"Trgovina\",\"item\":\"https:\/\/filaplast-3d.si\/shop\/\"},{\"@type\":\"ListItem\",\"position\":3,\"name\":\"ASA Rde\u010da (800g)\"}]},{\"@type\":\"WebSite\",\"@id\":\"https:\/\/filaplast-3d.si\/#website\",\"url\":\"https:\/\/filaplast-3d.si\/\",\"name\":\"Filaplast 3D\",\"description\":\"Filament za 3D tiskanje\",\"publisher\":{\"@id\":\"https:\/\/filaplast-3d.si\/#organization\"},\"potentialAction\":[{\"@type\":\"SearchAction\",\"target\":{\"@type\":\"EntryPoint\",\"urlTemplate\":\"https:\/\/filaplast-3d.si\/?s={search_term_string}\"},\"query-input\":{\"@type\":\"PropertyValueSpecification\",\"valueRequired\":true,\"valueName\":\"search_term_string\"}}],\"inLanguage\":\"hr\"},{\"@type\":\"Organization\",\"@id\":\"https:\/\/filaplast-3d.si\/#organization\",\"name\":\"Filaplast 3D\",\"url\":\"https:\/\/filaplast-3d.si\/\",\"logo\":{\"@type\":\"ImageObject\",\"inLanguage\":\"hr\",\"@id\":\"https:\/\/filaplast-3d.si\/#\/schema\/logo\/image\/\",\"url\":\"https:\/\/filaplast-3d.si\/wp-content\/uploads\/2022\/01\/FILAPLAST_Logo_horizontal_red_1.png\",\"contentUrl\":\"https:\/\/filaplast-3d.si\/wp-content\/uploads\/2022\/01\/FILAPLAST_Logo_horizontal_red_1.png\",\"width\":2000,\"height\":243,\"caption\":\"Filaplast 3D\"},\"image\":{\"@id\":\"https:\/\/filaplast-3d.si\/#\/schema\/logo\/image\/\"},\"sameAs\":[\"https:\/\/www.facebook.com\/Filaplast3D\",\"https:\/\/www.instagram.com\/filaplast3d\/\"]}]}<\/script>\n<!-- \/ Yoast SEO plugin. -->","yoast_head_json":{"title":"ASA Rde\u010da (800g) - FILAPLAST 3D","robots":{"index":"index","follow":"follow","max-snippet":"max-snippet:-1","max-image-preview":"max-image-preview:large","max-video-preview":"max-video-preview:-1"},"canonical":"https:\/\/filaplast-3d.si\/hr\/product\/asa-rdeca-800g\/","og_locale":"hr_HR","og_type":"article","og_title":"ASA Rde\u010da (800g) - FILAPLAST 3D","og_description":"ASA Rde\u010da - AMS kompatibilno  Te\u017ea filamenta: 800g  Debelina filamenta: 1,75mm","og_url":"https:\/\/filaplast-3d.si\/hr\/product\/asa-rdeca-800g\/","og_site_name":"FILAPLAST 3D","article_publisher":"https:\/\/www.facebook.com\/Filaplast3D","article_modified_time":"2026-04-08T08:31:59+00:00","og_image":[{"width":1798,"height":2110,"url":"https:\/\/filaplast-3d.si\/wp-content\/uploads\/2022\/12\/CBA419EC-2DC6-43B7-A5B4-B385EE284389.jpeg","type":"image\/jpeg"}],"twitter_card":"summary_large_image","twitter_misc":{"Procijenjeno vrijeme \u010ditanja":"1 minuta"},"schema":{"@context":"https:\/\/schema.org","@graph":[{"@type":"WebPage","@id":"https:\/\/filaplast-3d.si\/product\/asa-rdeca-800g\/","url":"https:\/\/filaplast-3d.si\/product\/asa-rdeca-800g\/","name":"ASA Rde\u010da (800g) - FILAPLAST 3D","isPartOf":{"@id":"https:\/\/filaplast-3d.si\/#website"},"primaryImageOfPage":{"@id":"https:\/\/filaplast-3d.si\/product\/asa-rdeca-800g\/#primaryimage"},"image":{"@id":"https:\/\/filaplast-3d.si\/product\/asa-rdeca-800g\/#primaryimage"},"thumbnailUrl":"https:\/\/filaplast-3d.si\/wp-content\/uploads\/2022\/12\/CBA419EC-2DC6-43B7-A5B4-B385EE284389.jpeg","datePublished":"2026-02-20T11:14:12+00:00","dateModified":"2026-04-08T08:31:59+00:00","breadcrumb":{"@id":"https:\/\/filaplast-3d.si\/product\/asa-rdeca-800g\/#breadcrumb"},"inLanguage":"hr","potentialAction":[{"@type":"ReadAction","target":["https:\/\/filaplast-3d.si\/product\/asa-rdeca-800g\/"]}]},{"@type":"ImageObject","inLanguage":"hr","@id":"https:\/\/filaplast-3d.si\/product\/asa-rdeca-800g\/#primaryimage","url":"https:\/\/filaplast-3d.si\/wp-content\/uploads\/2022\/12\/CBA419EC-2DC6-43B7-A5B4-B385EE284389.jpeg","contentUrl":"https:\/\/filaplast-3d.si\/wp-content\/uploads\/2022\/12\/CBA419EC-2DC6-43B7-A5B4-B385EE284389.jpeg","width":1798,"height":2110},{"@type":"BreadcrumbList","@id":"https:\/\/filaplast-3d.si\/product\/asa-rdeca-800g\/#breadcrumb","itemListElement":[{"@type":"ListItem","position":1,"name":"Home","item":"https:\/\/filaplast-3d.si\/"},{"@type":"ListItem","position":2,"name":"Trgovina","item":"https:\/\/filaplast-3d.si\/shop\/"},{"@type":"ListItem","position":3,"name":"ASA Rde\u010da (800g)"}]},{"@type":"WebSite","@id":"https:\/\/filaplast-3d.si\/#website","url":"https:\/\/filaplast-3d.si\/","name":"Filaplast 3D","description":"Filament za 3D ispis","publisher":{"@id":"https:\/\/filaplast-3d.si\/#organization"},"potentialAction":[{"@type":"SearchAction","target":{"@type":"EntryPoint","urlTemplate":"https:\/\/filaplast-3d.si\/?s={search_term_string}"},"query-input":{"@type":"PropertyValueSpecification","valueRequired":true,"valueName":"search_term_string"}}],"inLanguage":"hr"},{"@type":"Organization","@id":"https:\/\/filaplast-3d.si\/#organization","name":"Filaplast 3D","url":"https:\/\/filaplast-3d.si\/","logo":{"@type":"ImageObject","inLanguage":"hr","@id":"https:\/\/filaplast-3d.si\/#\/schema\/logo\/image\/","url":"https:\/\/filaplast-3d.si\/wp-content\/uploads\/2022\/01\/FILAPLAST_Logo_horizontal_red_1.png","contentUrl":"https:\/\/filaplast-3d.si\/wp-content\/uploads\/2022\/01\/FILAPLAST_Logo_horizontal_red_1.png","width":2000,"height":243,"caption":"Filaplast 3D"},"image":{"@id":"https:\/\/filaplast-3d.si\/#\/schema\/logo\/image\/"},"sameAs":["https:\/\/www.facebook.com\/Filaplast3D","https:\/\/www.instagram.com\/filaplast3d\/"]}]}},"_links":{"self":[{"href":"https:\/\/filaplast-3d.si\/hr\/wp-json\/wp\/v2\/product\/2189","targetHints":{"allow":["GET"]}}],"collection":[{"href":"https:\/\/filaplast-3d.si\/hr\/wp-json\/wp\/v2\/product"}],"about":[{"href":"https:\/\/filaplast-3d.si\/hr\/wp-json\/wp\/v2\/types\/product"}],"replies":[{"embeddable":true,"href":"https:\/\/filaplast-3d.si\/hr\/wp-json\/wp\/v2\/comments?post=2189"}],"wp:featuredmedia":[{"embeddable":true,"href":"https:\/\/filaplast-3d.si\/hr\/wp-json\/wp\/v2\/media\/756"}],"wp:attachment":[{"href":"https:\/\/filaplast-3d.si\/hr\/wp-json\/wp\/v2\/media?parent=2189"}],"wp:term":[{"taxonomy":"product_brand","embeddable":true,"href":"https:\/\/filaplast-3d.si\/hr\/wp-json\/wp\/v2\/product_brand?post=2189"},{"taxonomy":"product_cat","embeddable":true,"href":"https:\/\/filaplast-3d.si\/hr\/wp-json\/wp\/v2\/product_cat?post=2189"},{"taxonomy":"product_tag","embeddable":true,"href":"https:\/\/filaplast-3d.si\/hr\/wp-json\/wp\/v2\/product_tag?post=2189"}],"curies":[{"name":"wp","href":"https:\/\/api.w.org\/{rel}","templated":true}]}}