{"id":637,"date":"2022-10-16T19:11:10","date_gmt":"2022-10-16T17:11:10","guid":{"rendered":"https:\/\/filaplast-3d.si\/?post_type=product&#038;p=637"},"modified":"2026-04-08T10:32:14","modified_gmt":"2026-04-08T08:32:14","slug":"pla-multicolor","status":"publish","type":"product","link":"https:\/\/filaplast-3d.si\/hr\/product\/pla-multicolor\/","title":{"rendered":"PLA multicolor"},"content":{"rendered":"<p>PLA Multicolor je filament kateremu se barva preliva iz modre v zeleno.<\/p>\n<p>PLA (polikliti\u010dka kiselina) filamenti se naj\u010de\u0161\u0107e koriste zbog jednostavnosti ispisa, budu\u0107i da se ne savijaju niti skupljaju tijekom ispisa toliko kao filamenti izra\u0111eni od drugih materijala. Jo\u0161 jedna prednost PLA je \u0161to je ekolo\u0161ki prihvatljiviji od ostalih filamenata, jer je izra\u0111en od biomaterijala i biorazgradiv.<\/p>\n<p>Debljina filamenta je 1,75 mm (\u00b1 0,05 mm). Filament je kompatibilan s ve\u0107inom FDM 3D printera<\/p>\n<p>Preporu\u010dene postavke:<br \/>\nTemperatura mlaznice: 190-230\u00b0C<br \/>\nTemperatura stola: 0-60\u00b0C<br \/>\nMe\u0111utim, imajte na umu da je temperatura mlaznice i povr\u0161ine varira ovisno o primjeni razli\u010ditih 3D pisa\u010da.<\/p>","protected":false},"excerpt":{"rendered":"<p>PLA Multicolor &#8211; PLA Multicolor je filament kateremu se barva preliva iz modre v zeleno<\/p>\n<p>Te\u017eina filamenta: 1000 g<\/p>\n<p>Debljina singla: 1,75 mm<\/p>","protected":false},"featured_media":638,"comment_status":"open","ping_status":"closed","template":"","meta":[],"product_brand":[],"product_cat":[21,84],"product_tag":[],"class_list":{"0":"post-637","1":"product","2":"type-product","3":"status-publish","4":"has-post-thumbnail","6":"product_cat-pla","7":"product_cat-pla-posebni","9":"first","10":"instock","11":"sale","12":"featured","13":"taxable","14":"shipping-taxable","15":"purchasable","16":"product-type-simple"},"yoast_head":"<!-- This site is optimized with the Yoast SEO plugin v26.7 - https:\/\/yoast.com\/wordpress\/plugins\/seo\/ -->\n<title>PLA Multicolor - FILAPLAST 3D<\/title>\n<meta name=\"description\" content=\"FILAPLAST 3D PLA Multicolor - PLA Multicolor je filament kateremu se barva preliva iz modre v zeleno. Vsi Filaplast 3D filamenti so proizvedeni v Sloveniji.\" \/>\n<meta name=\"robots\" content=\"index, follow, max-snippet:-1, max-image-preview:large, max-video-preview:-1\" \/>\n<link rel=\"canonical\" href=\"https:\/\/filaplast-3d.si\/hr\/product\/pla-multicolor\/\" \/>\n<meta property=\"og:locale\" content=\"hr_HR\" \/>\n<meta property=\"og:type\" content=\"article\" \/>\n<meta property=\"og:title\" content=\"PLA Multicolor - FILAPLAST 3D\" \/>\n<meta property=\"og:description\" content=\"FILAPLAST 3D PLA Multicolor - PLA Multicolor je filament kateremu se barva preliva iz modre v zeleno. Vsi Filaplast 3D filamenti so proizvedeni v Sloveniji.\" \/>\n<meta property=\"og:url\" content=\"https:\/\/filaplast-3d.si\/hr\/product\/pla-multicolor\/\" \/>\n<meta property=\"og:site_name\" content=\"FILAPLAST 3D\" \/>\n<meta property=\"article:publisher\" content=\"https:\/\/www.facebook.com\/Filaplast3D\" \/>\n<meta property=\"article:modified_time\" content=\"2026-04-08T08:32:14+00:00\" \/>\n<meta property=\"og:image\" content=\"https:\/\/filaplast-3d.si\/wp-content\/uploads\/2022\/10\/PLA-Multicolor.jpg\" \/>\n\t<meta property=\"og:image:width\" content=\"1800\" \/>\n\t<meta property=\"og:image:height\" content=\"2222\" \/>\n\t<meta property=\"og:image:type\" content=\"image\/jpeg\" \/>\n<meta name=\"twitter:card\" content=\"summary_large_image\" \/>\n<meta name=\"twitter:label1\" content=\"Procijenjeno vrijeme \u010ditanja\" \/>\n\t<meta name=\"twitter:data1\" content=\"1 minuta\" \/>\n<script type=\"application\/ld+json\" class=\"yoast-schema-graph\">{\"@context\":\"https:\/\/schema.org\",\"@graph\":[{\"@type\":\"WebPage\",\"@id\":\"https:\/\/filaplast-3d.si\/product\/pla-multicolor\/\",\"url\":\"https:\/\/filaplast-3d.si\/product\/pla-multicolor\/\",\"name\":\"PLA Multicolor - FILAPLAST 3D\",\"isPartOf\":{\"@id\":\"https:\/\/filaplast-3d.si\/#website\"},\"primaryImageOfPage\":{\"@id\":\"https:\/\/filaplast-3d.si\/product\/pla-multicolor\/#primaryimage\"},\"image\":{\"@id\":\"https:\/\/filaplast-3d.si\/product\/pla-multicolor\/#primaryimage\"},\"thumbnailUrl\":\"https:\/\/filaplast-3d.si\/wp-content\/uploads\/2022\/10\/PLA-Multicolor.jpg\",\"datePublished\":\"2022-10-16T17:11:10+00:00\",\"dateModified\":\"2026-04-08T08:32:14+00:00\",\"description\":\"FILAPLAST 3D PLA Multicolor - PLA Multicolor je filament kateremu se barva preliva iz modre v zeleno. Vsi Filaplast 3D filamenti so proizvedeni v Sloveniji.\",\"breadcrumb\":{\"@id\":\"https:\/\/filaplast-3d.si\/product\/pla-multicolor\/#breadcrumb\"},\"inLanguage\":\"hr\",\"potentialAction\":[{\"@type\":\"ReadAction\",\"target\":[\"https:\/\/filaplast-3d.si\/product\/pla-multicolor\/\"]}]},{\"@type\":\"ImageObject\",\"inLanguage\":\"hr\",\"@id\":\"https:\/\/filaplast-3d.si\/product\/pla-multicolor\/#primaryimage\",\"url\":\"https:\/\/filaplast-3d.si\/wp-content\/uploads\/2022\/10\/PLA-Multicolor.jpg\",\"contentUrl\":\"https:\/\/filaplast-3d.si\/wp-content\/uploads\/2022\/10\/PLA-Multicolor.jpg\",\"width\":1800,\"height\":2222},{\"@type\":\"BreadcrumbList\",\"@id\":\"https:\/\/filaplast-3d.si\/product\/pla-multicolor\/#breadcrumb\",\"itemListElement\":[{\"@type\":\"ListItem\",\"position\":1,\"name\":\"Home\",\"item\":\"https:\/\/filaplast-3d.si\/\"},{\"@type\":\"ListItem\",\"position\":2,\"name\":\"Trgovina\",\"item\":\"https:\/\/filaplast-3d.si\/shop\/\"},{\"@type\":\"ListItem\",\"position\":3,\"name\":\"PLA Multicolor\"}]},{\"@type\":\"WebSite\",\"@id\":\"https:\/\/filaplast-3d.si\/#website\",\"url\":\"https:\/\/filaplast-3d.si\/\",\"name\":\"Filaplast 3D\",\"description\":\"Filament za 3D tiskanje\",\"publisher\":{\"@id\":\"https:\/\/filaplast-3d.si\/#organization\"},\"potentialAction\":[{\"@type\":\"SearchAction\",\"target\":{\"@type\":\"EntryPoint\",\"urlTemplate\":\"https:\/\/filaplast-3d.si\/?s={search_term_string}\"},\"query-input\":{\"@type\":\"PropertyValueSpecification\",\"valueRequired\":true,\"valueName\":\"search_term_string\"}}],\"inLanguage\":\"hr\"},{\"@type\":\"Organization\",\"@id\":\"https:\/\/filaplast-3d.si\/#organization\",\"name\":\"Filaplast 3D\",\"url\":\"https:\/\/filaplast-3d.si\/\",\"logo\":{\"@type\":\"ImageObject\",\"inLanguage\":\"hr\",\"@id\":\"https:\/\/filaplast-3d.si\/#\/schema\/logo\/image\/\",\"url\":\"https:\/\/filaplast-3d.si\/wp-content\/uploads\/2022\/01\/FILAPLAST_Logo_horizontal_red_1.png\",\"contentUrl\":\"https:\/\/filaplast-3d.si\/wp-content\/uploads\/2022\/01\/FILAPLAST_Logo_horizontal_red_1.png\",\"width\":2000,\"height\":243,\"caption\":\"Filaplast 3D\"},\"image\":{\"@id\":\"https:\/\/filaplast-3d.si\/#\/schema\/logo\/image\/\"},\"sameAs\":[\"https:\/\/www.facebook.com\/Filaplast3D\",\"https:\/\/www.instagram.com\/filaplast3d\/\"]}]}<\/script>\n<!-- \/ Yoast SEO plugin. -->","yoast_head_json":{"title":"PLA Multicolor - FILAPLAST 3D","description":"FILAPLAST 3D PLA Multicolor - PLA Multicolor je filament kateremu se barva preliva iz modre v zeleno. Vsi Filaplast 3D filamenti so proizvedeni v Sloveniji.","robots":{"index":"index","follow":"follow","max-snippet":"max-snippet:-1","max-image-preview":"max-image-preview:large","max-video-preview":"max-video-preview:-1"},"canonical":"https:\/\/filaplast-3d.si\/hr\/product\/pla-multicolor\/","og_locale":"hr_HR","og_type":"article","og_title":"PLA Multicolor - FILAPLAST 3D","og_description":"FILAPLAST 3D PLA Multicolor - PLA Multicolor je filament kateremu se barva preliva iz modre v zeleno. Vsi Filaplast 3D filamenti so proizvedeni v Sloveniji.","og_url":"https:\/\/filaplast-3d.si\/hr\/product\/pla-multicolor\/","og_site_name":"FILAPLAST 3D","article_publisher":"https:\/\/www.facebook.com\/Filaplast3D","article_modified_time":"2026-04-08T08:32:14+00:00","og_image":[{"width":1800,"height":2222,"url":"https:\/\/filaplast-3d.si\/wp-content\/uploads\/2022\/10\/PLA-Multicolor.jpg","type":"image\/jpeg"}],"twitter_card":"summary_large_image","twitter_misc":{"Procijenjeno vrijeme \u010ditanja":"1 minuta"},"schema":{"@context":"https:\/\/schema.org","@graph":[{"@type":"WebPage","@id":"https:\/\/filaplast-3d.si\/product\/pla-multicolor\/","url":"https:\/\/filaplast-3d.si\/product\/pla-multicolor\/","name":"PLA Multicolor - FILAPLAST 3D","isPartOf":{"@id":"https:\/\/filaplast-3d.si\/#website"},"primaryImageOfPage":{"@id":"https:\/\/filaplast-3d.si\/product\/pla-multicolor\/#primaryimage"},"image":{"@id":"https:\/\/filaplast-3d.si\/product\/pla-multicolor\/#primaryimage"},"thumbnailUrl":"https:\/\/filaplast-3d.si\/wp-content\/uploads\/2022\/10\/PLA-Multicolor.jpg","datePublished":"2022-10-16T17:11:10+00:00","dateModified":"2026-04-08T08:32:14+00:00","description":"FILAPLAST 3D PLA Multicolor - PLA Multicolor je filament kateremu se barva preliva iz modre v zeleno. Vsi Filaplast 3D filamenti so proizvedeni v Sloveniji.","breadcrumb":{"@id":"https:\/\/filaplast-3d.si\/product\/pla-multicolor\/#breadcrumb"},"inLanguage":"hr","potentialAction":[{"@type":"ReadAction","target":["https:\/\/filaplast-3d.si\/product\/pla-multicolor\/"]}]},{"@type":"ImageObject","inLanguage":"hr","@id":"https:\/\/filaplast-3d.si\/product\/pla-multicolor\/#primaryimage","url":"https:\/\/filaplast-3d.si\/wp-content\/uploads\/2022\/10\/PLA-Multicolor.jpg","contentUrl":"https:\/\/filaplast-3d.si\/wp-content\/uploads\/2022\/10\/PLA-Multicolor.jpg","width":1800,"height":2222},{"@type":"BreadcrumbList","@id":"https:\/\/filaplast-3d.si\/product\/pla-multicolor\/#breadcrumb","itemListElement":[{"@type":"ListItem","position":1,"name":"Home","item":"https:\/\/filaplast-3d.si\/"},{"@type":"ListItem","position":2,"name":"Trgovina","item":"https:\/\/filaplast-3d.si\/shop\/"},{"@type":"ListItem","position":3,"name":"PLA Multicolor"}]},{"@type":"WebSite","@id":"https:\/\/filaplast-3d.si\/#website","url":"https:\/\/filaplast-3d.si\/","name":"Filaplast 3D","description":"Filament za 3D ispis","publisher":{"@id":"https:\/\/filaplast-3d.si\/#organization"},"potentialAction":[{"@type":"SearchAction","target":{"@type":"EntryPoint","urlTemplate":"https:\/\/filaplast-3d.si\/?s={search_term_string}"},"query-input":{"@type":"PropertyValueSpecification","valueRequired":true,"valueName":"search_term_string"}}],"inLanguage":"hr"},{"@type":"Organization","@id":"https:\/\/filaplast-3d.si\/#organization","name":"Filaplast 3D","url":"https:\/\/filaplast-3d.si\/","logo":{"@type":"ImageObject","inLanguage":"hr","@id":"https:\/\/filaplast-3d.si\/#\/schema\/logo\/image\/","url":"https:\/\/filaplast-3d.si\/wp-content\/uploads\/2022\/01\/FILAPLAST_Logo_horizontal_red_1.png","contentUrl":"https:\/\/filaplast-3d.si\/wp-content\/uploads\/2022\/01\/FILAPLAST_Logo_horizontal_red_1.png","width":2000,"height":243,"caption":"Filaplast 3D"},"image":{"@id":"https:\/\/filaplast-3d.si\/#\/schema\/logo\/image\/"},"sameAs":["https:\/\/www.facebook.com\/Filaplast3D","https:\/\/www.instagram.com\/filaplast3d\/"]}]}},"_links":{"self":[{"href":"https:\/\/filaplast-3d.si\/hr\/wp-json\/wp\/v2\/product\/637","targetHints":{"allow":["GET"]}}],"collection":[{"href":"https:\/\/filaplast-3d.si\/hr\/wp-json\/wp\/v2\/product"}],"about":[{"href":"https:\/\/filaplast-3d.si\/hr\/wp-json\/wp\/v2\/types\/product"}],"replies":[{"embeddable":true,"href":"https:\/\/filaplast-3d.si\/hr\/wp-json\/wp\/v2\/comments?post=637"}],"wp:featuredmedia":[{"embeddable":true,"href":"https:\/\/filaplast-3d.si\/hr\/wp-json\/wp\/v2\/media\/638"}],"wp:attachment":[{"href":"https:\/\/filaplast-3d.si\/hr\/wp-json\/wp\/v2\/media?parent=637"}],"wp:term":[{"taxonomy":"product_brand","embeddable":true,"href":"https:\/\/filaplast-3d.si\/hr\/wp-json\/wp\/v2\/product_brand?post=637"},{"taxonomy":"product_cat","embeddable":true,"href":"https:\/\/filaplast-3d.si\/hr\/wp-json\/wp\/v2\/product_cat?post=637"},{"taxonomy":"product_tag","embeddable":true,"href":"https:\/\/filaplast-3d.si\/hr\/wp-json\/wp\/v2\/product_tag?post=637"}],"curies":[{"name":"wp","href":"https:\/\/api.w.org\/{rel}","templated":true}]}}